{"id":700753,"date":"2025-06-14T17:49:46","date_gmt":"2025-06-14T14:49:46","guid":{"rendered":"https:\/\/nextsnkr.com\/product\/air-jordan-1-low-red\/"},"modified":"2026-01-31T18:04:29","modified_gmt":"2026-01-31T15:04:29","slug":"air-jordan-1-low-red","status":"publish","type":"product","link":"https:\/\/nextsnkr.com\/fr\/produit\/air-jordan-1-low-red\/","title":{"rendered":"Baskets Air Jordan 1 Low Red-baskets Premium en cuir rouge"},"content":{"rendered":"<h2>Baskets Air Jordan 1 Low Red-baskets Premium en cuir rouge<\/h2>\n<p>Les baskets Air Jordan 1 Low Red sont fabriqu\u00e9es en cuir de haute qualit\u00e9 pour une durabilit\u00e9, un confort et un look \u00e9l\u00e9gant. La couleur rouge vif souligne le design moderne et rend le mod\u00e8le visible et polyvalent pour le style urbain. La semelle souple amortit le pas et soutient le pied tout au long de la journ\u00e9e, offrant un confort de port quotidien. Les baskets Premium Air Jordan 1 allient une marque l\u00e9gendaire, un confort et un look tendance.<\/p>\n","protected":false},"excerpt":{"rendered":"<p>Les baskets Air Jordan 1 Low Red sont fabriqu\u00e9es en cuir de haute qualit\u00e9 pour une durabilit\u00e9, un confort et un look \u00e9l\u00e9gant. La couleur rouge vif souligne le design moderne et rend le mod\u00e8le visible et polyvalent pour le style urbain. La semelle souple amortit le pas et soutient le pied tout au long de la journ\u00e9e, offrant un confort de port quotidien. Les baskets Premium Air Jordan 1 allient une marque l\u00e9gendaire, un confort et un look tendance.<\/p>\n","protected":false},"featured_media":700754,"comment_status":"open","ping_status":"open","template":"","meta":[],"product_brand":[],"product_cat":[3384,3212,3319],"product_tag":[],"class_list":{"0":"post-700753","1":"product","2":"type-product","3":"status-publish","4":"has-post-thumbnail","6":"product_cat-nike-jordan","7":"product_cat-all-product","8":"product_cat-kedy","9":"pa_rozmir-910","10":"pa_rozmir-912","11":"pa_rozmir-914","12":"pa_rozmir-915","13":"pa_rozmir-916","14":"pa_rozmir-917","15":"pa_rozmir-918","16":"pa_rozmir-919","17":"pa_rozmir-920","18":"pa_rozmir-921","19":"pa_rozmir-922","21":"first","22":"instock","23":"purchasable","24":"product-type-variable"},"_links":{"self":[{"href":"https:\/\/nextsnkr.com\/fr\/wp-json\/wp\/v2\/product\/700753","targetHints":{"allow":["GET"]}}],"collection":[{"href":"https:\/\/nextsnkr.com\/fr\/wp-json\/wp\/v2\/product"}],"about":[{"href":"https:\/\/nextsnkr.com\/fr\/wp-json\/wp\/v2\/types\/product"}],"replies":[{"embeddable":true,"href":"https:\/\/nextsnkr.com\/fr\/wp-json\/wp\/v2\/comments?post=700753"}],"version-history":[{"count":0,"href":"https:\/\/nextsnkr.com\/fr\/wp-json\/wp\/v2\/product\/700753\/revisions"}],"wp:featuredmedia":[{"embeddable":true,"href":"https:\/\/nextsnkr.com\/fr\/wp-json\/wp\/v2\/media\/700754"}],"wp:attachment":[{"href":"https:\/\/nextsnkr.com\/fr\/wp-json\/wp\/v2\/media?parent=700753"}],"wp:term":[{"taxonomy":"product_brand","embeddable":true,"href":"https:\/\/nextsnkr.com\/fr\/wp-json\/wp\/v2\/product_brand?post=700753"},{"taxonomy":"product_cat","embeddable":true,"href":"https:\/\/nextsnkr.com\/fr\/wp-json\/wp\/v2\/product_cat?post=700753"},{"taxonomy":"product_tag","embeddable":true,"href":"https:\/\/nextsnkr.com\/fr\/wp-json\/wp\/v2\/product_tag?post=700753"}],"curies":[{"name":"wp","href":"https:\/\/api.w.org\/{rel}","templated":true}]}}