{"id":700075,"date":"2025-06-14T17:52:19","date_gmt":"2025-06-14T14:52:19","guid":{"rendered":"https:\/\/nextsnkr.com\/product\/air-jordan-low-paris\/"},"modified":"2026-01-31T18:03:58","modified_gmt":"2026-01-31T15:03:58","slug":"air-jordan-low-paris","status":"publish","type":"product","link":"https:\/\/nextsnkr.com\/fr\/produit\/air-jordan-low-paris\/","title":{"rendered":"Air Jordan Low Paris &#8211; baskets en cuir haut de gamme"},"content":{"rendered":"<h2>Air Jordan Low Paris &#8211; baskets en cuir haut de gamme<\/h2>\n<p>Les baskets air Jordan Low Paris sont un mod\u00e8le \u00e9l\u00e9gant en cuir v\u00e9ritable alliant confort et design haut de gamme. La silhouette basse offre une libert\u00e9 de mouvement et un ajustement confortable, tandis que des mat\u00e9riaux de qualit\u00e9 garantissent la durabilit\u00e9 et la durabilit\u00e9 pendant le port quotidien. Un design \u00e9l\u00e9gant avec des d\u00e9tails uniques Paris souligne l&rsquo;individualit\u00e9 et fait des baskets le choix id\u00e9al pour un look sportif et urbain.<\/p>\n","protected":false},"excerpt":{"rendered":"<p>Les baskets air Jordan Low Paris sont un mod\u00e8le \u00e9l\u00e9gant en cuir v\u00e9ritable alliant confort et design haut de gamme. La silhouette basse offre une libert\u00e9 de mouvement et un ajustement confortable, tandis que des mat\u00e9riaux de qualit\u00e9 garantissent la durabilit\u00e9 et la durabilit\u00e9 pendant le port quotidien. Un design \u00e9l\u00e9gant avec des d\u00e9tails uniques Paris souligne l&rsquo;individualit\u00e9 et fait des baskets le choix id\u00e9al pour un look sportif et urbain.<\/p>\n","protected":false},"featured_media":700076,"comment_status":"open","ping_status":"open","template":"","meta":[],"product_brand":[],"product_cat":[3384,3212,3319],"product_tag":[],"class_list":{"0":"post-700075","1":"product","2":"type-product","3":"status-publish","4":"has-post-thumbnail","6":"product_cat-nike-jordan","7":"product_cat-all-product","8":"product_cat-kedy","9":"pa_rozmir-910","10":"pa_rozmir-912","11":"pa_rozmir-914","12":"pa_rozmir-915","13":"pa_rozmir-916","14":"pa_rozmir-917","15":"pa_rozmir-918","16":"pa_rozmir-919","17":"pa_rozmir-920","18":"pa_rozmir-921","19":"pa_rozmir-922","21":"first","22":"onbackorder","23":"purchasable","24":"product-type-variable"},"_links":{"self":[{"href":"https:\/\/nextsnkr.com\/fr\/wp-json\/wp\/v2\/product\/700075","targetHints":{"allow":["GET"]}}],"collection":[{"href":"https:\/\/nextsnkr.com\/fr\/wp-json\/wp\/v2\/product"}],"about":[{"href":"https:\/\/nextsnkr.com\/fr\/wp-json\/wp\/v2\/types\/product"}],"replies":[{"embeddable":true,"href":"https:\/\/nextsnkr.com\/fr\/wp-json\/wp\/v2\/comments?post=700075"}],"version-history":[{"count":0,"href":"https:\/\/nextsnkr.com\/fr\/wp-json\/wp\/v2\/product\/700075\/revisions"}],"wp:featuredmedia":[{"embeddable":true,"href":"https:\/\/nextsnkr.com\/fr\/wp-json\/wp\/v2\/media\/700076"}],"wp:attachment":[{"href":"https:\/\/nextsnkr.com\/fr\/wp-json\/wp\/v2\/media?parent=700075"}],"wp:term":[{"taxonomy":"product_brand","embeddable":true,"href":"https:\/\/nextsnkr.com\/fr\/wp-json\/wp\/v2\/product_brand?post=700075"},{"taxonomy":"product_cat","embeddable":true,"href":"https:\/\/nextsnkr.com\/fr\/wp-json\/wp\/v2\/product_cat?post=700075"},{"taxonomy":"product_tag","embeddable":true,"href":"https:\/\/nextsnkr.com\/fr\/wp-json\/wp\/v2\/product_tag?post=700075"}],"curies":[{"name":"wp","href":"https:\/\/api.w.org\/{rel}","templated":true}]}}