{"id":696329,"date":"2025-06-16T21:49:05","date_gmt":"2025-06-16T18:49:05","guid":{"rendered":"https:\/\/nextsnkr.com\/product\/converse-white\/"},"modified":"2026-01-31T18:02:03","modified_gmt":"2026-01-31T15:02:03","slug":"converse-white","status":"publish","type":"product","link":"https:\/\/nextsnkr.com\/fr\/produit\/converse-white\/","title":{"rendered":"Les baskets Converse White en textile sont classiques et confortables pour un port quotidien"},"content":{"rendered":"<h2>Les baskets Converse White en textile sont classiques et confortables pour un port quotidien<\/h2>\n<p>Converse White-baskets \u00e9l\u00e9gantes en Textiles de haute qualit\u00e9, alliant l\u00e9g\u00e8ret\u00e9, confort et design polyvalent. La couleur blanche classique est facile \u00e0 assortir \u00e0 n&rsquo;importe quelle fa\u00e7on, et la semelle robuste offre un amorti et une durabilit\u00e9 fiables. Fabriqu\u00e9es au Vietnam, ces baskets Converse sont id\u00e9ales pour la vie urbaine active, l&rsquo;utilisation quotidienne et la cr\u00e9ation d&rsquo;un look \u00e0 la mode et moderne.<\/p>\n","protected":false},"excerpt":{"rendered":"<p>Converse White-baskets \u00e9l\u00e9gantes en Textiles de haute qualit\u00e9, alliant l\u00e9g\u00e8ret\u00e9, confort et design polyvalent. La couleur blanche classique est facile \u00e0 assortir \u00e0 n&rsquo;importe quelle fa\u00e7on, et la semelle robuste offre un amorti et une durabilit\u00e9 fiables. Fabriqu\u00e9es au Vietnam, ces baskets Converse sont id\u00e9ales pour la vie urbaine active, l&rsquo;utilisation quotidienne et la cr\u00e9ation d&rsquo;un look \u00e0 la mode et moderne.<\/p>\n","protected":false},"featured_media":696330,"comment_status":"open","ping_status":"open","template":"","meta":[],"product_brand":[],"product_cat":[3212,3319],"product_tag":[],"class_list":{"0":"post-696329","1":"product","2":"type-product","3":"status-publish","4":"has-post-thumbnail","6":"product_cat-all-product","7":"product_cat-kedy","8":"pa_rozmir-910","9":"pa_rozmir-912","10":"pa_rozmir-914","11":"pa_rozmir-915","12":"pa_rozmir-916","13":"pa_rozmir-917","14":"pa_rozmir-918","15":"pa_rozmir-919","16":"pa_rozmir-920","17":"pa_rozmir-921","18":"pa_rozmir-922","20":"first","21":"onbackorder","22":"purchasable","23":"product-type-variable"},"_links":{"self":[{"href":"https:\/\/nextsnkr.com\/fr\/wp-json\/wp\/v2\/product\/696329","targetHints":{"allow":["GET"]}}],"collection":[{"href":"https:\/\/nextsnkr.com\/fr\/wp-json\/wp\/v2\/product"}],"about":[{"href":"https:\/\/nextsnkr.com\/fr\/wp-json\/wp\/v2\/types\/product"}],"replies":[{"embeddable":true,"href":"https:\/\/nextsnkr.com\/fr\/wp-json\/wp\/v2\/comments?post=696329"}],"version-history":[{"count":0,"href":"https:\/\/nextsnkr.com\/fr\/wp-json\/wp\/v2\/product\/696329\/revisions"}],"wp:featuredmedia":[{"embeddable":true,"href":"https:\/\/nextsnkr.com\/fr\/wp-json\/wp\/v2\/media\/696330"}],"wp:attachment":[{"href":"https:\/\/nextsnkr.com\/fr\/wp-json\/wp\/v2\/media?parent=696329"}],"wp:term":[{"taxonomy":"product_brand","embeddable":true,"href":"https:\/\/nextsnkr.com\/fr\/wp-json\/wp\/v2\/product_brand?post=696329"},{"taxonomy":"product_cat","embeddable":true,"href":"https:\/\/nextsnkr.com\/fr\/wp-json\/wp\/v2\/product_cat?post=696329"},{"taxonomy":"product_tag","embeddable":true,"href":"https:\/\/nextsnkr.com\/fr\/wp-json\/wp\/v2\/product_tag?post=696329"}],"curies":[{"name":"wp","href":"https:\/\/api.w.org\/{rel}","templated":true}]}}