{"id":694632,"date":"2025-06-18T19:24:19","date_gmt":"2025-06-18T16:24:19","guid":{"rendered":"https:\/\/nextsnkr.com\/product\/trainer-sneaker-cream\/"},"modified":"2026-01-31T18:01:14","modified_gmt":"2026-01-31T15:01:14","slug":"trainer-sneaker-cream","status":"publish","type":"product","link":"https:\/\/nextsnkr.com\/fr\/produit\/trainer-sneaker-cream\/","title":{"rendered":"Baskets Trainer Sneaker Cream-baskets \u00e9l\u00e9gantes en cuir et en textile"},"content":{"rendered":"<h2>Baskets Trainer Sneaker Cream-baskets \u00e9l\u00e9gantes en cuir et en textile<\/h2>\n<p>Les baskets Trainer Sneaker Cream combinent cuir et textile pour offrir confort et durabilit\u00e9. Le mod\u00e8le est id\u00e9al pour le port quotidien et les activit\u00e9s de plein air, alliant design moderne et pratique. La teinte cr\u00e8me ajoute de la polyvalence et des mat\u00e9riaux de qualit\u00e9 garantissent confort et style pour tous les jours. Fabricant-Chine. Code: LV007-321954.<\/p>\n","protected":false},"excerpt":{"rendered":"<p>Les baskets Trainer Sneaker Cream combinent cuir et textile pour offrir confort et durabilit\u00e9. Le mod\u00e8le est id\u00e9al pour le port quotidien et les activit\u00e9s de plein air, alliant design moderne et pratique. La teinte cr\u00e8me ajoute de la polyvalence et des mat\u00e9riaux de qualit\u00e9 garantissent confort et style pour tous les jours. Fabricant-Chine. Code: LV007-321954.<\/p>\n","protected":false},"featured_media":694633,"comment_status":"open","ping_status":"open","template":"","meta":[],"product_brand":[],"product_cat":[3212,3319],"product_tag":[],"class_list":{"0":"post-694632","1":"product","2":"type-product","3":"status-publish","4":"has-post-thumbnail","6":"product_cat-all-product","7":"product_cat-kedy","8":"pa_rozmir-910","9":"pa_rozmir-912","10":"pa_rozmir-914","11":"pa_rozmir-915","12":"pa_rozmir-916","13":"pa_rozmir-917","14":"pa_rozmir-918","15":"pa_rozmir-919","16":"pa_rozmir-920","17":"pa_rozmir-921","18":"pa_rozmir-922","20":"first","21":"onbackorder","22":"purchasable","23":"product-type-variable"},"_links":{"self":[{"href":"https:\/\/nextsnkr.com\/fr\/wp-json\/wp\/v2\/product\/694632","targetHints":{"allow":["GET"]}}],"collection":[{"href":"https:\/\/nextsnkr.com\/fr\/wp-json\/wp\/v2\/product"}],"about":[{"href":"https:\/\/nextsnkr.com\/fr\/wp-json\/wp\/v2\/types\/product"}],"replies":[{"embeddable":true,"href":"https:\/\/nextsnkr.com\/fr\/wp-json\/wp\/v2\/comments?post=694632"}],"version-history":[{"count":0,"href":"https:\/\/nextsnkr.com\/fr\/wp-json\/wp\/v2\/product\/694632\/revisions"}],"wp:featuredmedia":[{"embeddable":true,"href":"https:\/\/nextsnkr.com\/fr\/wp-json\/wp\/v2\/media\/694633"}],"wp:attachment":[{"href":"https:\/\/nextsnkr.com\/fr\/wp-json\/wp\/v2\/media?parent=694632"}],"wp:term":[{"taxonomy":"product_brand","embeddable":true,"href":"https:\/\/nextsnkr.com\/fr\/wp-json\/wp\/v2\/product_brand?post=694632"},{"taxonomy":"product_cat","embeddable":true,"href":"https:\/\/nextsnkr.com\/fr\/wp-json\/wp\/v2\/product_cat?post=694632"},{"taxonomy":"product_tag","embeddable":true,"href":"https:\/\/nextsnkr.com\/fr\/wp-json\/wp\/v2\/product_tag?post=694632"}],"curies":[{"name":"wp","href":"https:\/\/api.w.org\/{rel}","templated":true}]}}