{"id":694123,"date":"2025-06-16T21:55:32","date_gmt":"2025-06-16T18:55:32","guid":{"rendered":"https:\/\/nextsnkr.com\/product\/nike-air-jordan-4-retro-black-cat\/"},"modified":"2026-01-31T18:01:00","modified_gmt":"2026-01-31T15:01:00","slug":"nike-air-jordan-4-retro-black-cat","status":"publish","type":"product","link":"https:\/\/nextsnkr.com\/fr\/produit\/nike-air-jordan-4-retro-black-cat\/","title":{"rendered":"Baskets Nike air Jordan 4 Retro Black Cat-nubuck printemps \/ automne"},"content":{"rendered":"<h2>Baskets Nike air Jordan 4 Retro Black Cat-nubuck printemps \/ automne<\/h2>\n<p>Les baskets Nike Air Jordan 4 Retro Black Cat sont une combinaison de design l\u00e9gendaire et de confort moderne pour une tenue de demi-saison. Fabriqu\u00e9s \u00e0 partir de nubuck de haute qualit\u00e9 avec une semelle en caoutchouc et une chambre \u00e0 air int\u00e9rieure, ils offrent un amorti, une r\u00e9sistance \u00e0 l&rsquo;usure et un ajustement confortable au pied. Le design noir \u00e9l\u00e9gant de Black Cat ajoute \u00e9l\u00e9gance et personnalit\u00e9 \u00e0 l&rsquo;image. Le mod\u00e8le est l\u00e9ger et confortable, tailles 37-45, poids 907 G. choisissez Nike Air Jordan 4 \u2014 style, qualit\u00e9 et confort l\u00e9gendaire \u00e0 chaque \u00e9tape.<\/p>\n","protected":false},"excerpt":{"rendered":"<p>Les baskets Nike Air Jordan 4 Retro Black Cat sont une combinaison de design l\u00e9gendaire et de confort moderne pour une tenue de demi-saison. Fabriqu\u00e9s \u00e0 partir de nubuck de haute qualit\u00e9 avec une semelle en caoutchouc et une chambre \u00e0 air int\u00e9rieure, ils offrent un amorti, une r\u00e9sistance \u00e0 l&rsquo;usure et un ajustement confortable au pied. Le design noir \u00e9l\u00e9gant de Black Cat ajoute \u00e9l\u00e9gance et personnalit\u00e9 \u00e0 l&rsquo;image. Le mod\u00e8le est l\u00e9ger et confortable, tailles 37-45, poids 907 G. choisissez Nike Air Jordan 4 \u2014 style, qualit\u00e9 et confort l\u00e9gendaire \u00e0 chaque \u00e9tape.<\/p>\n","protected":false},"featured_media":694124,"comment_status":"open","ping_status":"open","template":"","meta":[],"product_brand":[],"product_cat":[3384,3212,3213],"product_tag":[],"class_list":{"0":"post-694123","1":"product","2":"type-product","3":"status-publish","4":"has-post-thumbnail","6":"product_cat-nike-jordan","7":"product_cat-all-product","8":"product_cat-krosivky","9":"pa_rozmir-910","10":"pa_rozmir-912","11":"pa_rozmir-914","12":"pa_rozmir-915","13":"pa_rozmir-916","14":"pa_rozmir-917","15":"pa_rozmir-918","16":"pa_rozmir-919","17":"pa_rozmir-920","18":"pa_rozmir-921","19":"pa_rozmir-922","21":"first","22":"onbackorder","23":"purchasable","24":"product-type-variable"},"_links":{"self":[{"href":"https:\/\/nextsnkr.com\/fr\/wp-json\/wp\/v2\/product\/694123","targetHints":{"allow":["GET"]}}],"collection":[{"href":"https:\/\/nextsnkr.com\/fr\/wp-json\/wp\/v2\/product"}],"about":[{"href":"https:\/\/nextsnkr.com\/fr\/wp-json\/wp\/v2\/types\/product"}],"replies":[{"embeddable":true,"href":"https:\/\/nextsnkr.com\/fr\/wp-json\/wp\/v2\/comments?post=694123"}],"version-history":[{"count":0,"href":"https:\/\/nextsnkr.com\/fr\/wp-json\/wp\/v2\/product\/694123\/revisions"}],"wp:featuredmedia":[{"embeddable":true,"href":"https:\/\/nextsnkr.com\/fr\/wp-json\/wp\/v2\/media\/694124"}],"wp:attachment":[{"href":"https:\/\/nextsnkr.com\/fr\/wp-json\/wp\/v2\/media?parent=694123"}],"wp:term":[{"taxonomy":"product_brand","embeddable":true,"href":"https:\/\/nextsnkr.com\/fr\/wp-json\/wp\/v2\/product_brand?post=694123"},{"taxonomy":"product_cat","embeddable":true,"href":"https:\/\/nextsnkr.com\/fr\/wp-json\/wp\/v2\/product_cat?post=694123"},{"taxonomy":"product_tag","embeddable":true,"href":"https:\/\/nextsnkr.com\/fr\/wp-json\/wp\/v2\/product_tag?post=694123"}],"curies":[{"name":"wp","href":"https:\/\/api.w.org\/{rel}","templated":true}]}}