{"id":692667,"date":"2025-06-17T21:07:51","date_gmt":"2025-06-17T18:07:51","guid":{"rendered":"https:\/\/nextsnkr.com\/product\/yeezy-slide-orange\/"},"modified":"2026-01-31T17:59:55","modified_gmt":"2026-01-31T14:59:55","slug":"yeezy-slide-orange","status":"publish","type":"product","link":"https:\/\/nextsnkr.com\/fr\/produit\/yeezy-slide-orange\/","title":{"rendered":"Pantoufles Yeezy Slide Orange-tongs EVA l\u00e9g\u00e8res pour un usage quotidien"},"content":{"rendered":"<h2>Pantoufles Yeezy Slide Orange-tongs EVA l\u00e9g\u00e8res pour un usage quotidien<\/h2>\n<p>Les pantoufles Yeezy Slide Orange sont des pantoufles confortables et \u00e9l\u00e9gantes en mat\u00e9riau EVA, id\u00e9ales pour une utilisation quotidienne \u00e0 la maison ou \u00e0 l&rsquo;ext\u00e9rieur. L\u00e9gers et flexibles, ils offrent un maximum de confort et d&rsquo;absorption des chocs \u00e0 chaque \u00e9tape. La couleur orange vif ajoute de la luminosit\u00e9 au look et se Marie facilement avec n&rsquo;importe quel v\u00eatement de sport ou de tous les jours. Fabriqu\u00e9s au Vietnam, les pantoufles Yeezy Slide Orange allient style, praticit\u00e9 et durabilit\u00e9.<\/p>\n","protected":false},"excerpt":{"rendered":"<p>Les pantoufles Yeezy Slide Orange sont des pantoufles confortables et \u00e9l\u00e9gantes en mat\u00e9riau EVA, id\u00e9ales pour une utilisation quotidienne \u00e0 la maison ou \u00e0 l&rsquo;ext\u00e9rieur. L\u00e9gers et flexibles, ils offrent un maximum de confort et d&rsquo;absorption des chocs \u00e0 chaque \u00e9tape. La couleur orange vif ajoute de la luminosit\u00e9 au look et se Marie facilement avec n&rsquo;importe quel v\u00eatement de sport ou de tous les jours. Fabriqu\u00e9s au Vietnam, les pantoufles Yeezy Slide Orange allient style, praticit\u00e9 et durabilit\u00e9.<\/p>\n","protected":false},"featured_media":692668,"comment_status":"open","ping_status":"open","template":"","meta":[],"product_brand":[],"product_cat":[3397,3212,3421],"product_tag":[],"class_list":{"0":"post-692667","1":"product","2":"type-product","3":"status-publish","4":"has-post-thumbnail","6":"product_cat-adidas-yeezy","7":"product_cat-all-product","8":"product_cat-shlopantsi","9":"pa_rozmir-910","10":"pa_rozmir-912","11":"pa_rozmir-914","12":"pa_rozmir-915","13":"pa_rozmir-916","14":"pa_rozmir-917","15":"pa_rozmir-918","16":"pa_rozmir-919","17":"pa_rozmir-920","18":"pa_rozmir-921","19":"pa_rozmir-922","21":"first","22":"instock","23":"purchasable","24":"product-type-variable"},"_links":{"self":[{"href":"https:\/\/nextsnkr.com\/fr\/wp-json\/wp\/v2\/product\/692667","targetHints":{"allow":["GET"]}}],"collection":[{"href":"https:\/\/nextsnkr.com\/fr\/wp-json\/wp\/v2\/product"}],"about":[{"href":"https:\/\/nextsnkr.com\/fr\/wp-json\/wp\/v2\/types\/product"}],"replies":[{"embeddable":true,"href":"https:\/\/nextsnkr.com\/fr\/wp-json\/wp\/v2\/comments?post=692667"}],"version-history":[{"count":0,"href":"https:\/\/nextsnkr.com\/fr\/wp-json\/wp\/v2\/product\/692667\/revisions"}],"wp:featuredmedia":[{"embeddable":true,"href":"https:\/\/nextsnkr.com\/fr\/wp-json\/wp\/v2\/media\/692668"}],"wp:attachment":[{"href":"https:\/\/nextsnkr.com\/fr\/wp-json\/wp\/v2\/media?parent=692667"}],"wp:term":[{"taxonomy":"product_brand","embeddable":true,"href":"https:\/\/nextsnkr.com\/fr\/wp-json\/wp\/v2\/product_brand?post=692667"},{"taxonomy":"product_cat","embeddable":true,"href":"https:\/\/nextsnkr.com\/fr\/wp-json\/wp\/v2\/product_cat?post=692667"},{"taxonomy":"product_tag","embeddable":true,"href":"https:\/\/nextsnkr.com\/fr\/wp-json\/wp\/v2\/product_tag?post=692667"}],"curies":[{"name":"wp","href":"https:\/\/api.w.org\/{rel}","templated":true}]}}