{"id":691398,"date":"2025-06-18T19:33:23","date_gmt":"2025-06-18T16:33:23","guid":{"rendered":"https:\/\/nextsnkr.com\/product\/nike-slides-logo-swoosh-white\/"},"modified":"2026-01-31T17:59:17","modified_gmt":"2026-01-31T14:59:17","slug":"nike-slides-logo-swoosh-white","status":"publish","type":"product","link":"https:\/\/nextsnkr.com\/fr\/produit\/nike-slides-logo-swoosh-white\/","title":{"rendered":"Chaussons Nike Slides logo Swoosh White-ardoises mousseuses l\u00e9g\u00e8res"},"content":{"rendered":"<h2>Chaussons Nike Slides logo Swoosh White-ardoises mousseuses l\u00e9g\u00e8res<\/h2>\n<p>Les pantoufles Nike Slides Logo Swoosh White sont fabriqu\u00e9es en mousse de haute qualit\u00e9 pour une l\u00e9g\u00e8ret\u00e9 et un confort maximum. Le mod\u00e8le de la marque Nike est parfait pour un usage quotidien, \u00e0 la plage ou \u00e0 la piscine. La forme ergonomique de la semelle offre un soutien au pied, tandis que le design \u00e9l\u00e9gant avec le logo Swoosh fait des pantoufles un accessoire \u00e0 la mode pour tout look d&rsquo;\u00e9t\u00e9. Praticit\u00e9 et qualit\u00e9 de marque dans chaque paire.<\/p>\n","protected":false},"excerpt":{"rendered":"<p>Les pantoufles Nike Slides Logo Swoosh White sont fabriqu\u00e9es en mousse de haute qualit\u00e9 pour une l\u00e9g\u00e8ret\u00e9 et un confort maximum. Le mod\u00e8le de la marque Nike est parfait pour un usage quotidien, \u00e0 la plage ou \u00e0 la piscine. La forme ergonomique de la semelle offre un soutien au pied, tandis que le design \u00e9l\u00e9gant avec le logo Swoosh fait des pantoufles un accessoire \u00e0 la mode pour tout look d&rsquo;\u00e9t\u00e9. Praticit\u00e9 et qualit\u00e9 de marque dans chaque paire.<\/p>\n","protected":false},"featured_media":691399,"comment_status":"open","ping_status":"open","template":"","meta":[],"product_brand":[],"product_cat":[3212,3421],"product_tag":[],"class_list":{"0":"post-691398","1":"product","2":"type-product","3":"status-publish","4":"has-post-thumbnail","6":"product_cat-all-product","7":"product_cat-shlopantsi","8":"pa_rozmir-910","9":"pa_rozmir-912","10":"pa_rozmir-914","11":"pa_rozmir-915","12":"pa_rozmir-916","13":"pa_rozmir-917","14":"pa_rozmir-918","15":"pa_rozmir-919","16":"pa_rozmir-920","17":"pa_rozmir-921","18":"pa_rozmir-922","20":"first","21":"instock","22":"purchasable","23":"product-type-variable"},"_links":{"self":[{"href":"https:\/\/nextsnkr.com\/fr\/wp-json\/wp\/v2\/product\/691398","targetHints":{"allow":["GET"]}}],"collection":[{"href":"https:\/\/nextsnkr.com\/fr\/wp-json\/wp\/v2\/product"}],"about":[{"href":"https:\/\/nextsnkr.com\/fr\/wp-json\/wp\/v2\/types\/product"}],"replies":[{"embeddable":true,"href":"https:\/\/nextsnkr.com\/fr\/wp-json\/wp\/v2\/comments?post=691398"}],"version-history":[{"count":0,"href":"https:\/\/nextsnkr.com\/fr\/wp-json\/wp\/v2\/product\/691398\/revisions"}],"wp:featuredmedia":[{"embeddable":true,"href":"https:\/\/nextsnkr.com\/fr\/wp-json\/wp\/v2\/media\/691399"}],"wp:attachment":[{"href":"https:\/\/nextsnkr.com\/fr\/wp-json\/wp\/v2\/media?parent=691398"}],"wp:term":[{"taxonomy":"product_brand","embeddable":true,"href":"https:\/\/nextsnkr.com\/fr\/wp-json\/wp\/v2\/product_brand?post=691398"},{"taxonomy":"product_cat","embeddable":true,"href":"https:\/\/nextsnkr.com\/fr\/wp-json\/wp\/v2\/product_cat?post=691398"},{"taxonomy":"product_tag","embeddable":true,"href":"https:\/\/nextsnkr.com\/fr\/wp-json\/wp\/v2\/product_tag?post=691398"}],"curies":[{"name":"wp","href":"https:\/\/api.w.org\/{rel}","templated":true}]}}