{"id":691229,"date":"2025-06-17T21:11:17","date_gmt":"2025-06-17T18:11:17","guid":{"rendered":"https:\/\/nextsnkr.com\/product\/slide-soot\/"},"modified":"2026-01-31T17:59:12","modified_gmt":"2026-01-31T14:59:12","slug":"slide-soot","status":"publish","type":"product","link":"https:\/\/nextsnkr.com\/fr\/produit\/slide-soot\/","title":{"rendered":"Slide Soot slide soot-pantoufles EVA l\u00e9g\u00e8res pour hommes et femmes"},"content":{"rendered":"<h2>Slide Soot slide soot-pantoufles EVA l\u00e9g\u00e8res pour hommes et femmes<\/h2>\n<p>Les pantoufles Slide Soot sont des pantoufles confortables en mat\u00e9riau EVA l\u00e9ger, id\u00e9ales pour un usage domestique, la plage ou la marche par temps chaud. La semelle souple offre un confort et un soutien au pied, tandis que la conception pratique vous permet de chausser et de retirer rapidement vos chaussures. La construction l\u00e9g\u00e8re et le mat\u00e9riau stable rendent le mod\u00e8le durable et polyvalent pour un port quotidien. Slide Soot est une combinaison de marque, de commodit\u00e9 et de style minimaliste moderne.<\/p>\n","protected":false},"excerpt":{"rendered":"<p>Les pantoufles Slide Soot sont des pantoufles confortables en mat\u00e9riau EVA l\u00e9ger, id\u00e9ales pour un usage domestique, la plage ou la marche par temps chaud. La semelle souple offre un confort et un soutien au pied, tandis que la conception pratique vous permet de chausser et de retirer rapidement vos chaussures. La construction l\u00e9g\u00e8re et le mat\u00e9riau stable rendent le mod\u00e8le durable et polyvalent pour un port quotidien. Slide Soot est une combinaison de marque, de commodit\u00e9 et de style minimaliste moderne.<\/p>\n","protected":false},"featured_media":691230,"comment_status":"open","ping_status":"open","template":"","meta":[],"product_brand":[],"product_cat":[3212,3421],"product_tag":[],"class_list":{"0":"post-691229","1":"product","2":"type-product","3":"status-publish","4":"has-post-thumbnail","6":"product_cat-all-product","7":"product_cat-shlopantsi","8":"pa_rozmir-910","9":"pa_rozmir-912","10":"pa_rozmir-914","11":"pa_rozmir-915","12":"pa_rozmir-916","13":"pa_rozmir-917","14":"pa_rozmir-918","15":"pa_rozmir-919","16":"pa_rozmir-920","17":"pa_rozmir-921","18":"pa_rozmir-922","20":"first","21":"instock","22":"purchasable","23":"product-type-variable"},"_links":{"self":[{"href":"https:\/\/nextsnkr.com\/fr\/wp-json\/wp\/v2\/product\/691229","targetHints":{"allow":["GET"]}}],"collection":[{"href":"https:\/\/nextsnkr.com\/fr\/wp-json\/wp\/v2\/product"}],"about":[{"href":"https:\/\/nextsnkr.com\/fr\/wp-json\/wp\/v2\/types\/product"}],"replies":[{"embeddable":true,"href":"https:\/\/nextsnkr.com\/fr\/wp-json\/wp\/v2\/comments?post=691229"}],"version-history":[{"count":0,"href":"https:\/\/nextsnkr.com\/fr\/wp-json\/wp\/v2\/product\/691229\/revisions"}],"wp:featuredmedia":[{"embeddable":true,"href":"https:\/\/nextsnkr.com\/fr\/wp-json\/wp\/v2\/media\/691230"}],"wp:attachment":[{"href":"https:\/\/nextsnkr.com\/fr\/wp-json\/wp\/v2\/media?parent=691229"}],"wp:term":[{"taxonomy":"product_brand","embeddable":true,"href":"https:\/\/nextsnkr.com\/fr\/wp-json\/wp\/v2\/product_brand?post=691229"},{"taxonomy":"product_cat","embeddable":true,"href":"https:\/\/nextsnkr.com\/fr\/wp-json\/wp\/v2\/product_cat?post=691229"},{"taxonomy":"product_tag","embeddable":true,"href":"https:\/\/nextsnkr.com\/fr\/wp-json\/wp\/v2\/product_tag?post=691229"}],"curies":[{"name":"wp","href":"https:\/\/api.w.org\/{rel}","templated":true}]}}