{"id":691132,"date":"2025-06-18T19:34:10","date_gmt":"2025-06-18T16:34:10","guid":{"rendered":"https:\/\/nextsnkr.com\/product\/yves-saint-laurent-green\/"},"modified":"2026-01-31T17:58:52","modified_gmt":"2026-01-31T14:58:52","slug":"yves-saint-laurent-green","status":"publish","type":"product","link":"https:\/\/nextsnkr.com\/fr\/produit\/yves-saint-laurent-green\/","title":{"rendered":"Sac Yves Saint Laurent vert-mod\u00e8le \u00c9CO-cuir \u00e9l\u00e9gant"},"content":{"rendered":"<h2>Sac Yves Saint Laurent vert-mod\u00e8le \u00c9CO-cuir \u00e9l\u00e9gant<\/h2>\n<p>Yves Saint Laurent Green est un sac \u00e9l\u00e9gant de la marque Yves Saint Laurent en cuir \u00e9cologique de haute qualit\u00e9. Le mod\u00e8le combine un design moderne et pratique, adapt\u00e9 pour un usage quotidien et des occasions sp\u00e9ciales. Le vert \u00e9l\u00e9gant ajoute \u00e0 l&rsquo;image de la luminosit\u00e9 et de la personnalit\u00e9. Un choix id\u00e9al pour ceux qui appr\u00e9cient les chaussures de marque, le confort et la durabilit\u00e9 des mat\u00e9riaux.<\/p>\n","protected":false},"excerpt":{"rendered":"<p>Yves Saint Laurent Green est un sac \u00e9l\u00e9gant de la marque Yves Saint Laurent en cuir \u00e9cologique de haute qualit\u00e9. Le mod\u00e8le combine un design moderne et pratique, adapt\u00e9 pour un usage quotidien et des occasions sp\u00e9ciales. Le vert \u00e9l\u00e9gant ajoute \u00e0 l&rsquo;image de la luminosit\u00e9 et de la personnalit\u00e9. Un choix id\u00e9al pour ceux qui appr\u00e9cient les chaussures de marque, le confort et la durabilit\u00e9 des mat\u00e9riaux.<\/p>\n","protected":false},"featured_media":691134,"comment_status":"open","ping_status":"open","template":"","meta":[],"product_brand":[],"product_cat":[3212,3478],"product_tag":[],"class_list":{"0":"post-691132","1":"product","2":"type-product","3":"status-publish","4":"has-post-thumbnail","6":"product_cat-all-product","7":"product_cat-sumky","8":"pa_rozmir-one-size","10":"first","11":"instock","12":"purchasable","13":"product-type-simple"},"_links":{"self":[{"href":"https:\/\/nextsnkr.com\/fr\/wp-json\/wp\/v2\/product\/691132","targetHints":{"allow":["GET"]}}],"collection":[{"href":"https:\/\/nextsnkr.com\/fr\/wp-json\/wp\/v2\/product"}],"about":[{"href":"https:\/\/nextsnkr.com\/fr\/wp-json\/wp\/v2\/types\/product"}],"replies":[{"embeddable":true,"href":"https:\/\/nextsnkr.com\/fr\/wp-json\/wp\/v2\/comments?post=691132"}],"version-history":[{"count":0,"href":"https:\/\/nextsnkr.com\/fr\/wp-json\/wp\/v2\/product\/691132\/revisions"}],"wp:featuredmedia":[{"embeddable":true,"href":"https:\/\/nextsnkr.com\/fr\/wp-json\/wp\/v2\/media\/691134"}],"wp:attachment":[{"href":"https:\/\/nextsnkr.com\/fr\/wp-json\/wp\/v2\/media?parent=691132"}],"wp:term":[{"taxonomy":"product_brand","embeddable":true,"href":"https:\/\/nextsnkr.com\/fr\/wp-json\/wp\/v2\/product_brand?post=691132"},{"taxonomy":"product_cat","embeddable":true,"href":"https:\/\/nextsnkr.com\/fr\/wp-json\/wp\/v2\/product_cat?post=691132"},{"taxonomy":"product_tag","embeddable":true,"href":"https:\/\/nextsnkr.com\/fr\/wp-json\/wp\/v2\/product_tag?post=691132"}],"curies":[{"name":"wp","href":"https:\/\/api.w.org\/{rel}","templated":true}]}}