{"id":690523,"date":"2025-06-18T19:35:53","date_gmt":"2025-06-18T16:35:53","guid":{"rendered":"https:\/\/nextsnkr.com\/product\/vans-knu-skool-potato\/"},"modified":"2026-01-31T17:58:38","modified_gmt":"2026-01-31T14:58:38","slug":"vans-knu-skool-potato","status":"publish","type":"product","link":"https:\/\/nextsnkr.com\/fr\/produit\/vans-knu-skool-potato\/","title":{"rendered":"Baskets Vans Knu Skool Potato &#8211; \u00e9l\u00e9gant en daim et textile pour un usage quotidien"},"content":{"rendered":"<h2>Baskets Vans Knu Skool Potato &#8211; \u00e9l\u00e9gant en daim et textile pour un usage quotidien<\/h2>\n<p>Les baskets Vans Knu Skool Potato allient design \u00e9l\u00e9gant et confort maximal. Le mod\u00e8le est fabriqu\u00e9 \u00e0 partir de daim et de Textiles de haute qualit\u00e9, ce qui garantit durabilit\u00e9 et confort pendant l&rsquo;utilisation quotidienne. La marque Vans garantit un excellent ajustement et une durabilit\u00e9. Id\u00e9al pour la marche, l&rsquo;\u00e9tude et les activit\u00e9s de plein air. Le look moderne et pratique rendent ces baskets indispensables dans votre garde-robe.<\/p>\n","protected":false},"excerpt":{"rendered":"<p>Les baskets Vans Knu Skool Potato allient design \u00e9l\u00e9gant et confort maximal. Le mod\u00e8le est fabriqu\u00e9 \u00e0 partir de daim et de Textiles de haute qualit\u00e9, ce qui garantit durabilit\u00e9 et confort pendant l&rsquo;utilisation quotidienne. La marque Vans garantit un excellent ajustement et une durabilit\u00e9. Id\u00e9al pour la marche, l&rsquo;\u00e9tude et les activit\u00e9s de plein air. Le look moderne et pratique rendent ces baskets indispensables dans votre garde-robe.<\/p>\n","protected":false},"featured_media":690524,"comment_status":"open","ping_status":"open","template":"","meta":[],"product_brand":[],"product_cat":[3212,3319],"product_tag":[],"class_list":{"0":"post-690523","1":"product","2":"type-product","3":"status-publish","4":"has-post-thumbnail","6":"product_cat-all-product","7":"product_cat-kedy","8":"pa_rozmir-910","9":"pa_rozmir-912","10":"pa_rozmir-914","11":"pa_rozmir-915","12":"pa_rozmir-916","13":"pa_rozmir-917","14":"pa_rozmir-918","15":"pa_rozmir-919","16":"pa_rozmir-920","17":"pa_rozmir-921","18":"pa_rozmir-922","20":"first","21":"instock","22":"purchasable","23":"product-type-variable"},"_links":{"self":[{"href":"https:\/\/nextsnkr.com\/fr\/wp-json\/wp\/v2\/product\/690523","targetHints":{"allow":["GET"]}}],"collection":[{"href":"https:\/\/nextsnkr.com\/fr\/wp-json\/wp\/v2\/product"}],"about":[{"href":"https:\/\/nextsnkr.com\/fr\/wp-json\/wp\/v2\/types\/product"}],"replies":[{"embeddable":true,"href":"https:\/\/nextsnkr.com\/fr\/wp-json\/wp\/v2\/comments?post=690523"}],"version-history":[{"count":0,"href":"https:\/\/nextsnkr.com\/fr\/wp-json\/wp\/v2\/product\/690523\/revisions"}],"wp:featuredmedia":[{"embeddable":true,"href":"https:\/\/nextsnkr.com\/fr\/wp-json\/wp\/v2\/media\/690524"}],"wp:attachment":[{"href":"https:\/\/nextsnkr.com\/fr\/wp-json\/wp\/v2\/media?parent=690523"}],"wp:term":[{"taxonomy":"product_brand","embeddable":true,"href":"https:\/\/nextsnkr.com\/fr\/wp-json\/wp\/v2\/product_brand?post=690523"},{"taxonomy":"product_cat","embeddable":true,"href":"https:\/\/nextsnkr.com\/fr\/wp-json\/wp\/v2\/product_cat?post=690523"},{"taxonomy":"product_tag","embeddable":true,"href":"https:\/\/nextsnkr.com\/fr\/wp-json\/wp\/v2\/product_tag?post=690523"}],"curies":[{"name":"wp","href":"https:\/\/api.w.org\/{rel}","templated":true}]}}