{"id":690353,"date":"2025-06-17T21:13:50","date_gmt":"2025-06-17T18:13:50","guid":{"rendered":"https:\/\/nextsnkr.com\/product\/slide-earth-bone\/"},"modified":"2026-01-31T17:58:34","modified_gmt":"2026-01-31T14:58:34","slug":"slide-earth-bone","status":"publish","type":"product","link":"https:\/\/nextsnkr.com\/fr\/produit\/slide-earth-bone\/","title":{"rendered":"Slide Earth Bone chaussons &#8211; ardoises l\u00e9g\u00e8res et confortables en EVA"},"content":{"rendered":"<h2>Slide Earth Bone chaussons &#8211; ardoises l\u00e9g\u00e8res et confortables en EVA<\/h2>\n<p>Les pantoufles Slide Earth Bone sont des chaussures confortables et l\u00e9g\u00e8res pour la maison, la plage et l&rsquo;usage quotidien. Fabriqu\u00e9s en mat\u00e9riau EVA, ils offrent confort, douceur et durabilit\u00e9. La couleur beige naturelle rend le mod\u00e8le polyvalent et \u00e9l\u00e9gant, tandis que la semelle ergonomique soutient le pied lors de la marche. Fabriqu\u00e9es au Vietnam, les pantoufles slide Earth Bone allient praticit\u00e9, l\u00e9g\u00e8ret\u00e9 et design moderne. Choix parfait pour le confort quotidien et les activit\u00e9s de plein air.<\/p>\n","protected":false},"excerpt":{"rendered":"<p>Les pantoufles Slide Earth Bone sont des chaussures confortables et l\u00e9g\u00e8res pour la maison, la plage et l&rsquo;usage quotidien. Fabriqu\u00e9s en mat\u00e9riau EVA, ils offrent confort, douceur et durabilit\u00e9. La couleur beige naturelle rend le mod\u00e8le polyvalent et \u00e9l\u00e9gant, tandis que la semelle ergonomique soutient le pied lors de la marche. Fabriqu\u00e9es au Vietnam, les pantoufles slide Earth Bone allient praticit\u00e9, l\u00e9g\u00e8ret\u00e9 et design moderne. Choix parfait pour le confort quotidien et les activit\u00e9s de plein air.<\/p>\n","protected":false},"featured_media":690354,"comment_status":"open","ping_status":"open","template":"","meta":[],"product_brand":[],"product_cat":[3212,3421],"product_tag":[],"class_list":{"0":"post-690353","1":"product","2":"type-product","3":"status-publish","4":"has-post-thumbnail","6":"product_cat-all-product","7":"product_cat-shlopantsi","8":"pa_rozmir-910","9":"pa_rozmir-912","10":"pa_rozmir-914","11":"pa_rozmir-915","12":"pa_rozmir-916","13":"pa_rozmir-917","14":"pa_rozmir-918","15":"pa_rozmir-919","16":"pa_rozmir-920","17":"pa_rozmir-921","18":"pa_rozmir-922","20":"first","21":"instock","22":"purchasable","23":"product-type-variable"},"_links":{"self":[{"href":"https:\/\/nextsnkr.com\/fr\/wp-json\/wp\/v2\/product\/690353","targetHints":{"allow":["GET"]}}],"collection":[{"href":"https:\/\/nextsnkr.com\/fr\/wp-json\/wp\/v2\/product"}],"about":[{"href":"https:\/\/nextsnkr.com\/fr\/wp-json\/wp\/v2\/types\/product"}],"replies":[{"embeddable":true,"href":"https:\/\/nextsnkr.com\/fr\/wp-json\/wp\/v2\/comments?post=690353"}],"version-history":[{"count":0,"href":"https:\/\/nextsnkr.com\/fr\/wp-json\/wp\/v2\/product\/690353\/revisions"}],"wp:featuredmedia":[{"embeddable":true,"href":"https:\/\/nextsnkr.com\/fr\/wp-json\/wp\/v2\/media\/690354"}],"wp:attachment":[{"href":"https:\/\/nextsnkr.com\/fr\/wp-json\/wp\/v2\/media?parent=690353"}],"wp:term":[{"taxonomy":"product_brand","embeddable":true,"href":"https:\/\/nextsnkr.com\/fr\/wp-json\/wp\/v2\/product_brand?post=690353"},{"taxonomy":"product_cat","embeddable":true,"href":"https:\/\/nextsnkr.com\/fr\/wp-json\/wp\/v2\/product_cat?post=690353"},{"taxonomy":"product_tag","embeddable":true,"href":"https:\/\/nextsnkr.com\/fr\/wp-json\/wp\/v2\/product_tag?post=690353"}],"curies":[{"name":"wp","href":"https:\/\/api.w.org\/{rel}","templated":true}]}}