{"id":690013,"date":"2025-06-17T21:14:41","date_gmt":"2025-06-17T18:14:41","guid":{"rendered":"https:\/\/nextsnkr.com\/product\/yeezy-slide-olive-rozprodazh\/"},"modified":"2026-01-31T17:58:25","modified_gmt":"2026-01-31T14:58:25","slug":"yeezy-slide-olive-rozprodazh","status":"publish","type":"product","link":"https:\/\/nextsnkr.com\/fr\/produit\/yeezy-slide-olive-rozprodazh\/","title":{"rendered":"Tongs Yeezy Slide Olive-tongs EVA l\u00e9g\u00e8res en vente"},"content":{"rendered":"<h2>Tongs Yeezy Slide Olive-tongs EVA l\u00e9g\u00e8res en vente<\/h2>\n<p>Les pantoufles Yeezy Slide Olive sont un mod\u00e8le confortable et \u00e9l\u00e9gant pour un port quotidien \u00e0 la maison ou \u00e0 l&rsquo;ext\u00e9rieur. Fabriqu\u00e9s \u00e0 partir de mat\u00e9riau EVA l\u00e9ger et durable, ils offrent un ajustement confortable et un amorti lors de la marche. La couleur olive ajoute de la polyvalence et un look moderne, tandis que le design simple met en valeur le style minimaliste de la marque Yeezy. Id\u00e9al pour la saison estivale, les loisirs et l&rsquo;utilisation quotidienne. Fabricant-Vietnam. Code: YE052-156860.<\/p>\n","protected":false},"excerpt":{"rendered":"<p>Les pantoufles Yeezy Slide Olive sont un mod\u00e8le confortable et \u00e9l\u00e9gant pour un port quotidien \u00e0 la maison ou \u00e0 l&rsquo;ext\u00e9rieur. Fabriqu\u00e9s \u00e0 partir de mat\u00e9riau EVA l\u00e9ger et durable, ils offrent un ajustement confortable et un amorti lors de la marche. La couleur olive ajoute de la polyvalence et un look moderne, tandis que le design simple met en valeur le style minimaliste de la marque Yeezy. Id\u00e9al pour la saison estivale, les loisirs et l&rsquo;utilisation quotidienne. Fabricant-Vietnam. Code: YE052-156860.<\/p>\n","protected":false},"featured_media":690014,"comment_status":"open","ping_status":"open","template":"","meta":[],"product_brand":[],"product_cat":[3397,3212,3421],"product_tag":[],"class_list":{"0":"post-690013","1":"product","2":"type-product","3":"status-publish","4":"has-post-thumbnail","6":"product_cat-adidas-yeezy","7":"product_cat-all-product","8":"product_cat-shlopantsi","9":"pa_rozmir-910","10":"pa_rozmir-912","11":"pa_rozmir-914","12":"pa_rozmir-915","13":"pa_rozmir-916","14":"pa_rozmir-917","15":"pa_rozmir-918","16":"pa_rozmir-919","17":"pa_rozmir-920","18":"pa_rozmir-921","19":"pa_rozmir-922","21":"first","22":"instock","23":"purchasable","24":"product-type-variable"},"_links":{"self":[{"href":"https:\/\/nextsnkr.com\/fr\/wp-json\/wp\/v2\/product\/690013","targetHints":{"allow":["GET"]}}],"collection":[{"href":"https:\/\/nextsnkr.com\/fr\/wp-json\/wp\/v2\/product"}],"about":[{"href":"https:\/\/nextsnkr.com\/fr\/wp-json\/wp\/v2\/types\/product"}],"replies":[{"embeddable":true,"href":"https:\/\/nextsnkr.com\/fr\/wp-json\/wp\/v2\/comments?post=690013"}],"version-history":[{"count":0,"href":"https:\/\/nextsnkr.com\/fr\/wp-json\/wp\/v2\/product\/690013\/revisions"}],"wp:featuredmedia":[{"embeddable":true,"href":"https:\/\/nextsnkr.com\/fr\/wp-json\/wp\/v2\/media\/690014"}],"wp:attachment":[{"href":"https:\/\/nextsnkr.com\/fr\/wp-json\/wp\/v2\/media?parent=690013"}],"wp:term":[{"taxonomy":"product_brand","embeddable":true,"href":"https:\/\/nextsnkr.com\/fr\/wp-json\/wp\/v2\/product_brand?post=690013"},{"taxonomy":"product_cat","embeddable":true,"href":"https:\/\/nextsnkr.com\/fr\/wp-json\/wp\/v2\/product_cat?post=690013"},{"taxonomy":"product_tag","embeddable":true,"href":"https:\/\/nextsnkr.com\/fr\/wp-json\/wp\/v2\/product_tag?post=690013"}],"curies":[{"name":"wp","href":"https:\/\/api.w.org\/{rel}","templated":true}]}}