{"id":689156,"date":"2025-06-18T19:42:49","date_gmt":"2025-06-18T16:42:49","guid":{"rendered":"https:\/\/nextsnkr.com\/product\/prada-pink-triangle-sale\/"},"modified":"2026-01-31T17:57:41","modified_gmt":"2026-01-31T14:57:41","slug":"prada-pink-triangle-sale","status":"publish","type":"product","link":"https:\/\/nextsnkr.com\/fr\/produit\/prada-pink-triangle-sale\/","title":{"rendered":"Sac Prada Pink Triangle en cuir \u00e9cologique-\u00e9l\u00e9gant et pratique"},"content":{"rendered":"<h2>Sac Prada Pink Triangle en cuir \u00e9cologique-\u00e9l\u00e9gant et pratique<\/h2>\n<p>Le sac Prada Pink Triangle est fabriqu\u00e9 en cuir \u00e9cologique de haute qualit\u00e9 pour une durabilit\u00e9 et un look \u00e9l\u00e9gant. Le mod\u00e8le est id\u00e9al pour un usage quotidien et pour cr\u00e9er des looks \u00e9l\u00e9gants. La couleur rose vif et le logo triangulaire Prada font du sac un accessoire remarquable qui mettra en valeur l&rsquo;individualit\u00e9 et le go\u00fbt raffin\u00e9. Choix parfait pour les achats \u00e0 la mode sur SALE.<\/p>\n","protected":false},"excerpt":{"rendered":"<p>Le sac Prada Pink Triangle est fabriqu\u00e9 en cuir \u00e9cologique de haute qualit\u00e9 pour une durabilit\u00e9 et un look \u00e9l\u00e9gant. Le mod\u00e8le est id\u00e9al pour un usage quotidien et pour cr\u00e9er des looks \u00e9l\u00e9gants. La couleur rose vif et le logo triangulaire Prada font du sac un accessoire remarquable qui mettra en valeur l&rsquo;individualit\u00e9 et le go\u00fbt raffin\u00e9. Choix parfait pour les achats \u00e0 la mode sur SALE.<\/p>\n","protected":false},"featured_media":689157,"comment_status":"open","ping_status":"open","template":"","meta":[],"product_brand":[],"product_cat":[3212,3478],"product_tag":[],"class_list":{"0":"post-689156","1":"product","2":"type-product","3":"status-publish","4":"has-post-thumbnail","6":"product_cat-all-product","7":"product_cat-sumky","8":"pa_rozmir-23kh20kh19","10":"first","11":"instock","12":"purchasable","13":"product-type-simple"},"_links":{"self":[{"href":"https:\/\/nextsnkr.com\/fr\/wp-json\/wp\/v2\/product\/689156","targetHints":{"allow":["GET"]}}],"collection":[{"href":"https:\/\/nextsnkr.com\/fr\/wp-json\/wp\/v2\/product"}],"about":[{"href":"https:\/\/nextsnkr.com\/fr\/wp-json\/wp\/v2\/types\/product"}],"replies":[{"embeddable":true,"href":"https:\/\/nextsnkr.com\/fr\/wp-json\/wp\/v2\/comments?post=689156"}],"version-history":[{"count":0,"href":"https:\/\/nextsnkr.com\/fr\/wp-json\/wp\/v2\/product\/689156\/revisions"}],"wp:featuredmedia":[{"embeddable":true,"href":"https:\/\/nextsnkr.com\/fr\/wp-json\/wp\/v2\/media\/689157"}],"wp:attachment":[{"href":"https:\/\/nextsnkr.com\/fr\/wp-json\/wp\/v2\/media?parent=689156"}],"wp:term":[{"taxonomy":"product_brand","embeddable":true,"href":"https:\/\/nextsnkr.com\/fr\/wp-json\/wp\/v2\/product_brand?post=689156"},{"taxonomy":"product_cat","embeddable":true,"href":"https:\/\/nextsnkr.com\/fr\/wp-json\/wp\/v2\/product_cat?post=689156"},{"taxonomy":"product_tag","embeddable":true,"href":"https:\/\/nextsnkr.com\/fr\/wp-json\/wp\/v2\/product_tag?post=689156"}],"curies":[{"name":"wp","href":"https:\/\/api.w.org\/{rel}","templated":true}]}}