{"id":689030,"date":"2025-06-17T21:18:54","date_gmt":"2025-06-17T18:18:54","guid":{"rendered":"https:\/\/nextsnkr.com\/product\/yeezy-slide-lite-gray-rasprodazha\/"},"modified":"2026-01-31T17:57:45","modified_gmt":"2026-01-31T14:57:45","slug":"yeezy-slide-lite-gray-rasprodazha","status":"publish","type":"product","link":"https:\/\/nextsnkr.com\/fr\/produit\/yeezy-slide-lite-gray-rasprodazha\/","title":{"rendered":"Pantoufles Yeezy Slide Lite gris EVA pour le confort et le port quotidien"},"content":{"rendered":"<h2>Pantoufles Yeezy Slide Lite gris EVA pour le confort et le port quotidien<\/h2>\n<p>\u00c9l\u00e9gant et l\u00e9ger, le Yeezy Slide Lite Gray est fabriqu\u00e9 \u00e0 partir d&rsquo;un mat\u00e9riau EVA de haute qualit\u00e9, offrant un confort et un amorti maximaux lors d&rsquo;une utilisation quotidienne. Le mod\u00e8le de la marque Yeezy pr\u00e9sente un design moderne et une couleur grise polyvalente, adapt\u00e9e \u00e0 la maison, aux loisirs et \u00e0 l&rsquo;usage quotidien. Fabriqu\u00e9s au Vietnam, ces pantoufles combinent la qualit\u00e9 sup\u00e9rieure de la marque et la l\u00e9g\u00e8ret\u00e9 pour un confort durable tout au long de la journ\u00e9e.<\/p>\n","protected":false},"excerpt":{"rendered":"<p>\u00c9l\u00e9gant et l\u00e9ger, le Yeezy Slide Lite Gray est fabriqu\u00e9 \u00e0 partir d&rsquo;un mat\u00e9riau EVA de haute qualit\u00e9, offrant un confort et un amorti maximaux lors d&rsquo;une utilisation quotidienne. Le mod\u00e8le de la marque Yeezy pr\u00e9sente un design moderne et une couleur grise polyvalente, adapt\u00e9e \u00e0 la maison, aux loisirs et \u00e0 l&rsquo;usage quotidien. Fabriqu\u00e9s au Vietnam, ces pantoufles combinent la qualit\u00e9 sup\u00e9rieure de la marque et la l\u00e9g\u00e8ret\u00e9 pour un confort durable tout au long de la journ\u00e9e.<\/p>\n","protected":false},"featured_media":689031,"comment_status":"open","ping_status":"open","template":"","meta":[],"product_brand":[],"product_cat":[3397,3212,3421],"product_tag":[],"class_list":{"0":"post-689030","1":"product","2":"type-product","3":"status-publish","4":"has-post-thumbnail","6":"product_cat-adidas-yeezy","7":"product_cat-all-product","8":"product_cat-shlopantsi","9":"pa_rozmir-910","10":"pa_rozmir-912","11":"pa_rozmir-914","12":"pa_rozmir-915","13":"pa_rozmir-916","14":"pa_rozmir-917","15":"pa_rozmir-918","16":"pa_rozmir-919","17":"pa_rozmir-920","18":"pa_rozmir-921","19":"pa_rozmir-922","21":"first","22":"instock","23":"purchasable","24":"product-type-variable"},"_links":{"self":[{"href":"https:\/\/nextsnkr.com\/fr\/wp-json\/wp\/v2\/product\/689030","targetHints":{"allow":["GET"]}}],"collection":[{"href":"https:\/\/nextsnkr.com\/fr\/wp-json\/wp\/v2\/product"}],"about":[{"href":"https:\/\/nextsnkr.com\/fr\/wp-json\/wp\/v2\/types\/product"}],"replies":[{"embeddable":true,"href":"https:\/\/nextsnkr.com\/fr\/wp-json\/wp\/v2\/comments?post=689030"}],"version-history":[{"count":0,"href":"https:\/\/nextsnkr.com\/fr\/wp-json\/wp\/v2\/product\/689030\/revisions"}],"wp:featuredmedia":[{"embeddable":true,"href":"https:\/\/nextsnkr.com\/fr\/wp-json\/wp\/v2\/media\/689031"}],"wp:attachment":[{"href":"https:\/\/nextsnkr.com\/fr\/wp-json\/wp\/v2\/media?parent=689030"}],"wp:term":[{"taxonomy":"product_brand","embeddable":true,"href":"https:\/\/nextsnkr.com\/fr\/wp-json\/wp\/v2\/product_brand?post=689030"},{"taxonomy":"product_cat","embeddable":true,"href":"https:\/\/nextsnkr.com\/fr\/wp-json\/wp\/v2\/product_cat?post=689030"},{"taxonomy":"product_tag","embeddable":true,"href":"https:\/\/nextsnkr.com\/fr\/wp-json\/wp\/v2\/product_tag?post=689030"}],"curies":[{"name":"wp","href":"https:\/\/api.w.org\/{rel}","templated":true}]}}