{"id":687294,"date":"2025-06-18T19:48:15","date_gmt":"2025-06-18T16:48:15","guid":{"rendered":"https:\/\/nextsnkr.com\/product\/new-balance-574-send-pink-m\/"},"modified":"2026-01-31T17:56:39","modified_gmt":"2026-01-31T14:56:39","slug":"new-balance-574-send-pink-m","status":"publish","type":"product","link":"https:\/\/nextsnkr.com\/fr\/produit\/new-balance-574-send-pink-m\/","title":{"rendered":"Baskets New Balance 574 Sand \/ Pink homme en daim"},"content":{"rendered":"<h2>Baskets New Balance 574 Sand \/ Pink homme en daim<\/h2>\n<p>Les baskets New Balance 574 Sand \/ Pink (M) combinent un daim naturel et des Textiles respirants pour offrir confort, l\u00e9g\u00e8ret\u00e9 et soutien fiable. La combinaison d\u00e9licate de sable et de rose ajoute au mod\u00e8le un look \u00e9l\u00e9gant et moderne. La semelle amortissante garantit le confort pendant la marche et le port quotidien actif. Un choix parfait pour les hommes qui appr\u00e9cient le design classique, la qualit\u00e9 et le confort. Fabricant: Chine. SKU: nbl-0048-169678<\/p>\n","protected":false},"excerpt":{"rendered":"<p>Les baskets New Balance 574 Sand \/ Pink (M) combinent un daim naturel et des Textiles respirants pour offrir confort, l\u00e9g\u00e8ret\u00e9 et soutien fiable. La combinaison d\u00e9licate de sable et de rose ajoute au mod\u00e8le un look \u00e9l\u00e9gant et moderne. La semelle amortissante garantit le confort pendant la marche et le port quotidien actif. Un choix parfait pour les hommes qui appr\u00e9cient le design classique, la qualit\u00e9 et le confort. Fabricant: Chine. SKU: nbl-0048-169678<\/p>\n","protected":false},"featured_media":687295,"comment_status":"open","ping_status":"open","template":"","meta":[],"product_brand":[],"product_cat":[3212,3213],"product_tag":[],"class_list":{"0":"post-687294","1":"product","2":"type-product","3":"status-publish","4":"has-post-thumbnail","6":"product_cat-all-product","7":"product_cat-krosivky","8":"pa_rozmir-910","9":"pa_rozmir-912","10":"pa_rozmir-914","11":"pa_rozmir-915","12":"pa_rozmir-916","13":"pa_rozmir-917","14":"pa_rozmir-918","15":"pa_rozmir-919","16":"pa_rozmir-920","17":"pa_rozmir-921","18":"pa_rozmir-922","20":"first","21":"onbackorder","22":"purchasable","23":"product-type-variable"},"_links":{"self":[{"href":"https:\/\/nextsnkr.com\/fr\/wp-json\/wp\/v2\/product\/687294","targetHints":{"allow":["GET"]}}],"collection":[{"href":"https:\/\/nextsnkr.com\/fr\/wp-json\/wp\/v2\/product"}],"about":[{"href":"https:\/\/nextsnkr.com\/fr\/wp-json\/wp\/v2\/types\/product"}],"replies":[{"embeddable":true,"href":"https:\/\/nextsnkr.com\/fr\/wp-json\/wp\/v2\/comments?post=687294"}],"version-history":[{"count":0,"href":"https:\/\/nextsnkr.com\/fr\/wp-json\/wp\/v2\/product\/687294\/revisions"}],"wp:featuredmedia":[{"embeddable":true,"href":"https:\/\/nextsnkr.com\/fr\/wp-json\/wp\/v2\/media\/687295"}],"wp:attachment":[{"href":"https:\/\/nextsnkr.com\/fr\/wp-json\/wp\/v2\/media?parent=687294"}],"wp:term":[{"taxonomy":"product_brand","embeddable":true,"href":"https:\/\/nextsnkr.com\/fr\/wp-json\/wp\/v2\/product_brand?post=687294"},{"taxonomy":"product_cat","embeddable":true,"href":"https:\/\/nextsnkr.com\/fr\/wp-json\/wp\/v2\/product_cat?post=687294"},{"taxonomy":"product_tag","embeddable":true,"href":"https:\/\/nextsnkr.com\/fr\/wp-json\/wp\/v2\/product_tag?post=687294"}],"curies":[{"name":"wp","href":"https:\/\/api.w.org\/{rel}","templated":true}]}}