{"id":686261,"date":"2025-06-18T19:50:43","date_gmt":"2025-06-18T16:50:43","guid":{"rendered":"https:\/\/nextsnkr.com\/product\/new-balance-574-grey-mint-m\/"},"modified":"2026-01-31T17:56:11","modified_gmt":"2026-01-31T14:56:11","slug":"new-balance-574-grey-mint-m","status":"publish","type":"product","link":"https:\/\/nextsnkr.com\/fr\/produit\/new-balance-574-grey-mint-m\/","title":{"rendered":"New Balance 574 Grey \/ Mint &#8211; baskets en daim et textile pour hommes"},"content":{"rendered":"<h2>New Balance 574 Grey \/ Mint &#8211; baskets en daim et textile pour hommes<\/h2>\n<p>Les baskets New Balance 574 Grey \/ Mint pour hommes allient design \u00e9l\u00e9gant et confort pour tous les jours. Fabriqu\u00e9s \u00e0 partir de daim et de Textiles de haute qualit\u00e9, ils offrent une durabilit\u00e9 et un soutien parfait du pied. Le mod\u00e8le convient \u00e0 la marche, au sport et \u00e0 l&rsquo;utilisation quotidienne, ajoutant de la luminosit\u00e9 et de la modernit\u00e9 \u00e0 votre look. En choisissant New Balance 574, vous obtenez des baskets fiables de qualit\u00e9 sup\u00e9rieure pour une vie active.<\/p>\n","protected":false},"excerpt":{"rendered":"<p>Les baskets New Balance 574 Grey \/ Mint pour hommes allient design \u00e9l\u00e9gant et confort pour tous les jours. Fabriqu\u00e9s \u00e0 partir de daim et de Textiles de haute qualit\u00e9, ils offrent une durabilit\u00e9 et un soutien parfait du pied. Le mod\u00e8le convient \u00e0 la marche, au sport et \u00e0 l&rsquo;utilisation quotidienne, ajoutant de la luminosit\u00e9 et de la modernit\u00e9 \u00e0 votre look. En choisissant New Balance 574, vous obtenez des baskets fiables de qualit\u00e9 sup\u00e9rieure pour une vie active.<\/p>\n","protected":false},"featured_media":686262,"comment_status":"open","ping_status":"open","template":"","meta":[],"product_brand":[],"product_cat":[3212,3213],"product_tag":[],"class_list":{"0":"post-686261","1":"product","2":"type-product","3":"status-publish","4":"has-post-thumbnail","6":"product_cat-all-product","7":"product_cat-krosivky","8":"pa_rozmir-910","9":"pa_rozmir-912","10":"pa_rozmir-914","11":"pa_rozmir-915","12":"pa_rozmir-916","13":"pa_rozmir-917","14":"pa_rozmir-918","15":"pa_rozmir-919","16":"pa_rozmir-920","17":"pa_rozmir-921","18":"pa_rozmir-922","20":"first","21":"onbackorder","22":"purchasable","23":"product-type-variable"},"_links":{"self":[{"href":"https:\/\/nextsnkr.com\/fr\/wp-json\/wp\/v2\/product\/686261","targetHints":{"allow":["GET"]}}],"collection":[{"href":"https:\/\/nextsnkr.com\/fr\/wp-json\/wp\/v2\/product"}],"about":[{"href":"https:\/\/nextsnkr.com\/fr\/wp-json\/wp\/v2\/types\/product"}],"replies":[{"embeddable":true,"href":"https:\/\/nextsnkr.com\/fr\/wp-json\/wp\/v2\/comments?post=686261"}],"version-history":[{"count":0,"href":"https:\/\/nextsnkr.com\/fr\/wp-json\/wp\/v2\/product\/686261\/revisions"}],"wp:featuredmedia":[{"embeddable":true,"href":"https:\/\/nextsnkr.com\/fr\/wp-json\/wp\/v2\/media\/686262"}],"wp:attachment":[{"href":"https:\/\/nextsnkr.com\/fr\/wp-json\/wp\/v2\/media?parent=686261"}],"wp:term":[{"taxonomy":"product_brand","embeddable":true,"href":"https:\/\/nextsnkr.com\/fr\/wp-json\/wp\/v2\/product_brand?post=686261"},{"taxonomy":"product_cat","embeddable":true,"href":"https:\/\/nextsnkr.com\/fr\/wp-json\/wp\/v2\/product_cat?post=686261"},{"taxonomy":"product_tag","embeddable":true,"href":"https:\/\/nextsnkr.com\/fr\/wp-json\/wp\/v2\/product_tag?post=686261"}],"curies":[{"name":"wp","href":"https:\/\/api.w.org\/{rel}","templated":true}]}}