{"id":685499,"date":"2025-06-17T21:30:21","date_gmt":"2025-06-17T18:30:21","guid":{"rendered":"https:\/\/nextsnkr.com\/product\/nike-p-6000-beige\/"},"modified":"2026-01-31T17:55:32","modified_gmt":"2026-01-31T14:55:32","slug":"nike-p-6000-beige","status":"publish","type":"product","link":"https:\/\/nextsnkr.com\/fr\/produit\/nike-p-6000-beige\/","title":{"rendered":"Baskets Nike P &#8211; 6000 Beige-baskets en daim pour femmes"},"content":{"rendered":"<h2>Baskets Nike P &#8211; 6000 Beige-baskets en daim pour femmes<\/h2>\n<p>Les \u00e9l\u00e9gantes baskets Nike p-6000 Beige allient design moderne et confort pour un port quotidien. Le dessus en maille et daim offre l\u00e9g\u00e8ret\u00e9, ventilation et ajustement s\u00fbr au pied. La semelle amortissante procure douceur et stabilit\u00e9 pendant le mouvement, tandis que la couleur beige rend le mod\u00e8le polyvalent pour tous les looks. Le choix id\u00e9al pour le style urbain actif et ceux qui appr\u00e9cient la qualit\u00e9 et la l\u00e9gendaire marque Nike.<\/p>\n","protected":false},"excerpt":{"rendered":"<p>Les \u00e9l\u00e9gantes baskets Nike p-6000 Beige allient design moderne et confort pour un port quotidien. Le dessus en maille et daim offre l\u00e9g\u00e8ret\u00e9, ventilation et ajustement s\u00fbr au pied. La semelle amortissante procure douceur et stabilit\u00e9 pendant le mouvement, tandis que la couleur beige rend le mod\u00e8le polyvalent pour tous les looks. Le choix id\u00e9al pour le style urbain actif et ceux qui appr\u00e9cient la qualit\u00e9 et la l\u00e9gendaire marque Nike.<\/p>\n","protected":false},"featured_media":685500,"comment_status":"open","ping_status":"open","template":"","meta":[],"product_brand":[],"product_cat":[3212,3213],"product_tag":[],"class_list":{"0":"post-685499","1":"product","2":"type-product","3":"status-publish","4":"has-post-thumbnail","6":"product_cat-all-product","7":"product_cat-krosivky","8":"pa_rozmir-910","9":"pa_rozmir-912","10":"pa_rozmir-914","11":"pa_rozmir-915","12":"pa_rozmir-916","13":"pa_rozmir-917","14":"pa_rozmir-918","15":"pa_rozmir-919","16":"pa_rozmir-920","17":"pa_rozmir-921","18":"pa_rozmir-922","20":"first","21":"onbackorder","22":"purchasable","23":"product-type-variable"},"_links":{"self":[{"href":"https:\/\/nextsnkr.com\/fr\/wp-json\/wp\/v2\/product\/685499","targetHints":{"allow":["GET"]}}],"collection":[{"href":"https:\/\/nextsnkr.com\/fr\/wp-json\/wp\/v2\/product"}],"about":[{"href":"https:\/\/nextsnkr.com\/fr\/wp-json\/wp\/v2\/types\/product"}],"replies":[{"embeddable":true,"href":"https:\/\/nextsnkr.com\/fr\/wp-json\/wp\/v2\/comments?post=685499"}],"version-history":[{"count":0,"href":"https:\/\/nextsnkr.com\/fr\/wp-json\/wp\/v2\/product\/685499\/revisions"}],"wp:featuredmedia":[{"embeddable":true,"href":"https:\/\/nextsnkr.com\/fr\/wp-json\/wp\/v2\/media\/685500"}],"wp:attachment":[{"href":"https:\/\/nextsnkr.com\/fr\/wp-json\/wp\/v2\/media?parent=685499"}],"wp:term":[{"taxonomy":"product_brand","embeddable":true,"href":"https:\/\/nextsnkr.com\/fr\/wp-json\/wp\/v2\/product_brand?post=685499"},{"taxonomy":"product_cat","embeddable":true,"href":"https:\/\/nextsnkr.com\/fr\/wp-json\/wp\/v2\/product_cat?post=685499"},{"taxonomy":"product_tag","embeddable":true,"href":"https:\/\/nextsnkr.com\/fr\/wp-json\/wp\/v2\/product_tag?post=685499"}],"curies":[{"name":"wp","href":"https:\/\/api.w.org\/{rel}","templated":true}]}}