{"id":683922,"date":"2025-06-18T20:47:32","date_gmt":"2025-06-18T17:47:32","guid":{"rendered":"https:\/\/nextsnkr.com\/product\/gucci-rython-100-beige\/"},"modified":"2026-01-31T17:54:46","modified_gmt":"2026-01-31T14:54:46","slug":"gucci-rython-100-beige","status":"publish","type":"product","link":"https:\/\/nextsnkr.com\/fr\/produit\/gucci-rython-100-beige\/","title":{"rendered":"Baskets Gucci Rython 100 Beige en cuir &#8211; qualit\u00e9 sup\u00e9rieure d&rsquo;Italie"},"content":{"rendered":"<h2>Baskets Gucci Rython 100 Beige en cuir &#8211; qualit\u00e9 sup\u00e9rieure d&rsquo;Italie<\/h2>\n<p>Les baskets \u00e9l\u00e9gantes Gucci Rython 100 Beige sont fabriqu\u00e9es en cuir v\u00e9ritable de haute qualit\u00e9 en Italie. La couleur beige polyvalente allie confort et \u00e9l\u00e9gance, ce qui en fait le mod\u00e8le id\u00e9al pour un port quotidien et des looks \u00e0 la mode. La semelle l\u00e9g\u00e8re et la fixation s\u00fbre du pied offrent un maximum de confort, et la marque Gucci souligne votre statut et votre go\u00fbt. Achetez Gucci Rython 100 Beige et profitez de la qualit\u00e9 et du style haut de gamme.<\/p>\n","protected":false},"excerpt":{"rendered":"<p>Les baskets \u00e9l\u00e9gantes Gucci Rython 100 Beige sont fabriqu\u00e9es en cuir v\u00e9ritable de haute qualit\u00e9 en Italie. La couleur beige polyvalente allie confort et \u00e9l\u00e9gance, ce qui en fait le mod\u00e8le id\u00e9al pour un port quotidien et des looks \u00e0 la mode. La semelle l\u00e9g\u00e8re et la fixation s\u00fbre du pied offrent un maximum de confort, et la marque Gucci souligne votre statut et votre go\u00fbt. Achetez Gucci Rython 100 Beige et profitez de la qualit\u00e9 et du style haut de gamme.<\/p>\n","protected":false},"featured_media":683926,"comment_status":"open","ping_status":"open","template":"","meta":[],"product_brand":[],"product_cat":[3212,3213],"product_tag":[],"class_list":{"0":"post-683922","1":"product","2":"type-product","3":"status-publish","4":"has-post-thumbnail","6":"product_cat-all-product","7":"product_cat-krosivky","8":"pa_rozmir-910","9":"pa_rozmir-912","10":"pa_rozmir-914","11":"pa_rozmir-915","12":"pa_rozmir-916","13":"pa_rozmir-917","14":"pa_rozmir-918","15":"pa_rozmir-919","16":"pa_rozmir-920","17":"pa_rozmir-921","18":"pa_rozmir-922","20":"first","21":"instock","22":"purchasable","23":"product-type-variable"},"_links":{"self":[{"href":"https:\/\/nextsnkr.com\/fr\/wp-json\/wp\/v2\/product\/683922","targetHints":{"allow":["GET"]}}],"collection":[{"href":"https:\/\/nextsnkr.com\/fr\/wp-json\/wp\/v2\/product"}],"about":[{"href":"https:\/\/nextsnkr.com\/fr\/wp-json\/wp\/v2\/types\/product"}],"replies":[{"embeddable":true,"href":"https:\/\/nextsnkr.com\/fr\/wp-json\/wp\/v2\/comments?post=683922"}],"version-history":[{"count":0,"href":"https:\/\/nextsnkr.com\/fr\/wp-json\/wp\/v2\/product\/683922\/revisions"}],"wp:featuredmedia":[{"embeddable":true,"href":"https:\/\/nextsnkr.com\/fr\/wp-json\/wp\/v2\/media\/683926"}],"wp:attachment":[{"href":"https:\/\/nextsnkr.com\/fr\/wp-json\/wp\/v2\/media?parent=683922"}],"wp:term":[{"taxonomy":"product_brand","embeddable":true,"href":"https:\/\/nextsnkr.com\/fr\/wp-json\/wp\/v2\/product_brand?post=683922"},{"taxonomy":"product_cat","embeddable":true,"href":"https:\/\/nextsnkr.com\/fr\/wp-json\/wp\/v2\/product_cat?post=683922"},{"taxonomy":"product_tag","embeddable":true,"href":"https:\/\/nextsnkr.com\/fr\/wp-json\/wp\/v2\/product_tag?post=683922"}],"curies":[{"name":"wp","href":"https:\/\/api.w.org\/{rel}","templated":true}]}}