{"id":682907,"date":"2025-06-18T20:50:03","date_gmt":"2025-06-18T17:50:03","guid":{"rendered":"https:\/\/nextsnkr.com\/product\/nike-sb-dunk-panda-black-white\/"},"modified":"2026-01-31T17:54:19","modified_gmt":"2026-01-31T14:54:19","slug":"nike-sb-dunk-panda-black-white","status":"publish","type":"product","link":"https:\/\/nextsnkr.com\/fr\/produit\/nike-sb-dunk-panda-black-white\/","title":{"rendered":"Nike SB Dunk Panda noir \/ blanc-style et confort"},"content":{"rendered":"<h2>Nike SB Dunk Panda noir \/ blanc-style et confort<\/h2>\n<p>Les \u00e9l\u00e9gantes baskets Nike SB Dunk Panda Black \/ White sont fabriqu\u00e9es en cuir de haute qualit\u00e9 pour une durabilit\u00e9 et un confort de port. Parfait pour une utilisation quotidienne et activit\u00e9s de plein air. Le design raffin\u00e9 en noir et blanc rend ces chaussures NIKE SB polyvalentes pour tous les looks, alliant style moderne et fiabilit\u00e9. Choisissez le confort et le look lumineux tous les jours.<\/p>\n","protected":false},"excerpt":{"rendered":"<p>Les \u00e9l\u00e9gantes baskets Nike SB Dunk Panda Black \/ White sont fabriqu\u00e9es en cuir de haute qualit\u00e9 pour une durabilit\u00e9 et un confort de port. Parfait pour une utilisation quotidienne et activit\u00e9s de plein air. Le design raffin\u00e9 en noir et blanc rend ces chaussures NIKE SB polyvalentes pour tous les looks, alliant style moderne et fiabilit\u00e9. Choisissez le confort et le look lumineux tous les jours.<\/p>\n","protected":false},"featured_media":682910,"comment_status":"open","ping_status":"open","template":"","meta":[],"product_brand":[],"product_cat":[3212,3319],"product_tag":[],"class_list":{"0":"post-682907","1":"product","2":"type-product","3":"status-publish","4":"has-post-thumbnail","6":"product_cat-all-product","7":"product_cat-kedy","8":"pa_rozmir-910","9":"pa_rozmir-912","10":"pa_rozmir-914","11":"pa_rozmir-915","12":"pa_rozmir-916","13":"pa_rozmir-917","14":"pa_rozmir-918","15":"pa_rozmir-919","16":"pa_rozmir-920","17":"pa_rozmir-921","18":"pa_rozmir-922","20":"first","21":"instock","22":"purchasable","23":"product-type-variable"},"_links":{"self":[{"href":"https:\/\/nextsnkr.com\/fr\/wp-json\/wp\/v2\/product\/682907","targetHints":{"allow":["GET"]}}],"collection":[{"href":"https:\/\/nextsnkr.com\/fr\/wp-json\/wp\/v2\/product"}],"about":[{"href":"https:\/\/nextsnkr.com\/fr\/wp-json\/wp\/v2\/types\/product"}],"replies":[{"embeddable":true,"href":"https:\/\/nextsnkr.com\/fr\/wp-json\/wp\/v2\/comments?post=682907"}],"version-history":[{"count":0,"href":"https:\/\/nextsnkr.com\/fr\/wp-json\/wp\/v2\/product\/682907\/revisions"}],"wp:featuredmedia":[{"embeddable":true,"href":"https:\/\/nextsnkr.com\/fr\/wp-json\/wp\/v2\/media\/682910"}],"wp:attachment":[{"href":"https:\/\/nextsnkr.com\/fr\/wp-json\/wp\/v2\/media?parent=682907"}],"wp:term":[{"taxonomy":"product_brand","embeddable":true,"href":"https:\/\/nextsnkr.com\/fr\/wp-json\/wp\/v2\/product_brand?post=682907"},{"taxonomy":"product_cat","embeddable":true,"href":"https:\/\/nextsnkr.com\/fr\/wp-json\/wp\/v2\/product_cat?post=682907"},{"taxonomy":"product_tag","embeddable":true,"href":"https:\/\/nextsnkr.com\/fr\/wp-json\/wp\/v2\/product_tag?post=682907"}],"curies":[{"name":"wp","href":"https:\/\/api.w.org\/{rel}","templated":true}]}}