{"id":681750,"date":"2025-06-17T21:39:17","date_gmt":"2025-06-17T18:39:17","guid":{"rendered":"https:\/\/nextsnkr.com\/product\/nike-hot-step-air-terra-drake-nocta-white\/"},"modified":"2026-01-31T17:53:36","modified_gmt":"2026-01-31T14:53:36","slug":"nike-hot-step-air-terra-drake-nocta-white","status":"publish","type":"product","link":"https:\/\/nextsnkr.com\/fr\/produit\/nike-hot-step-air-terra-drake-nocta-white\/","title":{"rendered":"Baskets Nike Hot Step Air Terra Drake nocta White cuir"},"content":{"rendered":"<h2>Baskets Nike Hot Step Air Terra Drake nocta White cuir<\/h2>\n<p>Les baskets Nike Hot Step air Terra Drake NOCTA White sont des chaussures \u00e9l\u00e9gantes et confortables pour un port quotidien et une vie urbaine active. Fabriqu\u00e9s \u00e0 partir de cuir de qualit\u00e9, ils offrent une durabilit\u00e9, un ajustement s\u00fbr du pied et un ajustement confortable. La couleur blanche ajoute de la fra\u00eecheur et de la polyvalence \u00e0 l&rsquo;image, convient \u00e0 tous les styles de v\u00eatements. Le mod\u00e8le de Nike se distingue par sa qualit\u00e9 sup\u00e9rieure, son design moderne et sa praticit\u00e9, ce qui en fait le choix id\u00e9al pour la marche, le sport et l&rsquo;utilisation quotidienne.<\/p>\n","protected":false},"excerpt":{"rendered":"<p>Les baskets Nike Hot Step air Terra Drake NOCTA White sont des chaussures \u00e9l\u00e9gantes et confortables pour un port quotidien et une vie urbaine active. Fabriqu\u00e9s \u00e0 partir de cuir de qualit\u00e9, ils offrent une durabilit\u00e9, un ajustement s\u00fbr du pied et un ajustement confortable. La couleur blanche ajoute de la fra\u00eecheur et de la polyvalence \u00e0 l&rsquo;image, convient \u00e0 tous les styles de v\u00eatements. Le mod\u00e8le de Nike se distingue par sa qualit\u00e9 sup\u00e9rieure, son design moderne et sa praticit\u00e9, ce qui en fait le choix id\u00e9al pour la marche, le sport et l&rsquo;utilisation quotidienne.<\/p>\n","protected":false},"featured_media":681751,"comment_status":"open","ping_status":"open","template":"","meta":[],"product_brand":[],"product_cat":[3212,3213],"product_tag":[],"class_list":{"0":"post-681750","1":"product","2":"type-product","3":"status-publish","4":"has-post-thumbnail","6":"product_cat-all-product","7":"product_cat-krosivky","8":"pa_rozmir-910","9":"pa_rozmir-912","10":"pa_rozmir-914","11":"pa_rozmir-915","12":"pa_rozmir-916","13":"pa_rozmir-917","14":"pa_rozmir-918","15":"pa_rozmir-919","16":"pa_rozmir-920","17":"pa_rozmir-921","18":"pa_rozmir-922","20":"first","21":"instock","22":"purchasable","23":"product-type-variable"},"_links":{"self":[{"href":"https:\/\/nextsnkr.com\/fr\/wp-json\/wp\/v2\/product\/681750","targetHints":{"allow":["GET"]}}],"collection":[{"href":"https:\/\/nextsnkr.com\/fr\/wp-json\/wp\/v2\/product"}],"about":[{"href":"https:\/\/nextsnkr.com\/fr\/wp-json\/wp\/v2\/types\/product"}],"replies":[{"embeddable":true,"href":"https:\/\/nextsnkr.com\/fr\/wp-json\/wp\/v2\/comments?post=681750"}],"version-history":[{"count":0,"href":"https:\/\/nextsnkr.com\/fr\/wp-json\/wp\/v2\/product\/681750\/revisions"}],"wp:featuredmedia":[{"embeddable":true,"href":"https:\/\/nextsnkr.com\/fr\/wp-json\/wp\/v2\/media\/681751"}],"wp:attachment":[{"href":"https:\/\/nextsnkr.com\/fr\/wp-json\/wp\/v2\/media?parent=681750"}],"wp:term":[{"taxonomy":"product_brand","embeddable":true,"href":"https:\/\/nextsnkr.com\/fr\/wp-json\/wp\/v2\/product_brand?post=681750"},{"taxonomy":"product_cat","embeddable":true,"href":"https:\/\/nextsnkr.com\/fr\/wp-json\/wp\/v2\/product_cat?post=681750"},{"taxonomy":"product_tag","embeddable":true,"href":"https:\/\/nextsnkr.com\/fr\/wp-json\/wp\/v2\/product_tag?post=681750"}],"curies":[{"name":"wp","href":"https:\/\/api.w.org\/{rel}","templated":true}]}}