{"id":680039,"date":"2025-06-13T12:44:57","date_gmt":"2025-06-13T09:44:57","guid":{"rendered":"https:\/\/nextsnkr.com\/product\/bottega-veneta-yellow-no-logo\/"},"modified":"2026-01-31T17:52:49","modified_gmt":"2026-01-31T14:52:49","slug":"bottega-veneta-yellow-no-logo","status":"publish","type":"product","link":"https:\/\/nextsnkr.com\/fr\/produit\/bottega-veneta-yellow-no-logo\/","title":{"rendered":"Bottes Bottega Veneta Yellow &#8211; bottes en cuir polaire pour femmes"},"content":{"rendered":"<h2>Bottes Bottega Veneta Yellow &#8211; bottes en cuir polaire pour femmes<\/h2>\n<p>Les \u00e9l\u00e9gantes bottes Bottega Veneta Yellow No Logo sont en cuir de haute qualit\u00e9 et isol\u00e9es avec une polaire douce, ce qui procure confort et chaleur pendant la saison froide. La couleur jaune vif rend le mod\u00e8le accrocheur et \u00e0 la mode, et le design minimaliste soign\u00e9 se Marie facilement avec une vari\u00e9t\u00e9 de looks. Les bottes se distinguent par leur durabilit\u00e9, leur confort et leur silhouette moderne. Fabricant-Chine. Choisissez Bottega Veneta Yellow pour ajouter une touche d&rsquo;\u00e9l\u00e9gance et d&rsquo;originalit\u00e9.<\/p>\n","protected":false},"excerpt":{"rendered":"<p>Les \u00e9l\u00e9gantes bottes Bottega Veneta Yellow No Logo sont en cuir de haute qualit\u00e9 et isol\u00e9es avec une polaire douce, ce qui procure confort et chaleur pendant la saison froide. La couleur jaune vif rend le mod\u00e8le accrocheur et \u00e0 la mode, et le design minimaliste soign\u00e9 se Marie facilement avec une vari\u00e9t\u00e9 de looks. Les bottes se distinguent par leur durabilit\u00e9, leur confort et leur silhouette moderne. Fabricant-Chine. Choisissez Bottega Veneta Yellow pour ajouter une touche d&rsquo;\u00e9l\u00e9gance et d&rsquo;originalit\u00e9.<\/p>\n","protected":false},"featured_media":680040,"comment_status":"open","ping_status":"open","template":"","meta":[],"product_brand":[],"product_cat":[3212,3332],"product_tag":[],"class_list":{"0":"post-680039","1":"product","2":"type-product","3":"status-publish","4":"has-post-thumbnail","6":"product_cat-all-product","7":"product_cat-cherevyky","8":"pa_rozmir-910","9":"pa_rozmir-912","10":"pa_rozmir-914","11":"pa_rozmir-915","12":"pa_rozmir-916","13":"pa_rozmir-917","14":"pa_rozmir-918","15":"pa_rozmir-919","16":"pa_rozmir-920","17":"pa_rozmir-921","18":"pa_rozmir-922","20":"first","21":"instock","22":"purchasable","23":"product-type-variable"},"_links":{"self":[{"href":"https:\/\/nextsnkr.com\/fr\/wp-json\/wp\/v2\/product\/680039","targetHints":{"allow":["GET"]}}],"collection":[{"href":"https:\/\/nextsnkr.com\/fr\/wp-json\/wp\/v2\/product"}],"about":[{"href":"https:\/\/nextsnkr.com\/fr\/wp-json\/wp\/v2\/types\/product"}],"replies":[{"embeddable":true,"href":"https:\/\/nextsnkr.com\/fr\/wp-json\/wp\/v2\/comments?post=680039"}],"version-history":[{"count":0,"href":"https:\/\/nextsnkr.com\/fr\/wp-json\/wp\/v2\/product\/680039\/revisions"}],"wp:featuredmedia":[{"embeddable":true,"href":"https:\/\/nextsnkr.com\/fr\/wp-json\/wp\/v2\/media\/680040"}],"wp:attachment":[{"href":"https:\/\/nextsnkr.com\/fr\/wp-json\/wp\/v2\/media?parent=680039"}],"wp:term":[{"taxonomy":"product_brand","embeddable":true,"href":"https:\/\/nextsnkr.com\/fr\/wp-json\/wp\/v2\/product_brand?post=680039"},{"taxonomy":"product_cat","embeddable":true,"href":"https:\/\/nextsnkr.com\/fr\/wp-json\/wp\/v2\/product_cat?post=680039"},{"taxonomy":"product_tag","embeddable":true,"href":"https:\/\/nextsnkr.com\/fr\/wp-json\/wp\/v2\/product_tag?post=680039"}],"curies":[{"name":"wp","href":"https:\/\/api.w.org\/{rel}","templated":true}]}}