{"id":679069,"date":"2025-06-18T21:00:13","date_gmt":"2025-06-18T18:00:13","guid":{"rendered":"https:\/\/nextsnkr.com\/product\/nike-sb-dunk-low-acid-green\/"},"modified":"2026-01-31T17:52:21","modified_gmt":"2026-01-31T14:52:21","slug":"nike-sb-dunk-low-acid-green","status":"publish","type":"product","link":"https:\/\/nextsnkr.com\/fr\/produit\/nike-sb-dunk-low-acid-green\/","title":{"rendered":"Baskets Nike SB Dunk Low Acid Green-sport en cuir \u00e9l\u00e9gant"},"content":{"rendered":"<h2>Baskets Nike SB Dunk Low Acid Green-sport en cuir \u00e9l\u00e9gant<\/h2>\n<p>Les baskets exclusives Nike SB Dunk Low Acid Green sont fabriqu\u00e9es en cuir de qualit\u00e9 vietnamienne, ce qui garantit durabilit\u00e9 et confort tout en portant. Le design vert vif ajoute un accent \u00e0 votre look, tandis que la silhouette basse garantit la libert\u00e9 de mouvement et un look \u00e9l\u00e9gant tous les jours. Id\u00e9al pour les promenades en ville, le skateboard et l&rsquo;utilisation quotidienne. Ajoutez de la luminosit\u00e9 et du confort avec le Nike SB Dunk Low.<\/p>\n","protected":false},"excerpt":{"rendered":"<p>Les baskets exclusives Nike SB Dunk Low Acid Green sont fabriqu\u00e9es en cuir de qualit\u00e9 vietnamienne, ce qui garantit durabilit\u00e9 et confort tout en portant. Le design vert vif ajoute un accent \u00e0 votre look, tandis que la silhouette basse garantit la libert\u00e9 de mouvement et un look \u00e9l\u00e9gant tous les jours. Id\u00e9al pour les promenades en ville, le skateboard et l&rsquo;utilisation quotidienne. Ajoutez de la luminosit\u00e9 et du confort avec le Nike SB Dunk Low.<\/p>\n","protected":false},"featured_media":679072,"comment_status":"open","ping_status":"open","template":"","meta":[],"product_brand":[],"product_cat":[3212,3319],"product_tag":[],"class_list":{"0":"post-679069","1":"product","2":"type-product","3":"status-publish","4":"has-post-thumbnail","6":"product_cat-all-product","7":"product_cat-kedy","8":"pa_rozmir-910","9":"pa_rozmir-912","10":"pa_rozmir-914","11":"pa_rozmir-915","12":"pa_rozmir-916","13":"pa_rozmir-917","14":"pa_rozmir-918","15":"pa_rozmir-919","16":"pa_rozmir-920","17":"pa_rozmir-921","18":"pa_rozmir-922","20":"first","21":"instock","22":"purchasable","23":"product-type-variable"},"_links":{"self":[{"href":"https:\/\/nextsnkr.com\/fr\/wp-json\/wp\/v2\/product\/679069","targetHints":{"allow":["GET"]}}],"collection":[{"href":"https:\/\/nextsnkr.com\/fr\/wp-json\/wp\/v2\/product"}],"about":[{"href":"https:\/\/nextsnkr.com\/fr\/wp-json\/wp\/v2\/types\/product"}],"replies":[{"embeddable":true,"href":"https:\/\/nextsnkr.com\/fr\/wp-json\/wp\/v2\/comments?post=679069"}],"version-history":[{"count":0,"href":"https:\/\/nextsnkr.com\/fr\/wp-json\/wp\/v2\/product\/679069\/revisions"}],"wp:featuredmedia":[{"embeddable":true,"href":"https:\/\/nextsnkr.com\/fr\/wp-json\/wp\/v2\/media\/679072"}],"wp:attachment":[{"href":"https:\/\/nextsnkr.com\/fr\/wp-json\/wp\/v2\/media?parent=679069"}],"wp:term":[{"taxonomy":"product_brand","embeddable":true,"href":"https:\/\/nextsnkr.com\/fr\/wp-json\/wp\/v2\/product_brand?post=679069"},{"taxonomy":"product_cat","embeddable":true,"href":"https:\/\/nextsnkr.com\/fr\/wp-json\/wp\/v2\/product_cat?post=679069"},{"taxonomy":"product_tag","embeddable":true,"href":"https:\/\/nextsnkr.com\/fr\/wp-json\/wp\/v2\/product_tag?post=679069"}],"curies":[{"name":"wp","href":"https:\/\/api.w.org\/{rel}","templated":true}]}}