{"id":678365,"date":"2025-06-18T21:01:53","date_gmt":"2025-06-18T18:01:53","guid":{"rendered":"https:\/\/nextsnkr.com\/product\/nike-sb-dunk-x-off-white-lot-30-50-premium\/"},"modified":"2026-01-31T17:51:49","modified_gmt":"2026-01-31T14:51:49","slug":"nike-sb-dunk-x-off-white-lot-30-50-premium","status":"publish","type":"product","link":"https:\/\/nextsnkr.com\/fr\/produit\/nike-sb-dunk-x-off-white-lot-30-50-premium\/","title":{"rendered":"Nike SB DUNK x OFF WHITE LOT 30: 50-cuir et textile Premium"},"content":{"rendered":"<h2>Nike SB DUNK x OFF WHITE LOT 30: 50-cuir et textile Premium<\/h2>\n<p>Les baskets Premium NIKE SB DUNK x OFF WHITE LOT 30: 50 sont fabriqu\u00e9es \u00e0 partir de cuir et de Textiles de haute qualit\u00e9, alliant style et confort. Id\u00e9al pour la vie urbaine active et l&rsquo;utilisation quotidienne, ils offrent un soutien fiable et un ajustement confortable sur le pied. Le design unique et la collaboration avec la marque OFF WHITE ajoutent de l&rsquo;exclusivit\u00e9 et soulignent votre statut de mode. Des mat\u00e9riaux fiables et une excellente finition garantissent la durabilit\u00e9 et le style pour tous les jours.<\/p>\n","protected":false},"excerpt":{"rendered":"<p>Les baskets Premium NIKE SB DUNK x OFF WHITE LOT 30: 50 sont fabriqu\u00e9es \u00e0 partir de cuir et de Textiles de haute qualit\u00e9, alliant style et confort. Id\u00e9al pour la vie urbaine active et l&rsquo;utilisation quotidienne, ils offrent un soutien fiable et un ajustement confortable sur le pied. Le design unique et la collaboration avec la marque OFF WHITE ajoutent de l&rsquo;exclusivit\u00e9 et soulignent votre statut de mode. Des mat\u00e9riaux fiables et une excellente finition garantissent la durabilit\u00e9 et le style pour tous les jours.<\/p>\n","protected":false},"featured_media":678367,"comment_status":"open","ping_status":"open","template":"","meta":[],"product_brand":[],"product_cat":[3212,3319],"product_tag":[],"class_list":{"0":"post-678365","1":"product","2":"type-product","3":"status-publish","4":"has-post-thumbnail","6":"product_cat-all-product","7":"product_cat-kedy","8":"pa_rozmir-910","9":"pa_rozmir-912","10":"pa_rozmir-38-5","11":"pa_rozmir-915","12":"pa_rozmir-916","13":"pa_rozmir-917","14":"pa_rozmir-918","15":"pa_rozmir-919","16":"pa_rozmir-920","17":"pa_rozmir-921","18":"pa_rozmir-922","20":"first","21":"instock","22":"purchasable","23":"product-type-variable"},"_links":{"self":[{"href":"https:\/\/nextsnkr.com\/fr\/wp-json\/wp\/v2\/product\/678365","targetHints":{"allow":["GET"]}}],"collection":[{"href":"https:\/\/nextsnkr.com\/fr\/wp-json\/wp\/v2\/product"}],"about":[{"href":"https:\/\/nextsnkr.com\/fr\/wp-json\/wp\/v2\/types\/product"}],"replies":[{"embeddable":true,"href":"https:\/\/nextsnkr.com\/fr\/wp-json\/wp\/v2\/comments?post=678365"}],"version-history":[{"count":0,"href":"https:\/\/nextsnkr.com\/fr\/wp-json\/wp\/v2\/product\/678365\/revisions"}],"wp:featuredmedia":[{"embeddable":true,"href":"https:\/\/nextsnkr.com\/fr\/wp-json\/wp\/v2\/media\/678367"}],"wp:attachment":[{"href":"https:\/\/nextsnkr.com\/fr\/wp-json\/wp\/v2\/media?parent=678365"}],"wp:term":[{"taxonomy":"product_brand","embeddable":true,"href":"https:\/\/nextsnkr.com\/fr\/wp-json\/wp\/v2\/product_brand?post=678365"},{"taxonomy":"product_cat","embeddable":true,"href":"https:\/\/nextsnkr.com\/fr\/wp-json\/wp\/v2\/product_cat?post=678365"},{"taxonomy":"product_tag","embeddable":true,"href":"https:\/\/nextsnkr.com\/fr\/wp-json\/wp\/v2\/product_tag?post=678365"}],"curies":[{"name":"wp","href":"https:\/\/api.w.org\/{rel}","templated":true}]}}