{"id":678012,"date":"2025-06-18T21:02:54","date_gmt":"2025-06-18T18:02:54","guid":{"rendered":"https:\/\/nextsnkr.com\/product\/nike-sb-dunk-disrupt-2-sunrise\/"},"modified":"2026-01-31T17:51:38","modified_gmt":"2026-01-31T14:51:38","slug":"nike-sb-dunk-disrupt-2-sunrise","status":"publish","type":"product","link":"https:\/\/nextsnkr.com\/fr\/produit\/nike-sb-dunk-disrupt-2-sunrise\/","title":{"rendered":"Baskets Nike SB Dunk Disrupt 2 \u00ab\u00a0Sunrise\u00a0\u00bb en cuir pour homme"},"content":{"rendered":"<h2>Baskets Nike SB Dunk Disrupt 2 \u00ab\u00a0Sunrise\u00a0\u00bb en cuir pour homme<\/h2>\n<p>Les chaussures Nike SB Dunk Disrupt 2 \u00ab\u00a0Sunrise\u00a0\u00bb allient design unique et confort ultime. La tige est faite de cuir de haute qualit\u00e9 qui assure la durabilit\u00e9 et le soutien du pied. Le mod\u00e8le est id\u00e9al pour les activit\u00e9s de plein air, le skateboard et l&rsquo;usure quotidienne. La marque Nike garantit style, qualit\u00e9 et ergonomie. Les couleurs vives et la silhouette moderne font des baskets un excellent choix pour ceux qui appr\u00e9cient le confort et le look tendance.<\/p>\n","protected":false},"excerpt":{"rendered":"<p>Les chaussures Nike SB Dunk Disrupt 2 \u00ab\u00a0Sunrise\u00a0\u00bb allient design unique et confort ultime. La tige est faite de cuir de haute qualit\u00e9 qui assure la durabilit\u00e9 et le soutien du pied. Le mod\u00e8le est id\u00e9al pour les activit\u00e9s de plein air, le skateboard et l&rsquo;usure quotidienne. La marque Nike garantit style, qualit\u00e9 et ergonomie. Les couleurs vives et la silhouette moderne font des baskets un excellent choix pour ceux qui appr\u00e9cient le confort et le look tendance.<\/p>\n","protected":false},"featured_media":678013,"comment_status":"open","ping_status":"open","template":"","meta":[],"product_brand":[],"product_cat":[3212,3319],"product_tag":[],"class_list":{"0":"post-678012","1":"product","2":"type-product","3":"status-publish","4":"has-post-thumbnail","6":"product_cat-all-product","7":"product_cat-kedy","8":"pa_rozmir-910","9":"pa_rozmir-912","10":"pa_rozmir-914","11":"pa_rozmir-915","12":"pa_rozmir-916","13":"pa_rozmir-917","14":"pa_rozmir-918","15":"pa_rozmir-919","16":"pa_rozmir-920","17":"pa_rozmir-921","18":"pa_rozmir-922","20":"first","21":"onbackorder","22":"purchasable","23":"product-type-variable"},"_links":{"self":[{"href":"https:\/\/nextsnkr.com\/fr\/wp-json\/wp\/v2\/product\/678012","targetHints":{"allow":["GET"]}}],"collection":[{"href":"https:\/\/nextsnkr.com\/fr\/wp-json\/wp\/v2\/product"}],"about":[{"href":"https:\/\/nextsnkr.com\/fr\/wp-json\/wp\/v2\/types\/product"}],"replies":[{"embeddable":true,"href":"https:\/\/nextsnkr.com\/fr\/wp-json\/wp\/v2\/comments?post=678012"}],"version-history":[{"count":0,"href":"https:\/\/nextsnkr.com\/fr\/wp-json\/wp\/v2\/product\/678012\/revisions"}],"wp:featuredmedia":[{"embeddable":true,"href":"https:\/\/nextsnkr.com\/fr\/wp-json\/wp\/v2\/media\/678013"}],"wp:attachment":[{"href":"https:\/\/nextsnkr.com\/fr\/wp-json\/wp\/v2\/media?parent=678012"}],"wp:term":[{"taxonomy":"product_brand","embeddable":true,"href":"https:\/\/nextsnkr.com\/fr\/wp-json\/wp\/v2\/product_brand?post=678012"},{"taxonomy":"product_cat","embeddable":true,"href":"https:\/\/nextsnkr.com\/fr\/wp-json\/wp\/v2\/product_cat?post=678012"},{"taxonomy":"product_tag","embeddable":true,"href":"https:\/\/nextsnkr.com\/fr\/wp-json\/wp\/v2\/product_tag?post=678012"}],"curies":[{"name":"wp","href":"https:\/\/api.w.org\/{rel}","templated":true}]}}