{"id":676482,"date":"2025-06-13T12:49:32","date_gmt":"2025-06-13T09:49:32","guid":{"rendered":"https:\/\/nextsnkr.com\/product\/force-no-brand\/"},"modified":"2026-01-31T17:50:55","modified_gmt":"2026-01-31T14:50:55","slug":"force-no-brand","status":"publish","type":"product","link":"https:\/\/nextsnkr.com\/fr\/produit\/force-no-brand\/","title":{"rendered":"Baskets Force No Brand-baskets l\u00e9g\u00e8res pour hommes en textile et \u00e9co-cuir"},"content":{"rendered":"<h2>Baskets Force No Brand-baskets l\u00e9g\u00e8res pour hommes en textile et \u00e9co-cuir<\/h2>\n<p>Les baskets Force No Brand sont des chaussures polyvalentes pour un style d\u00e9contract\u00e9. La combinaison des Textiles et de l&rsquo;\u00e9co-cuir offre l\u00e9g\u00e8ret\u00e9, ventilation et r\u00e9sistance \u00e0 l&rsquo;usure. Fabriqu\u00e9s au Vietnam, ces baskets ont un ajustement confortable et une semelle qui procure un amorti pendant la marche. Le design \u00e9l\u00e9gant les rend parfaits pour les looks quotidiens. Choisissez Force No Brand-des baskets pratiques et modernes \u00e0 un prix avantageux.<\/p>\n","protected":false},"excerpt":{"rendered":"<p>Les baskets Force No Brand sont des chaussures polyvalentes pour un style d\u00e9contract\u00e9. La combinaison des Textiles et de l&rsquo;\u00e9co-cuir offre l\u00e9g\u00e8ret\u00e9, ventilation et r\u00e9sistance \u00e0 l&rsquo;usure. Fabriqu\u00e9s au Vietnam, ces baskets ont un ajustement confortable et une semelle qui procure un amorti pendant la marche. Le design \u00e9l\u00e9gant les rend parfaits pour les looks quotidiens. Choisissez Force No Brand-des baskets pratiques et modernes \u00e0 un prix avantageux.<\/p>\n","protected":false},"featured_media":676483,"comment_status":"open","ping_status":"open","template":"","meta":[],"product_brand":[],"product_cat":[3212,3319],"product_tag":[],"class_list":{"0":"post-676482","1":"product","2":"type-product","3":"status-publish","4":"has-post-thumbnail","6":"product_cat-all-product","7":"product_cat-kedy","8":"pa_rozmir-910","9":"pa_rozmir-912","10":"pa_rozmir-914","11":"pa_rozmir-915","12":"pa_rozmir-916","13":"pa_rozmir-917","14":"pa_rozmir-918","15":"pa_rozmir-919","16":"pa_rozmir-920","17":"pa_rozmir-921","18":"pa_rozmir-922","20":"first","21":"instock","22":"purchasable","23":"product-type-variable"},"_links":{"self":[{"href":"https:\/\/nextsnkr.com\/fr\/wp-json\/wp\/v2\/product\/676482","targetHints":{"allow":["GET"]}}],"collection":[{"href":"https:\/\/nextsnkr.com\/fr\/wp-json\/wp\/v2\/product"}],"about":[{"href":"https:\/\/nextsnkr.com\/fr\/wp-json\/wp\/v2\/types\/product"}],"replies":[{"embeddable":true,"href":"https:\/\/nextsnkr.com\/fr\/wp-json\/wp\/v2\/comments?post=676482"}],"version-history":[{"count":0,"href":"https:\/\/nextsnkr.com\/fr\/wp-json\/wp\/v2\/product\/676482\/revisions"}],"wp:featuredmedia":[{"embeddable":true,"href":"https:\/\/nextsnkr.com\/fr\/wp-json\/wp\/v2\/media\/676483"}],"wp:attachment":[{"href":"https:\/\/nextsnkr.com\/fr\/wp-json\/wp\/v2\/media?parent=676482"}],"wp:term":[{"taxonomy":"product_brand","embeddable":true,"href":"https:\/\/nextsnkr.com\/fr\/wp-json\/wp\/v2\/product_brand?post=676482"},{"taxonomy":"product_cat","embeddable":true,"href":"https:\/\/nextsnkr.com\/fr\/wp-json\/wp\/v2\/product_cat?post=676482"},{"taxonomy":"product_tag","embeddable":true,"href":"https:\/\/nextsnkr.com\/fr\/wp-json\/wp\/v2\/product_tag?post=676482"}],"curies":[{"name":"wp","href":"https:\/\/api.w.org\/{rel}","templated":true}]}}