{"id":674954,"date":"2025-06-18T21:10:51","date_gmt":"2025-06-18T18:10:51","guid":{"rendered":"https:\/\/nextsnkr.com\/product\/nike-sb-dunk-x-off-white-lot-24-50-premium\/"},"modified":"2026-01-31T17:50:00","modified_gmt":"2026-01-31T14:50:00","slug":"nike-sb-dunk-x-off-white-lot-24-50-premium","status":"publish","type":"product","link":"https:\/\/nextsnkr.com\/fr\/produit\/nike-sb-dunk-x-off-white-lot-24-50-premium\/","title":{"rendered":"Nike SB Dunk x OFF-WHITE Lot 24: 50 Premium-cuir et textile"},"content":{"rendered":"<h2>Nike SB Dunk x OFF-WHITE Lot 24: 50 Premium-cuir et textile<\/h2>\n<p>Les baskets NIKE SB Dunk x OFF-WHITE Lot 24: 50 Premium sont fabriqu\u00e9es \u00e0 partir de cuir et de Textiles de haute qualit\u00e9, garantissant confort et durabilit\u00e9. Le mod\u00e8le combine le design unique de la marque OFF-WHITE et la silhouette \u00e9l\u00e9gante de Nike SB Dunk, adapt\u00e9 \u00e0 l&rsquo;usure quotidienne et aux activit\u00e9s de plein air. Le Fabricant est le Vietnam, assurant une qualit\u00e9 fiable. Un choix parfait pour ceux qui appr\u00e9cient la mode et la fonctionnalit\u00e9 en m\u00eame temps.<\/p>\n","protected":false},"excerpt":{"rendered":"<p>Les baskets NIKE SB Dunk x OFF-WHITE Lot 24: 50 Premium sont fabriqu\u00e9es \u00e0 partir de cuir et de Textiles de haute qualit\u00e9, garantissant confort et durabilit\u00e9. Le mod\u00e8le combine le design unique de la marque OFF-WHITE et la silhouette \u00e9l\u00e9gante de Nike SB Dunk, adapt\u00e9 \u00e0 l&rsquo;usure quotidienne et aux activit\u00e9s de plein air. Le Fabricant est le Vietnam, assurant une qualit\u00e9 fiable. Un choix parfait pour ceux qui appr\u00e9cient la mode et la fonctionnalit\u00e9 en m\u00eame temps.<\/p>\n","protected":false},"featured_media":674956,"comment_status":"open","ping_status":"open","template":"","meta":[],"product_brand":[],"product_cat":[3212,3319],"product_tag":[],"class_list":{"0":"post-674954","1":"product","2":"type-product","3":"status-publish","4":"has-post-thumbnail","6":"product_cat-all-product","7":"product_cat-kedy","8":"pa_rozmir-910","9":"pa_rozmir-912","10":"pa_rozmir-914","11":"pa_rozmir-915","12":"pa_rozmir-916","13":"pa_rozmir-917","14":"pa_rozmir-918","15":"pa_rozmir-919","16":"pa_rozmir-920","17":"pa_rozmir-921","18":"pa_rozmir-922","20":"first","21":"instock","22":"purchasable","23":"product-type-variable"},"_links":{"self":[{"href":"https:\/\/nextsnkr.com\/fr\/wp-json\/wp\/v2\/product\/674954","targetHints":{"allow":["GET"]}}],"collection":[{"href":"https:\/\/nextsnkr.com\/fr\/wp-json\/wp\/v2\/product"}],"about":[{"href":"https:\/\/nextsnkr.com\/fr\/wp-json\/wp\/v2\/types\/product"}],"replies":[{"embeddable":true,"href":"https:\/\/nextsnkr.com\/fr\/wp-json\/wp\/v2\/comments?post=674954"}],"version-history":[{"count":0,"href":"https:\/\/nextsnkr.com\/fr\/wp-json\/wp\/v2\/product\/674954\/revisions"}],"wp:featuredmedia":[{"embeddable":true,"href":"https:\/\/nextsnkr.com\/fr\/wp-json\/wp\/v2\/media\/674956"}],"wp:attachment":[{"href":"https:\/\/nextsnkr.com\/fr\/wp-json\/wp\/v2\/media?parent=674954"}],"wp:term":[{"taxonomy":"product_brand","embeddable":true,"href":"https:\/\/nextsnkr.com\/fr\/wp-json\/wp\/v2\/product_brand?post=674954"},{"taxonomy":"product_cat","embeddable":true,"href":"https:\/\/nextsnkr.com\/fr\/wp-json\/wp\/v2\/product_cat?post=674954"},{"taxonomy":"product_tag","embeddable":true,"href":"https:\/\/nextsnkr.com\/fr\/wp-json\/wp\/v2\/product_tag?post=674954"}],"curies":[{"name":"wp","href":"https:\/\/api.w.org\/{rel}","templated":true}]}}