{"id":674616,"date":"2025-06-18T21:11:53","date_gmt":"2025-06-18T18:11:53","guid":{"rendered":"https:\/\/nextsnkr.com\/product\/nike-sb-dunk-disrupt-barely-rose\/"},"modified":"2026-01-31T17:49:51","modified_gmt":"2026-01-31T14:49:51","slug":"nike-sb-dunk-disrupt-barely-rose","status":"publish","type":"product","link":"https:\/\/nextsnkr.com\/fr\/produit\/nike-sb-dunk-disrupt-barely-rose\/","title":{"rendered":"Baskets Nike SB Dunk Disrupt Barely Rose-baskets en cuir et textile"},"content":{"rendered":"<h2>Baskets Nike SB Dunk Disrupt Barely Rose-baskets en cuir et textile<\/h2>\n<p>Les \u00e9l\u00e9gantes baskets Nike SB Dunk Disrupt Barely Rose associent cuir Premium et textile respirant pour plus de confort et de durabilit\u00e9. Le mod\u00e8le offre un amorti confortable et une stabilit\u00e9 lors d&rsquo;une utilisation active, tandis que la nuance rose d\u00e9licate rend les baskets un accent brillant dans n&rsquo;importe quelle image. Un choix parfait pour un usage quotidien, une planche \u00e0 roulettes ou un style urbain. La l\u00e9gendaire marque Nike garantit une haute qualit\u00e9 et un design \u00e9l\u00e9gant.<\/p>\n","protected":false},"excerpt":{"rendered":"<p>Les \u00e9l\u00e9gantes baskets Nike SB Dunk Disrupt Barely Rose associent cuir Premium et textile respirant pour plus de confort et de durabilit\u00e9. Le mod\u00e8le offre un amorti confortable et une stabilit\u00e9 lors d&rsquo;une utilisation active, tandis que la nuance rose d\u00e9licate rend les baskets un accent brillant dans n&rsquo;importe quelle image. Un choix parfait pour un usage quotidien, une planche \u00e0 roulettes ou un style urbain. La l\u00e9gendaire marque Nike garantit une haute qualit\u00e9 et un design \u00e9l\u00e9gant.<\/p>\n","protected":false},"featured_media":674620,"comment_status":"open","ping_status":"open","template":"","meta":[],"product_brand":[],"product_cat":[3212,3319],"product_tag":[],"class_list":{"0":"post-674616","1":"product","2":"type-product","3":"status-publish","4":"has-post-thumbnail","6":"product_cat-all-product","7":"product_cat-kedy","8":"pa_rozmir-910","9":"pa_rozmir-912","10":"pa_rozmir-914","11":"pa_rozmir-915","12":"pa_rozmir-916","13":"pa_rozmir-917","14":"pa_rozmir-918","15":"pa_rozmir-919","16":"pa_rozmir-920","17":"pa_rozmir-921","18":"pa_rozmir-922","20":"first","21":"instock","22":"purchasable","23":"product-type-variable"},"_links":{"self":[{"href":"https:\/\/nextsnkr.com\/fr\/wp-json\/wp\/v2\/product\/674616","targetHints":{"allow":["GET"]}}],"collection":[{"href":"https:\/\/nextsnkr.com\/fr\/wp-json\/wp\/v2\/product"}],"about":[{"href":"https:\/\/nextsnkr.com\/fr\/wp-json\/wp\/v2\/types\/product"}],"replies":[{"embeddable":true,"href":"https:\/\/nextsnkr.com\/fr\/wp-json\/wp\/v2\/comments?post=674616"}],"version-history":[{"count":0,"href":"https:\/\/nextsnkr.com\/fr\/wp-json\/wp\/v2\/product\/674616\/revisions"}],"wp:featuredmedia":[{"embeddable":true,"href":"https:\/\/nextsnkr.com\/fr\/wp-json\/wp\/v2\/media\/674620"}],"wp:attachment":[{"href":"https:\/\/nextsnkr.com\/fr\/wp-json\/wp\/v2\/media?parent=674616"}],"wp:term":[{"taxonomy":"product_brand","embeddable":true,"href":"https:\/\/nextsnkr.com\/fr\/wp-json\/wp\/v2\/product_brand?post=674616"},{"taxonomy":"product_cat","embeddable":true,"href":"https:\/\/nextsnkr.com\/fr\/wp-json\/wp\/v2\/product_cat?post=674616"},{"taxonomy":"product_tag","embeddable":true,"href":"https:\/\/nextsnkr.com\/fr\/wp-json\/wp\/v2\/product_tag?post=674616"}],"curies":[{"name":"wp","href":"https:\/\/api.w.org\/{rel}","templated":true}]}}