{"id":672629,"date":"2025-06-13T12:54:31","date_gmt":"2025-06-13T09:54:31","guid":{"rendered":"https:\/\/nextsnkr.com\/product\/wapor-white-no-brand\/"},"modified":"2026-01-31T17:49:02","modified_gmt":"2026-01-31T14:49:02","slug":"wapor-white-no-brand","status":"publish","type":"product","link":"https:\/\/nextsnkr.com\/fr\/produit\/wapor-white-no-brand\/","title":{"rendered":"Baskets Vapore White en textile et \u00e9co-cuir"},"content":{"rendered":"<h2>Baskets Vapore White en textile et \u00e9co-cuir<\/h2>\n<p>Les baskets Vapore White, l\u00e9g\u00e8res et confortables, sont fabriqu\u00e9es dans une combinaison de Textiles respirants et de cuir \u00e9cologique durable pour un confort et une r\u00e9sistance \u00e0 l&rsquo;usure. Fabriqu\u00e9s au Vietnam, ils ont un design blanc polyvalent qui se Marie facilement avec tous les styles de v\u00eatements. Convient pour le port quotidien, la marche et les activit\u00e9s de plein air. Un choix parfait pour ceux qui recherchent des chaussures pratiques et \u00e9l\u00e9gantes pour tous les jours.<\/p>\n","protected":false},"excerpt":{"rendered":"<p>Les baskets Vapore White, l\u00e9g\u00e8res et confortables, sont fabriqu\u00e9es dans une combinaison de Textiles respirants et de cuir \u00e9cologique durable pour un confort et une r\u00e9sistance \u00e0 l&rsquo;usure. Fabriqu\u00e9s au Vietnam, ils ont un design blanc polyvalent qui se Marie facilement avec tous les styles de v\u00eatements. Convient pour le port quotidien, la marche et les activit\u00e9s de plein air. Un choix parfait pour ceux qui recherchent des chaussures pratiques et \u00e9l\u00e9gantes pour tous les jours.<\/p>\n","protected":false},"featured_media":672632,"comment_status":"open","ping_status":"open","template":"","meta":[],"product_brand":[],"product_cat":[3212,3213],"product_tag":[],"class_list":{"0":"post-672629","1":"product","2":"type-product","3":"status-publish","4":"has-post-thumbnail","6":"product_cat-all-product","7":"product_cat-krosivky","8":"pa_rozmir-910","9":"pa_rozmir-912","10":"pa_rozmir-914","11":"pa_rozmir-915","12":"pa_rozmir-916","13":"pa_rozmir-917","14":"pa_rozmir-918","15":"pa_rozmir-919","16":"pa_rozmir-920","17":"pa_rozmir-921","18":"pa_rozmir-922","20":"first","21":"instock","22":"purchasable","23":"product-type-variable"},"_links":{"self":[{"href":"https:\/\/nextsnkr.com\/fr\/wp-json\/wp\/v2\/product\/672629","targetHints":{"allow":["GET"]}}],"collection":[{"href":"https:\/\/nextsnkr.com\/fr\/wp-json\/wp\/v2\/product"}],"about":[{"href":"https:\/\/nextsnkr.com\/fr\/wp-json\/wp\/v2\/types\/product"}],"replies":[{"embeddable":true,"href":"https:\/\/nextsnkr.com\/fr\/wp-json\/wp\/v2\/comments?post=672629"}],"version-history":[{"count":0,"href":"https:\/\/nextsnkr.com\/fr\/wp-json\/wp\/v2\/product\/672629\/revisions"}],"wp:featuredmedia":[{"embeddable":true,"href":"https:\/\/nextsnkr.com\/fr\/wp-json\/wp\/v2\/media\/672632"}],"wp:attachment":[{"href":"https:\/\/nextsnkr.com\/fr\/wp-json\/wp\/v2\/media?parent=672629"}],"wp:term":[{"taxonomy":"product_brand","embeddable":true,"href":"https:\/\/nextsnkr.com\/fr\/wp-json\/wp\/v2\/product_brand?post=672629"},{"taxonomy":"product_cat","embeddable":true,"href":"https:\/\/nextsnkr.com\/fr\/wp-json\/wp\/v2\/product_cat?post=672629"},{"taxonomy":"product_tag","embeddable":true,"href":"https:\/\/nextsnkr.com\/fr\/wp-json\/wp\/v2\/product_tag?post=672629"}],"curies":[{"name":"wp","href":"https:\/\/api.w.org\/{rel}","templated":true}]}}