{"id":669502,"date":"2025-06-13T12:58:19","date_gmt":"2025-06-13T09:58:19","guid":{"rendered":"https:\/\/nextsnkr.com\/product\/ash-black-no-brand\/"},"modified":"2026-01-31T17:47:20","modified_gmt":"2026-01-31T14:47:20","slug":"ash-black-no-brand","status":"publish","type":"product","link":"https:\/\/nextsnkr.com\/fr\/produit\/ash-black-no-brand\/","title":{"rendered":"Baskets Ash Black-baskets Textiles \u00e9l\u00e9gantes en noir"},"content":{"rendered":"<h2>Baskets Ash Black-baskets Textiles \u00e9l\u00e9gantes en noir<\/h2>\n<p>Les baskets Ash Black sont fabriqu\u00e9es dans une combinaison de Textiles et de cuir \u00e9cologique pour offrir l\u00e9g\u00e8ret\u00e9, confort et r\u00e9sistance \u00e0 l&rsquo;usure. Avec son design noir polyvalent, le mod\u00e8le convient au port quotidien, \u00e0 la marche et aux activit\u00e9s de plein air. La semelle souple amortit bien et soutient le pied, offrant confort toute la journ\u00e9e. Pratique, moderne et confortable \u2014 un excellent choix pour ceux qui recherchent des baskets fiables pour tous les jours.<\/p>\n","protected":false},"excerpt":{"rendered":"<p>Les baskets Ash Black sont fabriqu\u00e9es dans une combinaison de Textiles et de cuir \u00e9cologique pour offrir l\u00e9g\u00e8ret\u00e9, confort et r\u00e9sistance \u00e0 l&rsquo;usure. Avec son design noir polyvalent, le mod\u00e8le convient au port quotidien, \u00e0 la marche et aux activit\u00e9s de plein air. La semelle souple amortit bien et soutient le pied, offrant confort toute la journ\u00e9e. Pratique, moderne et confortable \u2014 un excellent choix pour ceux qui recherchent des baskets fiables pour tous les jours.<\/p>\n","protected":false},"featured_media":669503,"comment_status":"open","ping_status":"open","template":"","meta":[],"product_brand":[],"product_cat":[3212,3213],"product_tag":[],"class_list":{"0":"post-669502","1":"product","2":"type-product","3":"status-publish","4":"has-post-thumbnail","6":"product_cat-all-product","7":"product_cat-krosivky","8":"pa_rozmir-910","9":"pa_rozmir-912","10":"pa_rozmir-914","11":"pa_rozmir-915","12":"pa_rozmir-916","13":"pa_rozmir-917","14":"pa_rozmir-918","15":"pa_rozmir-919","16":"pa_rozmir-920","17":"pa_rozmir-921","18":"pa_rozmir-922","20":"first","21":"onbackorder","22":"purchasable","23":"product-type-variable"},"_links":{"self":[{"href":"https:\/\/nextsnkr.com\/fr\/wp-json\/wp\/v2\/product\/669502","targetHints":{"allow":["GET"]}}],"collection":[{"href":"https:\/\/nextsnkr.com\/fr\/wp-json\/wp\/v2\/product"}],"about":[{"href":"https:\/\/nextsnkr.com\/fr\/wp-json\/wp\/v2\/types\/product"}],"replies":[{"embeddable":true,"href":"https:\/\/nextsnkr.com\/fr\/wp-json\/wp\/v2\/comments?post=669502"}],"version-history":[{"count":0,"href":"https:\/\/nextsnkr.com\/fr\/wp-json\/wp\/v2\/product\/669502\/revisions"}],"wp:featuredmedia":[{"embeddable":true,"href":"https:\/\/nextsnkr.com\/fr\/wp-json\/wp\/v2\/media\/669503"}],"wp:attachment":[{"href":"https:\/\/nextsnkr.com\/fr\/wp-json\/wp\/v2\/media?parent=669502"}],"wp:term":[{"taxonomy":"product_brand","embeddable":true,"href":"https:\/\/nextsnkr.com\/fr\/wp-json\/wp\/v2\/product_brand?post=669502"},{"taxonomy":"product_cat","embeddable":true,"href":"https:\/\/nextsnkr.com\/fr\/wp-json\/wp\/v2\/product_cat?post=669502"},{"taxonomy":"product_tag","embeddable":true,"href":"https:\/\/nextsnkr.com\/fr\/wp-json\/wp\/v2\/product_tag?post=669502"}],"curies":[{"name":"wp","href":"https:\/\/api.w.org\/{rel}","templated":true}]}}