{"id":668823,"date":"2025-06-13T12:59:03","date_gmt":"2025-06-13T09:59:03","guid":{"rendered":"https:\/\/nextsnkr.com\/product\/ugg-black-ultra-mini-no-logo-black\/"},"modified":"2026-01-31T17:47:02","modified_gmt":"2026-01-31T14:47:02","slug":"ugg-black-ultra-mini-no-logo-black","status":"publish","type":"product","link":"https:\/\/nextsnkr.com\/fr\/produit\/ugg-black-ultra-mini-no-logo-black\/","title":{"rendered":"Ugg Ultra mini Black No Logo-femmes \u00e9paissir UGG textile \/ \u00e9co-cuir"},"content":{"rendered":"<h2>Ugg Ultra mini Black No Logo-femmes \u00e9paissir UGG textile \/ \u00e9co-cuir<\/h2>\n<p>Ugg Ultra mini Black No Logo-Uggs noirs \u00e9l\u00e9gants avec un design minimaliste sans logo. Le mod\u00e8le est fabriqu\u00e9 \u00e0 partir d&rsquo;une combinaison de Textiles et de cuir respectueux de l&rsquo;environnement, ce qui procure l\u00e9g\u00e8ret\u00e9, confort et ajustement agr\u00e9able. Le petit format Ultra Mini ajoute de la polyvalence et de la commodit\u00e9 pour un port quotidien. Les Uggs fabriqu\u00e9s au Vietnam se distinguent par leur aspect pratique, r\u00e9sistant \u00e0 l&rsquo;usure et moderne. Un choix parfait pour la ville et la saison froide.<\/p>\n","protected":false},"excerpt":{"rendered":"<p>Ugg Ultra mini Black No Logo-Uggs noirs \u00e9l\u00e9gants avec un design minimaliste sans logo. Le mod\u00e8le est fabriqu\u00e9 \u00e0 partir d&rsquo;une combinaison de Textiles et de cuir respectueux de l&rsquo;environnement, ce qui procure l\u00e9g\u00e8ret\u00e9, confort et ajustement agr\u00e9able. Le petit format Ultra Mini ajoute de la polyvalence et de la commodit\u00e9 pour un port quotidien. Les Uggs fabriqu\u00e9s au Vietnam se distinguent par leur aspect pratique, r\u00e9sistant \u00e0 l&rsquo;usure et moderne. Un choix parfait pour la ville et la saison froide.<\/p>\n","protected":false},"featured_media":668824,"comment_status":"open","ping_status":"open","template":"","meta":[],"product_brand":[],"product_cat":[3408,3212],"product_tag":[],"class_list":{"0":"post-668823","1":"product","2":"type-product","3":"status-publish","4":"has-post-thumbnail","6":"product_cat-ugg","7":"product_cat-all-product","8":"pa_rozmir-910","9":"pa_rozmir-912","10":"pa_rozmir-914","11":"pa_rozmir-915","12":"pa_rozmir-916","13":"pa_rozmir-917","14":"pa_rozmir-918","15":"pa_rozmir-919","16":"pa_rozmir-920","17":"pa_rozmir-921","18":"pa_rozmir-922","20":"first","21":"onbackorder","22":"purchasable","23":"product-type-variable"},"_links":{"self":[{"href":"https:\/\/nextsnkr.com\/fr\/wp-json\/wp\/v2\/product\/668823","targetHints":{"allow":["GET"]}}],"collection":[{"href":"https:\/\/nextsnkr.com\/fr\/wp-json\/wp\/v2\/product"}],"about":[{"href":"https:\/\/nextsnkr.com\/fr\/wp-json\/wp\/v2\/types\/product"}],"replies":[{"embeddable":true,"href":"https:\/\/nextsnkr.com\/fr\/wp-json\/wp\/v2\/comments?post=668823"}],"version-history":[{"count":0,"href":"https:\/\/nextsnkr.com\/fr\/wp-json\/wp\/v2\/product\/668823\/revisions"}],"wp:featuredmedia":[{"embeddable":true,"href":"https:\/\/nextsnkr.com\/fr\/wp-json\/wp\/v2\/media\/668824"}],"wp:attachment":[{"href":"https:\/\/nextsnkr.com\/fr\/wp-json\/wp\/v2\/media?parent=668823"}],"wp:term":[{"taxonomy":"product_brand","embeddable":true,"href":"https:\/\/nextsnkr.com\/fr\/wp-json\/wp\/v2\/product_brand?post=668823"},{"taxonomy":"product_cat","embeddable":true,"href":"https:\/\/nextsnkr.com\/fr\/wp-json\/wp\/v2\/product_cat?post=668823"},{"taxonomy":"product_tag","embeddable":true,"href":"https:\/\/nextsnkr.com\/fr\/wp-json\/wp\/v2\/product_tag?post=668823"}],"curies":[{"name":"wp","href":"https:\/\/api.w.org\/{rel}","templated":true}]}}