{"id":667920,"date":"2025-06-18T21:30:46","date_gmt":"2025-06-18T18:30:46","guid":{"rendered":"https:\/\/nextsnkr.com\/product\/nike-sb-dunk-disrupt-black-white\/"},"modified":"2026-01-31T17:46:26","modified_gmt":"2026-01-31T14:46:26","slug":"nike-sb-dunk-disrupt-black-white","status":"publish","type":"product","link":"https:\/\/nextsnkr.com\/fr\/produit\/nike-sb-dunk-disrupt-black-white\/","title":{"rendered":"Baskets NIKE SB Dunk DISRUPT noir \/ blanc-cuir et textile"},"content":{"rendered":"<h2>Baskets NIKE SB Dunk DISRUPT noir \/ blanc-cuir et textile<\/h2>\n<p>Les \u00e9l\u00e9gantes baskets NIKE SB DUNK DISRUPT \u00ab\u00a0Black \/ White\u00a0\u00bb sont fabriqu\u00e9es en cuir et en textile pour un confort, une durabilit\u00e9 et une ventilation sup\u00e9rieure. Le mod\u00e8le de la marque Nike est id\u00e9al pour un usage quotidien et des activit\u00e9s de plein air. Le design contrast\u00e9 en noir et blanc donne \u00e0 l&rsquo;image un aspect moderne, tandis que la qualit\u00e9 sup\u00e9rieure des mat\u00e9riaux garantit la commodit\u00e9 et l&rsquo;utilisation durable. Ces baskets deviendront un accent \u00e9l\u00e9gant de votre garde-robe.<\/p>\n","protected":false},"excerpt":{"rendered":"<p>Les \u00e9l\u00e9gantes baskets NIKE SB DUNK DISRUPT \u00ab\u00a0Black \/ White\u00a0\u00bb sont fabriqu\u00e9es en cuir et en textile pour un confort, une durabilit\u00e9 et une ventilation sup\u00e9rieure. Le mod\u00e8le de la marque Nike est id\u00e9al pour un usage quotidien et des activit\u00e9s de plein air. Le design contrast\u00e9 en noir et blanc donne \u00e0 l&rsquo;image un aspect moderne, tandis que la qualit\u00e9 sup\u00e9rieure des mat\u00e9riaux garantit la commodit\u00e9 et l&rsquo;utilisation durable. Ces baskets deviendront un accent \u00e9l\u00e9gant de votre garde-robe.<\/p>\n","protected":false},"featured_media":667921,"comment_status":"open","ping_status":"open","template":"","meta":[],"product_brand":[],"product_cat":[3212,3319],"product_tag":[],"class_list":{"0":"post-667920","1":"product","2":"type-product","3":"status-publish","4":"has-post-thumbnail","6":"product_cat-all-product","7":"product_cat-kedy","8":"pa_rozmir-910","9":"pa_rozmir-912","10":"pa_rozmir-914","11":"pa_rozmir-915","12":"pa_rozmir-916","13":"pa_rozmir-917","14":"pa_rozmir-918","15":"pa_rozmir-919","16":"pa_rozmir-920","17":"pa_rozmir-921","18":"pa_rozmir-922","20":"first","21":"instock","22":"purchasable","23":"product-type-variable"},"_links":{"self":[{"href":"https:\/\/nextsnkr.com\/fr\/wp-json\/wp\/v2\/product\/667920","targetHints":{"allow":["GET"]}}],"collection":[{"href":"https:\/\/nextsnkr.com\/fr\/wp-json\/wp\/v2\/product"}],"about":[{"href":"https:\/\/nextsnkr.com\/fr\/wp-json\/wp\/v2\/types\/product"}],"replies":[{"embeddable":true,"href":"https:\/\/nextsnkr.com\/fr\/wp-json\/wp\/v2\/comments?post=667920"}],"version-history":[{"count":0,"href":"https:\/\/nextsnkr.com\/fr\/wp-json\/wp\/v2\/product\/667920\/revisions"}],"wp:featuredmedia":[{"embeddable":true,"href":"https:\/\/nextsnkr.com\/fr\/wp-json\/wp\/v2\/media\/667921"}],"wp:attachment":[{"href":"https:\/\/nextsnkr.com\/fr\/wp-json\/wp\/v2\/media?parent=667920"}],"wp:term":[{"taxonomy":"product_brand","embeddable":true,"href":"https:\/\/nextsnkr.com\/fr\/wp-json\/wp\/v2\/product_brand?post=667920"},{"taxonomy":"product_cat","embeddable":true,"href":"https:\/\/nextsnkr.com\/fr\/wp-json\/wp\/v2\/product_cat?post=667920"},{"taxonomy":"product_tag","embeddable":true,"href":"https:\/\/nextsnkr.com\/fr\/wp-json\/wp\/v2\/product_tag?post=667920"}],"curies":[{"name":"wp","href":"https:\/\/api.w.org\/{rel}","templated":true}]}}