{"id":667803,"date":"2025-06-13T13:00:24","date_gmt":"2025-06-13T10:00:24","guid":{"rendered":"https:\/\/nextsnkr.com\/product\/prada-white-brushed-leather-loafers\/"},"modified":"2026-01-31T17:46:21","modified_gmt":"2026-01-31T14:46:21","slug":"prada-white-brushed-leather-loafers","status":"publish","type":"product","link":"https:\/\/nextsnkr.com\/fr\/produit\/prada-white-brushed-leather-loafers\/","title":{"rendered":"Mocassins Prada White Brushed Leather &#8211; blanc laqu\u00e9 hommes \/ femmes"},"content":{"rendered":"<h2>Mocassins Prada White Brushed Leather &#8211; blanc laqu\u00e9 hommes \/ femmes<\/h2>\n<p>Les mocassins Prada White Brushed Leather sont des chaussures de luxe en cuir verni de haute qualit\u00e9 fabriqu\u00e9es en Italie. Le blanc immacul\u00e9 et la silhouette embl\u00e9matique de Prada soulignent l&rsquo;\u00e9l\u00e9gance et le statut du porteur. Le mod\u00e8le se caract\u00e9rise par un ajustement confortable, la force et la polyvalence \u2014 convient aux images professionnelles et quotidiennes. Un choix parfait pour ceux qui appr\u00e9cient la qualit\u00e9 sup\u00e9rieure, le style et le look impeccable dans tous les d\u00e9tails.<\/p>\n","protected":false},"excerpt":{"rendered":"<p>Les mocassins Prada White Brushed Leather sont des chaussures de luxe en cuir verni de haute qualit\u00e9 fabriqu\u00e9es en Italie. Le blanc immacul\u00e9 et la silhouette embl\u00e9matique de Prada soulignent l&rsquo;\u00e9l\u00e9gance et le statut du porteur. Le mod\u00e8le se caract\u00e9rise par un ajustement confortable, la force et la polyvalence \u2014 convient aux images professionnelles et quotidiennes. Un choix parfait pour ceux qui appr\u00e9cient la qualit\u00e9 sup\u00e9rieure, le style et le look impeccable dans tous les d\u00e9tails.<\/p>\n","protected":false},"featured_media":667804,"comment_status":"open","ping_status":"open","template":"","meta":[],"product_brand":[],"product_cat":[3212,4241],"product_tag":[],"class_list":{"0":"post-667803","1":"product","2":"type-product","3":"status-publish","4":"has-post-thumbnail","6":"product_cat-all-product","7":"product_cat-lofery","8":"pa_rozmir-910","9":"pa_rozmir-912","10":"pa_rozmir-914","11":"pa_rozmir-915","12":"pa_rozmir-916","13":"pa_rozmir-917","14":"pa_rozmir-918","15":"pa_rozmir-919","16":"pa_rozmir-920","17":"pa_rozmir-921","18":"pa_rozmir-922","20":"first","21":"instock","22":"purchasable","23":"product-type-variable"},"_links":{"self":[{"href":"https:\/\/nextsnkr.com\/fr\/wp-json\/wp\/v2\/product\/667803","targetHints":{"allow":["GET"]}}],"collection":[{"href":"https:\/\/nextsnkr.com\/fr\/wp-json\/wp\/v2\/product"}],"about":[{"href":"https:\/\/nextsnkr.com\/fr\/wp-json\/wp\/v2\/types\/product"}],"replies":[{"embeddable":true,"href":"https:\/\/nextsnkr.com\/fr\/wp-json\/wp\/v2\/comments?post=667803"}],"version-history":[{"count":0,"href":"https:\/\/nextsnkr.com\/fr\/wp-json\/wp\/v2\/product\/667803\/revisions"}],"wp:featuredmedia":[{"embeddable":true,"href":"https:\/\/nextsnkr.com\/fr\/wp-json\/wp\/v2\/media\/667804"}],"wp:attachment":[{"href":"https:\/\/nextsnkr.com\/fr\/wp-json\/wp\/v2\/media?parent=667803"}],"wp:term":[{"taxonomy":"product_brand","embeddable":true,"href":"https:\/\/nextsnkr.com\/fr\/wp-json\/wp\/v2\/product_brand?post=667803"},{"taxonomy":"product_cat","embeddable":true,"href":"https:\/\/nextsnkr.com\/fr\/wp-json\/wp\/v2\/product_cat?post=667803"},{"taxonomy":"product_tag","embeddable":true,"href":"https:\/\/nextsnkr.com\/fr\/wp-json\/wp\/v2\/product_tag?post=667803"}],"curies":[{"name":"wp","href":"https:\/\/api.w.org\/{rel}","templated":true}]}}