{"id":667025,"date":"2025-06-13T13:01:20","date_gmt":"2025-06-13T10:01:20","guid":{"rendered":"https:\/\/nextsnkr.com\/product\/louis-vuitton-easy-pouch-on-strap\/"},"modified":"2026-01-31T17:45:49","modified_gmt":"2026-01-31T14:45:49","slug":"louis-vuitton-easy-pouch-on-strap","status":"publish","type":"product","link":"https:\/\/nextsnkr.com\/fr\/produit\/louis-vuitton-easy-pouch-on-strap\/","title":{"rendered":"Sac Louis Vuitton Easy Pouch on Strap-\u00e9l\u00e9gant cuir \u00e9cologique pour femme"},"content":{"rendered":"<h2>Sac Louis Vuitton Easy Pouch on Strap-\u00e9l\u00e9gant cuir \u00e9cologique pour femme<\/h2>\n<p>Le sac Louis Vuitton Easy Pouch On Strap est un accessoire \u00e9l\u00e9gant et pratique pour un usage quotidien. Le mod\u00e8le est fabriqu\u00e9 en \u00e9co-cuir de haute qualit\u00e9, alliant look \u00e9l\u00e9gant, praticit\u00e9 et entretien facile. Le format Compact vous permet de placer tout ce dont vous avez besoin, tandis que la sangle confortable vous permet de porter confortablement sur l&rsquo;\u00e9paule ou sur l&rsquo;\u00e9paule. Le design \u00e9l\u00e9gant dans l&rsquo;esprit de Louis Vuitton fait de ce sac le compl\u00e9ment parfait \u00e0 n&rsquo;importe quel look, soulignant le go\u00fbt et la confiance du propri\u00e9taire.<\/p>\n","protected":false},"excerpt":{"rendered":"<p>Le sac Louis Vuitton Easy Pouch On Strap est un accessoire \u00e9l\u00e9gant et pratique pour un usage quotidien. Le mod\u00e8le est fabriqu\u00e9 en \u00e9co-cuir de haute qualit\u00e9, alliant look \u00e9l\u00e9gant, praticit\u00e9 et entretien facile. Le format Compact vous permet de placer tout ce dont vous avez besoin, tandis que la sangle confortable vous permet de porter confortablement sur l&rsquo;\u00e9paule ou sur l&rsquo;\u00e9paule. Le design \u00e9l\u00e9gant dans l&rsquo;esprit de Louis Vuitton fait de ce sac le compl\u00e9ment parfait \u00e0 n&rsquo;importe quel look, soulignant le go\u00fbt et la confiance du propri\u00e9taire.<\/p>\n","protected":false},"featured_media":667026,"comment_status":"open","ping_status":"open","template":"","meta":[],"product_brand":[],"product_cat":[3212,3478],"product_tag":[],"class_list":{"0":"post-667025","1":"product","2":"type-product","3":"status-publish","4":"has-post-thumbnail","6":"product_cat-all-product","7":"product_cat-sumky","8":"pa_rozmir-20kh13kh5","10":"first","11":"instock","12":"purchasable","13":"product-type-simple"},"_links":{"self":[{"href":"https:\/\/nextsnkr.com\/fr\/wp-json\/wp\/v2\/product\/667025","targetHints":{"allow":["GET"]}}],"collection":[{"href":"https:\/\/nextsnkr.com\/fr\/wp-json\/wp\/v2\/product"}],"about":[{"href":"https:\/\/nextsnkr.com\/fr\/wp-json\/wp\/v2\/types\/product"}],"replies":[{"embeddable":true,"href":"https:\/\/nextsnkr.com\/fr\/wp-json\/wp\/v2\/comments?post=667025"}],"version-history":[{"count":0,"href":"https:\/\/nextsnkr.com\/fr\/wp-json\/wp\/v2\/product\/667025\/revisions"}],"wp:featuredmedia":[{"embeddable":true,"href":"https:\/\/nextsnkr.com\/fr\/wp-json\/wp\/v2\/media\/667026"}],"wp:attachment":[{"href":"https:\/\/nextsnkr.com\/fr\/wp-json\/wp\/v2\/media?parent=667025"}],"wp:term":[{"taxonomy":"product_brand","embeddable":true,"href":"https:\/\/nextsnkr.com\/fr\/wp-json\/wp\/v2\/product_brand?post=667025"},{"taxonomy":"product_cat","embeddable":true,"href":"https:\/\/nextsnkr.com\/fr\/wp-json\/wp\/v2\/product_cat?post=667025"},{"taxonomy":"product_tag","embeddable":true,"href":"https:\/\/nextsnkr.com\/fr\/wp-json\/wp\/v2\/product_tag?post=667025"}],"curies":[{"name":"wp","href":"https:\/\/api.w.org\/{rel}","templated":true}]}}