{"id":666945,"date":"2025-06-13T13:03:23","date_gmt":"2025-06-13T10:03:23","guid":{"rendered":"https:\/\/nextsnkr.com\/product\/lv-neverfull-beige\/"},"modified":"2026-01-31T17:45:37","modified_gmt":"2026-01-31T14:45:37","slug":"lv-neverfull-beige","status":"publish","type":"product","link":"https:\/\/nextsnkr.com\/fr\/produit\/lv-neverfull-beige\/","title":{"rendered":"Sac LV Neverfull Beige-cuir \u00e9cologique beige pour femme"},"content":{"rendered":"<h2>Sac LV Neverfull Beige-cuir \u00e9cologique beige pour femme<\/h2>\n<p>Le sac LV Neverfull Beige est un accessoire \u00e9l\u00e9gant et spacieux con\u00e7u pour un usage quotidien. Le mod\u00e8le est fabriqu\u00e9 en \u00e9co-cuir de haute qualit\u00e9, alliant aspect attrayant, r\u00e9sistance \u00e0 l&rsquo;usure et facilit\u00e9 d&rsquo;entretien. La couleur beige rend le sac polyvalent et adapt\u00e9 \u00e0 toute garde-robe. Le format spacieux Neverfull vous permet de placer facilement toutes les choses n\u00e9cessaires. Le choix id\u00e9al pour ceux qui appr\u00e9cient le style, la praticit\u00e9 et le confort dans les images quotidiennes.<\/p>\n","protected":false},"excerpt":{"rendered":"<p>Le sac LV Neverfull Beige est un accessoire \u00e9l\u00e9gant et spacieux con\u00e7u pour un usage quotidien. Le mod\u00e8le est fabriqu\u00e9 en \u00e9co-cuir de haute qualit\u00e9, alliant aspect attrayant, r\u00e9sistance \u00e0 l&rsquo;usure et facilit\u00e9 d&rsquo;entretien. La couleur beige rend le sac polyvalent et adapt\u00e9 \u00e0 toute garde-robe. Le format spacieux Neverfull vous permet de placer facilement toutes les choses n\u00e9cessaires. Le choix id\u00e9al pour ceux qui appr\u00e9cient le style, la praticit\u00e9 et le confort dans les images quotidiennes.<\/p>\n","protected":false},"featured_media":666946,"comment_status":"open","ping_status":"open","template":"","meta":[],"product_brand":[],"product_cat":[3212,3478],"product_tag":[],"class_list":{"0":"post-666945","1":"product","2":"type-product","3":"status-publish","4":"has-post-thumbnail","6":"product_cat-all-product","7":"product_cat-sumky","8":"pa_rozmir-sale","10":"first","11":"instock","12":"purchasable","13":"product-type-simple"},"_links":{"self":[{"href":"https:\/\/nextsnkr.com\/fr\/wp-json\/wp\/v2\/product\/666945","targetHints":{"allow":["GET"]}}],"collection":[{"href":"https:\/\/nextsnkr.com\/fr\/wp-json\/wp\/v2\/product"}],"about":[{"href":"https:\/\/nextsnkr.com\/fr\/wp-json\/wp\/v2\/types\/product"}],"replies":[{"embeddable":true,"href":"https:\/\/nextsnkr.com\/fr\/wp-json\/wp\/v2\/comments?post=666945"}],"version-history":[{"count":0,"href":"https:\/\/nextsnkr.com\/fr\/wp-json\/wp\/v2\/product\/666945\/revisions"}],"wp:featuredmedia":[{"embeddable":true,"href":"https:\/\/nextsnkr.com\/fr\/wp-json\/wp\/v2\/media\/666946"}],"wp:attachment":[{"href":"https:\/\/nextsnkr.com\/fr\/wp-json\/wp\/v2\/media?parent=666945"}],"wp:term":[{"taxonomy":"product_brand","embeddable":true,"href":"https:\/\/nextsnkr.com\/fr\/wp-json\/wp\/v2\/product_brand?post=666945"},{"taxonomy":"product_cat","embeddable":true,"href":"https:\/\/nextsnkr.com\/fr\/wp-json\/wp\/v2\/product_cat?post=666945"},{"taxonomy":"product_tag","embeddable":true,"href":"https:\/\/nextsnkr.com\/fr\/wp-json\/wp\/v2\/product_tag?post=666945"}],"curies":[{"name":"wp","href":"https:\/\/api.w.org\/{rel}","templated":true}]}}