{"id":665974,"date":"2025-06-13T13:05:59","date_gmt":"2025-06-13T10:05:59","guid":{"rendered":"https:\/\/nextsnkr.com\/product\/chanel-tweed\/"},"modified":"2026-01-31T17:44:17","modified_gmt":"2026-01-31T14:44:17","slug":"chanel-tweed","status":"publish","type":"product","link":"https:\/\/nextsnkr.com\/fr\/produit\/chanel-tweed\/","title":{"rendered":"Sac textile Chanel Tweed-\u00e9l\u00e9gant et \u00e9l\u00e9gant"},"content":{"rendered":"<h2>Sac textile Chanel Tweed-\u00e9l\u00e9gant et \u00e9l\u00e9gant<\/h2>\n<p>Le sac Chanel Tweed est fabriqu\u00e9 \u00e0 partir de Textiles de haute qualit\u00e9 qui allient douceur, l\u00e9g\u00e8ret\u00e9 et durabilit\u00e9. La texture en Tweed donne \u00e0 l&rsquo;accessoire un aspect exquis, ce qui en fait le compl\u00e9ment id\u00e9al aux looks d\u00e9contract\u00e9s et festifs. Le compartiment int\u00e9rieur spacieux et la forme confortable offrent un confort d&rsquo;utilisation. Un sac \u00e9l\u00e9gant et pratique sera un accent spectaculaire dans la garde-robe d&rsquo;une femme moderne.<\/p>\n","protected":false},"excerpt":{"rendered":"<p>Le sac Chanel Tweed est fabriqu\u00e9 \u00e0 partir de Textiles de haute qualit\u00e9 qui allient douceur, l\u00e9g\u00e8ret\u00e9 et durabilit\u00e9. La texture en Tweed donne \u00e0 l&rsquo;accessoire un aspect exquis, ce qui en fait le compl\u00e9ment id\u00e9al aux looks d\u00e9contract\u00e9s et festifs. Le compartiment int\u00e9rieur spacieux et la forme confortable offrent un confort d&rsquo;utilisation. Un sac \u00e9l\u00e9gant et pratique sera un accent spectaculaire dans la garde-robe d&rsquo;une femme moderne.<\/p>\n","protected":false},"featured_media":665981,"comment_status":"open","ping_status":"open","template":"","meta":[],"product_brand":[],"product_cat":[3212,3478],"product_tag":[],"class_list":{"0":"post-665974","1":"product","2":"type-product","3":"status-publish","4":"has-post-thumbnail","6":"product_cat-all-product","7":"product_cat-sumky","8":"pa_rozmir-20kh14","10":"first","11":"instock","12":"purchasable","13":"product-type-simple"},"_links":{"self":[{"href":"https:\/\/nextsnkr.com\/fr\/wp-json\/wp\/v2\/product\/665974","targetHints":{"allow":["GET"]}}],"collection":[{"href":"https:\/\/nextsnkr.com\/fr\/wp-json\/wp\/v2\/product"}],"about":[{"href":"https:\/\/nextsnkr.com\/fr\/wp-json\/wp\/v2\/types\/product"}],"replies":[{"embeddable":true,"href":"https:\/\/nextsnkr.com\/fr\/wp-json\/wp\/v2\/comments?post=665974"}],"version-history":[{"count":0,"href":"https:\/\/nextsnkr.com\/fr\/wp-json\/wp\/v2\/product\/665974\/revisions"}],"wp:featuredmedia":[{"embeddable":true,"href":"https:\/\/nextsnkr.com\/fr\/wp-json\/wp\/v2\/media\/665981"}],"wp:attachment":[{"href":"https:\/\/nextsnkr.com\/fr\/wp-json\/wp\/v2\/media?parent=665974"}],"wp:term":[{"taxonomy":"product_brand","embeddable":true,"href":"https:\/\/nextsnkr.com\/fr\/wp-json\/wp\/v2\/product_brand?post=665974"},{"taxonomy":"product_cat","embeddable":true,"href":"https:\/\/nextsnkr.com\/fr\/wp-json\/wp\/v2\/product_cat?post=665974"},{"taxonomy":"product_tag","embeddable":true,"href":"https:\/\/nextsnkr.com\/fr\/wp-json\/wp\/v2\/product_tag?post=665974"}],"curies":[{"name":"wp","href":"https:\/\/api.w.org\/{rel}","templated":true}]}}