{"id":665370,"date":"2025-06-18T21:57:22","date_gmt":"2025-06-18T18:57:22","guid":{"rendered":"https:\/\/nextsnkr.com\/product\/dg-daymaster-black-white\/"},"modified":"2026-01-31T17:43:53","modified_gmt":"2026-01-31T14:43:53","slug":"dg-daymaster-black-white","status":"publish","type":"product","link":"https:\/\/nextsnkr.com\/fr\/produit\/dg-daymaster-black-white\/","title":{"rendered":"Baskets DG Daymaster noir \/ blanc-cuir, \u00e9l\u00e9gant et confortable"},"content":{"rendered":"<h2>Baskets DG Daymaster noir \/ blanc-cuir, \u00e9l\u00e9gant et confortable<\/h2>\n<p>Les baskets \u00e9l\u00e9gantes DG Daymaster Black \/ White sont fabriqu\u00e9es en cuir de haute qualit\u00e9, offrant confort et durabilit\u00e9. Parfait pour un usage quotidien et un style de vie actif, alliant design moderne et praticit\u00e9. Avec la couleur polyvalente noir \/ blanc, ils se marient facilement avec n&rsquo;importe quelle fa\u00e7on, soulignant votre style et votre confiance. Choisissez DG Daymaster pour vous sentir \u00e0 l&rsquo;aise et \u00e0 la mode tous les jours.<\/p>\n","protected":false},"excerpt":{"rendered":"<p>Les baskets \u00e9l\u00e9gantes DG Daymaster Black \/ White sont fabriqu\u00e9es en cuir de haute qualit\u00e9, offrant confort et durabilit\u00e9. Parfait pour un usage quotidien et un style de vie actif, alliant design moderne et praticit\u00e9. Avec la couleur polyvalente noir \/ blanc, ils se marient facilement avec n&rsquo;importe quelle fa\u00e7on, soulignant votre style et votre confiance. Choisissez DG Daymaster pour vous sentir \u00e0 l&rsquo;aise et \u00e0 la mode tous les jours.<\/p>\n","protected":false},"featured_media":665371,"comment_status":"open","ping_status":"open","template":"","meta":[],"product_brand":[],"product_cat":[3212,3213],"product_tag":[],"class_list":{"0":"post-665370","1":"product","2":"type-product","3":"status-publish","4":"has-post-thumbnail","6":"product_cat-all-product","7":"product_cat-krosivky","8":"pa_rozmir-910","9":"pa_rozmir-912","10":"pa_rozmir-914","11":"pa_rozmir-915","12":"pa_rozmir-916","13":"pa_rozmir-917","14":"pa_rozmir-918","15":"pa_rozmir-919","16":"pa_rozmir-920","17":"pa_rozmir-921","18":"pa_rozmir-922","20":"first","21":"instock","22":"purchasable","23":"product-type-variable"},"_links":{"self":[{"href":"https:\/\/nextsnkr.com\/fr\/wp-json\/wp\/v2\/product\/665370","targetHints":{"allow":["GET"]}}],"collection":[{"href":"https:\/\/nextsnkr.com\/fr\/wp-json\/wp\/v2\/product"}],"about":[{"href":"https:\/\/nextsnkr.com\/fr\/wp-json\/wp\/v2\/types\/product"}],"replies":[{"embeddable":true,"href":"https:\/\/nextsnkr.com\/fr\/wp-json\/wp\/v2\/comments?post=665370"}],"version-history":[{"count":0,"href":"https:\/\/nextsnkr.com\/fr\/wp-json\/wp\/v2\/product\/665370\/revisions"}],"wp:featuredmedia":[{"embeddable":true,"href":"https:\/\/nextsnkr.com\/fr\/wp-json\/wp\/v2\/media\/665371"}],"wp:attachment":[{"href":"https:\/\/nextsnkr.com\/fr\/wp-json\/wp\/v2\/media?parent=665370"}],"wp:term":[{"taxonomy":"product_brand","embeddable":true,"href":"https:\/\/nextsnkr.com\/fr\/wp-json\/wp\/v2\/product_brand?post=665370"},{"taxonomy":"product_cat","embeddable":true,"href":"https:\/\/nextsnkr.com\/fr\/wp-json\/wp\/v2\/product_cat?post=665370"},{"taxonomy":"product_tag","embeddable":true,"href":"https:\/\/nextsnkr.com\/fr\/wp-json\/wp\/v2\/product_tag?post=665370"}],"curies":[{"name":"wp","href":"https:\/\/api.w.org\/{rel}","templated":true}]}}