{"id":665104,"date":"2025-06-13T13:08:16","date_gmt":"2025-06-13T10:08:16","guid":{"rendered":"https:\/\/nextsnkr.com\/product\/marc-jacobs\/"},"modified":"2026-01-31T17:43:18","modified_gmt":"2026-01-31T14:43:18","slug":"marc-jacobs","status":"publish","type":"product","link":"https:\/\/nextsnkr.com\/fr\/produit\/marc-jacobs\/","title":{"rendered":"Marc Jacobs sac \u00e0 main-\u00e9l\u00e9gant textile femmes sac 20\u00d715\u00d78"},"content":{"rendered":"<h2>Marc Jacobs sac \u00e0 main-\u00e9l\u00e9gant textile femmes sac 20\u00d715\u00d78<\/h2>\n<p>Le sac Marc Jacobs est un accessoire \u00e9l\u00e9gant en textile de qualit\u00e9 cr\u00e9\u00e9 en Turquie. Le mod\u00e8le a une taille compacte de 20\u00d715\u00d78 cm et un compartiment spacieux dans lequel il est pratique de placer toutes les choses n\u00e9cessaires. Le mat\u00e9riau l\u00e9ger et durable offre un confort d&rsquo;utilisation quotidien, tandis que le design \u00e9l\u00e9gant ajoute \u00e0 l&rsquo;image de la modernit\u00e9. Le sac Marc Jacobs est le choix id\u00e9al pour ceux qui appr\u00e9cient la praticit\u00e9, la qualit\u00e9 et le look impeccable.<\/p>\n","protected":false},"excerpt":{"rendered":"<p>Le sac Marc Jacobs est un accessoire \u00e9l\u00e9gant en textile de qualit\u00e9 cr\u00e9\u00e9 en Turquie. Le mod\u00e8le a une taille compacte de 20\u00d715\u00d78 cm et un compartiment spacieux dans lequel il est pratique de placer toutes les choses n\u00e9cessaires. Le mat\u00e9riau l\u00e9ger et durable offre un confort d&rsquo;utilisation quotidien, tandis que le design \u00e9l\u00e9gant ajoute \u00e0 l&rsquo;image de la modernit\u00e9. Le sac Marc Jacobs est le choix id\u00e9al pour ceux qui appr\u00e9cient la praticit\u00e9, la qualit\u00e9 et le look impeccable.<\/p>\n","protected":false},"featured_media":665105,"comment_status":"open","ping_status":"open","template":"","meta":[],"product_brand":[],"product_cat":[3212,3478],"product_tag":[],"class_list":{"0":"post-665104","1":"product","2":"type-product","3":"status-publish","4":"has-post-thumbnail","6":"product_cat-all-product","7":"product_cat-sumky","8":"pa_rozmir-20x15x8","10":"first","11":"instock","12":"purchasable","13":"product-type-simple"},"_links":{"self":[{"href":"https:\/\/nextsnkr.com\/fr\/wp-json\/wp\/v2\/product\/665104","targetHints":{"allow":["GET"]}}],"collection":[{"href":"https:\/\/nextsnkr.com\/fr\/wp-json\/wp\/v2\/product"}],"about":[{"href":"https:\/\/nextsnkr.com\/fr\/wp-json\/wp\/v2\/types\/product"}],"replies":[{"embeddable":true,"href":"https:\/\/nextsnkr.com\/fr\/wp-json\/wp\/v2\/comments?post=665104"}],"version-history":[{"count":0,"href":"https:\/\/nextsnkr.com\/fr\/wp-json\/wp\/v2\/product\/665104\/revisions"}],"wp:featuredmedia":[{"embeddable":true,"href":"https:\/\/nextsnkr.com\/fr\/wp-json\/wp\/v2\/media\/665105"}],"wp:attachment":[{"href":"https:\/\/nextsnkr.com\/fr\/wp-json\/wp\/v2\/media?parent=665104"}],"wp:term":[{"taxonomy":"product_brand","embeddable":true,"href":"https:\/\/nextsnkr.com\/fr\/wp-json\/wp\/v2\/product_brand?post=665104"},{"taxonomy":"product_cat","embeddable":true,"href":"https:\/\/nextsnkr.com\/fr\/wp-json\/wp\/v2\/product_cat?post=665104"},{"taxonomy":"product_tag","embeddable":true,"href":"https:\/\/nextsnkr.com\/fr\/wp-json\/wp\/v2\/product_tag?post=665104"}],"curies":[{"name":"wp","href":"https:\/\/api.w.org\/{rel}","templated":true}]}}