{"id":662990,"date":"2025-06-18T22:09:45","date_gmt":"2025-06-18T19:09:45","guid":{"rendered":"https:\/\/nextsnkr.com\/product\/dg-white\/"},"modified":"2026-01-31T17:41:42","modified_gmt":"2026-01-31T14:41:42","slug":"dg-white","status":"publish","type":"product","link":"https:\/\/nextsnkr.com\/fr\/produit\/dg-white\/","title":{"rendered":"Baskets en cuir DG White-style et confort pour un port quotidien"},"content":{"rendered":"<h2>Baskets en cuir DG White-style et confort pour un port quotidien<\/h2>\n<p>Les baskets DG White sont fabriqu\u00e9es en cuir de haute qualit\u00e9, ce qui garantit durabilit\u00e9 et confort lors d&rsquo;une utilisation quotidienne. L\u00e9gers et confortables, ils allient design moderne et praticit\u00e9, cr\u00e9ant un look \u00e9l\u00e9gant et polyvalent. un choix parfait pour un usage quotidien et un mode de vie actif. Choisissez DG White pour le style et la fiabilit\u00e9 dans toutes les conditions.<\/p>\n","protected":false},"excerpt":{"rendered":"<p>Les baskets DG White sont fabriqu\u00e9es en cuir de haute qualit\u00e9, ce qui garantit durabilit\u00e9 et confort lors d&rsquo;une utilisation quotidienne. L\u00e9gers et confortables, ils allient design moderne et praticit\u00e9, cr\u00e9ant un look \u00e9l\u00e9gant et polyvalent. un choix parfait pour un usage quotidien et un mode de vie actif. Choisissez DG White pour le style et la fiabilit\u00e9 dans toutes les conditions.<\/p>\n","protected":false},"featured_media":662991,"comment_status":"open","ping_status":"open","template":"","meta":[],"product_brand":[],"product_cat":[3212,3319],"product_tag":[],"class_list":{"0":"post-662990","1":"product","2":"type-product","3":"status-publish","4":"has-post-thumbnail","6":"product_cat-all-product","7":"product_cat-kedy","8":"pa_rozmir-910","9":"pa_rozmir-912","10":"pa_rozmir-914","11":"pa_rozmir-915","12":"pa_rozmir-916","13":"pa_rozmir-917","14":"pa_rozmir-918","15":"pa_rozmir-919","16":"pa_rozmir-920","17":"pa_rozmir-921","18":"pa_rozmir-922","20":"first","21":"onbackorder","22":"purchasable","23":"product-type-variable"},"_links":{"self":[{"href":"https:\/\/nextsnkr.com\/fr\/wp-json\/wp\/v2\/product\/662990","targetHints":{"allow":["GET"]}}],"collection":[{"href":"https:\/\/nextsnkr.com\/fr\/wp-json\/wp\/v2\/product"}],"about":[{"href":"https:\/\/nextsnkr.com\/fr\/wp-json\/wp\/v2\/types\/product"}],"replies":[{"embeddable":true,"href":"https:\/\/nextsnkr.com\/fr\/wp-json\/wp\/v2\/comments?post=662990"}],"version-history":[{"count":0,"href":"https:\/\/nextsnkr.com\/fr\/wp-json\/wp\/v2\/product\/662990\/revisions"}],"wp:featuredmedia":[{"embeddable":true,"href":"https:\/\/nextsnkr.com\/fr\/wp-json\/wp\/v2\/media\/662991"}],"wp:attachment":[{"href":"https:\/\/nextsnkr.com\/fr\/wp-json\/wp\/v2\/media?parent=662990"}],"wp:term":[{"taxonomy":"product_brand","embeddable":true,"href":"https:\/\/nextsnkr.com\/fr\/wp-json\/wp\/v2\/product_brand?post=662990"},{"taxonomy":"product_cat","embeddable":true,"href":"https:\/\/nextsnkr.com\/fr\/wp-json\/wp\/v2\/product_cat?post=662990"},{"taxonomy":"product_tag","embeddable":true,"href":"https:\/\/nextsnkr.com\/fr\/wp-json\/wp\/v2\/product_tag?post=662990"}],"curies":[{"name":"wp","href":"https:\/\/api.w.org\/{rel}","templated":true}]}}