{"id":661736,"date":"2025-06-14T15:03:23","date_gmt":"2025-06-14T12:03:23","guid":{"rendered":"https:\/\/nextsnkr.com\/product\/karl-lagerfeld\/"},"modified":"2026-01-31T17:40:37","modified_gmt":"2026-01-31T14:40:37","slug":"karl-lagerfeld","status":"publish","type":"product","link":"https:\/\/nextsnkr.com\/fr\/produit\/karl-lagerfeld\/","title":{"rendered":"Sac \u00e0 main Karl Lagerfeld femme noir Eco cuir"},"content":{"rendered":"<h2>Sac \u00e0 main Karl Lagerfeld femme noir Eco cuir<\/h2>\n<p>Le sac Karl Lagerfeld est un accessoire \u00e9l\u00e9gant alliant design moderne et pratique. Fabriqu\u00e9 en cuir \u00e9cologique de qualit\u00e9, il pr\u00e9sente une r\u00e9sistance \u00e0 l&rsquo;usure, une texture agr\u00e9able et un look \u00e9l\u00e9gant. La forme concise convient \u00e0 une utilisation quotidienne, au travail ou \u00e0 la marche, compl\u00e9tant facilement n&rsquo;importe quelle image. le remplissage interne r\u00e9fl\u00e9chi assure le placement pratique de toutes les choses n\u00e9cessaires. Un choix parfait pour ceux qui appr\u00e9cient le style et le confort.<\/p>\n","protected":false},"excerpt":{"rendered":"<p>Le sac Karl Lagerfeld est un accessoire \u00e9l\u00e9gant alliant design moderne et pratique. Fabriqu\u00e9 en cuir \u00e9cologique de qualit\u00e9, il pr\u00e9sente une r\u00e9sistance \u00e0 l&rsquo;usure, une texture agr\u00e9able et un look \u00e9l\u00e9gant. La forme concise convient \u00e0 une utilisation quotidienne, au travail ou \u00e0 la marche, compl\u00e9tant facilement n&rsquo;importe quelle image. le remplissage interne r\u00e9fl\u00e9chi assure le placement pratique de toutes les choses n\u00e9cessaires. Un choix parfait pour ceux qui appr\u00e9cient le style et le confort.<\/p>\n","protected":false},"featured_media":661741,"comment_status":"open","ping_status":"open","template":"","meta":[],"product_brand":[],"product_cat":[3212,3478],"product_tag":[],"class_list":{"0":"post-661736","1":"product","2":"type-product","3":"status-publish","4":"has-post-thumbnail","6":"product_cat-all-product","7":"product_cat-sumky","8":"pa_rozmir-sale-24x17","10":"first","11":"instock","12":"purchasable","13":"product-type-simple"},"_links":{"self":[{"href":"https:\/\/nextsnkr.com\/fr\/wp-json\/wp\/v2\/product\/661736","targetHints":{"allow":["GET"]}}],"collection":[{"href":"https:\/\/nextsnkr.com\/fr\/wp-json\/wp\/v2\/product"}],"about":[{"href":"https:\/\/nextsnkr.com\/fr\/wp-json\/wp\/v2\/types\/product"}],"replies":[{"embeddable":true,"href":"https:\/\/nextsnkr.com\/fr\/wp-json\/wp\/v2\/comments?post=661736"}],"version-history":[{"count":0,"href":"https:\/\/nextsnkr.com\/fr\/wp-json\/wp\/v2\/product\/661736\/revisions"}],"wp:featuredmedia":[{"embeddable":true,"href":"https:\/\/nextsnkr.com\/fr\/wp-json\/wp\/v2\/media\/661741"}],"wp:attachment":[{"href":"https:\/\/nextsnkr.com\/fr\/wp-json\/wp\/v2\/media?parent=661736"}],"wp:term":[{"taxonomy":"product_brand","embeddable":true,"href":"https:\/\/nextsnkr.com\/fr\/wp-json\/wp\/v2\/product_brand?post=661736"},{"taxonomy":"product_cat","embeddable":true,"href":"https:\/\/nextsnkr.com\/fr\/wp-json\/wp\/v2\/product_cat?post=661736"},{"taxonomy":"product_tag","embeddable":true,"href":"https:\/\/nextsnkr.com\/fr\/wp-json\/wp\/v2\/product_tag?post=661736"}],"curies":[{"name":"wp","href":"https:\/\/api.w.org\/{rel}","templated":true}]}}