{"id":659911,"date":"2025-06-19T21:21:23","date_gmt":"2025-06-19T18:21:23","guid":{"rendered":"https:\/\/nextsnkr.com\/product\/air-jordan-retro-4-x-kaws-grey-premium\/"},"modified":"2026-01-31T17:39:16","modified_gmt":"2026-01-31T14:39:16","slug":"air-jordan-retro-4-x-kaws-grey-premium","status":"publish","type":"product","link":"https:\/\/nextsnkr.com\/fr\/produit\/air-jordan-retro-4-x-kaws-grey-premium\/","title":{"rendered":"Baskets AIR JORDAN RETRO 4 x KAWS GREY Suede Premium"},"content":{"rendered":"<h2>Baskets AIR JORDAN RETRO 4 x KAWS GREY Suede Premium<\/h2>\n<p>Les \u00e9l\u00e9gantes baskets air JORDAN RETRO 4 x KAWS GREY sont fabriqu\u00e9es en daim de qualit\u00e9, offrant confort et durabilit\u00e9. Le design haut de gamme met l&rsquo;accent sur l&rsquo;individualit\u00e9 et le style urbain moderne. Id\u00e9al pour un usage quotidien et les collectionneurs de la marque Air Jordan. Ces baskets haut de gamme allient \u00e9l\u00e9gance, fiabilit\u00e9 et confort, ce qui en fait un excellent choix pour toute garde-robe.<\/p>\n","protected":false},"excerpt":{"rendered":"<p>Les \u00e9l\u00e9gantes baskets air JORDAN RETRO 4 x KAWS GREY sont fabriqu\u00e9es en daim de qualit\u00e9, offrant confort et durabilit\u00e9. Le design haut de gamme met l&rsquo;accent sur l&rsquo;individualit\u00e9 et le style urbain moderne. Id\u00e9al pour un usage quotidien et les collectionneurs de la marque Air Jordan. Ces baskets haut de gamme allient \u00e9l\u00e9gance, fiabilit\u00e9 et confort, ce qui en fait un excellent choix pour toute garde-robe.<\/p>\n","protected":false},"featured_media":659912,"comment_status":"open","ping_status":"open","template":"","meta":[],"product_brand":[],"product_cat":[3384,3212,3213],"product_tag":[],"class_list":{"0":"post-659911","1":"product","2":"type-product","3":"status-publish","4":"has-post-thumbnail","6":"product_cat-nike-jordan","7":"product_cat-all-product","8":"product_cat-krosivky","9":"pa_rozmir-910","10":"pa_rozmir-912","11":"pa_rozmir-914","12":"pa_rozmir-915","13":"pa_rozmir-916","14":"pa_rozmir-917","15":"pa_rozmir-918","16":"pa_rozmir-919","17":"pa_rozmir-920","18":"pa_rozmir-921","19":"pa_rozmir-922","21":"first","22":"instock","23":"purchasable","24":"product-type-variable"},"_links":{"self":[{"href":"https:\/\/nextsnkr.com\/fr\/wp-json\/wp\/v2\/product\/659911","targetHints":{"allow":["GET"]}}],"collection":[{"href":"https:\/\/nextsnkr.com\/fr\/wp-json\/wp\/v2\/product"}],"about":[{"href":"https:\/\/nextsnkr.com\/fr\/wp-json\/wp\/v2\/types\/product"}],"replies":[{"embeddable":true,"href":"https:\/\/nextsnkr.com\/fr\/wp-json\/wp\/v2\/comments?post=659911"}],"version-history":[{"count":0,"href":"https:\/\/nextsnkr.com\/fr\/wp-json\/wp\/v2\/product\/659911\/revisions"}],"wp:featuredmedia":[{"embeddable":true,"href":"https:\/\/nextsnkr.com\/fr\/wp-json\/wp\/v2\/media\/659912"}],"wp:attachment":[{"href":"https:\/\/nextsnkr.com\/fr\/wp-json\/wp\/v2\/media?parent=659911"}],"wp:term":[{"taxonomy":"product_brand","embeddable":true,"href":"https:\/\/nextsnkr.com\/fr\/wp-json\/wp\/v2\/product_brand?post=659911"},{"taxonomy":"product_cat","embeddable":true,"href":"https:\/\/nextsnkr.com\/fr\/wp-json\/wp\/v2\/product_cat?post=659911"},{"taxonomy":"product_tag","embeddable":true,"href":"https:\/\/nextsnkr.com\/fr\/wp-json\/wp\/v2\/product_tag?post=659911"}],"curies":[{"name":"wp","href":"https:\/\/api.w.org\/{rel}","templated":true}]}}