{"id":659742,"date":"2025-06-14T15:06:18","date_gmt":"2025-06-14T12:06:18","guid":{"rendered":"https:\/\/nextsnkr.com\/product\/prada-boots\/"},"modified":"2026-01-31T17:39:00","modified_gmt":"2026-01-31T14:39:00","slug":"prada-boots","status":"publish","type":"product","link":"https:\/\/nextsnkr.com\/fr\/produit\/prada-boots\/","title":{"rendered":"Bottes Prada-bottes en cuir de qualit\u00e9 sup\u00e9rieure en provenance d&rsquo;Italie"},"content":{"rendered":"<h2>Bottes Prada-bottes en cuir de qualit\u00e9 sup\u00e9rieure en provenance d&rsquo;Italie<\/h2>\n<p>Les bottes Prada sont fabriqu\u00e9es en cuir Italien v\u00e9ritable, offrant une qualit\u00e9, un confort et une durabilit\u00e9 irr\u00e9prochables. La silhouette \u00e9l\u00e9gante et le design concis rendent ce mod\u00e8le polyvalent pour toute garde-robe. Un ajustement \u00e9lev\u00e9, une semelle solide et une couture soign\u00e9e garantissent la fiabilit\u00e9 dans un usage quotidien. Choisissez des bottes \u00e9l\u00e9gantes de Prada pour mettre en valeur votre style et votre statut sophistiqu\u00e9s.<\/p>\n","protected":false},"excerpt":{"rendered":"<p>Les bottes Prada sont fabriqu\u00e9es en cuir Italien v\u00e9ritable, offrant une qualit\u00e9, un confort et une durabilit\u00e9 irr\u00e9prochables. La silhouette \u00e9l\u00e9gante et le design concis rendent ce mod\u00e8le polyvalent pour toute garde-robe. Un ajustement \u00e9lev\u00e9, une semelle solide et une couture soign\u00e9e garantissent la fiabilit\u00e9 dans un usage quotidien. Choisissez des bottes \u00e9l\u00e9gantes de Prada pour mettre en valeur votre style et votre statut sophistiqu\u00e9s.<\/p>\n","protected":false},"featured_media":659743,"comment_status":"open","ping_status":"open","template":"","meta":[],"product_brand":[],"product_cat":[3212,3332],"product_tag":[],"class_list":{"0":"post-659742","1":"product","2":"type-product","3":"status-publish","4":"has-post-thumbnail","6":"product_cat-all-product","7":"product_cat-cherevyky","8":"pa_rozmir-910","9":"pa_rozmir-912","10":"pa_rozmir-914","11":"pa_rozmir-915","12":"pa_rozmir-916","13":"pa_rozmir-917","14":"pa_rozmir-918","15":"pa_rozmir-919","16":"pa_rozmir-920","17":"pa_rozmir-921","18":"pa_rozmir-922","20":"first","21":"instock","22":"purchasable","23":"product-type-variable"},"_links":{"self":[{"href":"https:\/\/nextsnkr.com\/fr\/wp-json\/wp\/v2\/product\/659742","targetHints":{"allow":["GET"]}}],"collection":[{"href":"https:\/\/nextsnkr.com\/fr\/wp-json\/wp\/v2\/product"}],"about":[{"href":"https:\/\/nextsnkr.com\/fr\/wp-json\/wp\/v2\/types\/product"}],"replies":[{"embeddable":true,"href":"https:\/\/nextsnkr.com\/fr\/wp-json\/wp\/v2\/comments?post=659742"}],"version-history":[{"count":0,"href":"https:\/\/nextsnkr.com\/fr\/wp-json\/wp\/v2\/product\/659742\/revisions"}],"wp:featuredmedia":[{"embeddable":true,"href":"https:\/\/nextsnkr.com\/fr\/wp-json\/wp\/v2\/media\/659743"}],"wp:attachment":[{"href":"https:\/\/nextsnkr.com\/fr\/wp-json\/wp\/v2\/media?parent=659742"}],"wp:term":[{"taxonomy":"product_brand","embeddable":true,"href":"https:\/\/nextsnkr.com\/fr\/wp-json\/wp\/v2\/product_brand?post=659742"},{"taxonomy":"product_cat","embeddable":true,"href":"https:\/\/nextsnkr.com\/fr\/wp-json\/wp\/v2\/product_cat?post=659742"},{"taxonomy":"product_tag","embeddable":true,"href":"https:\/\/nextsnkr.com\/fr\/wp-json\/wp\/v2\/product_tag?post=659742"}],"curies":[{"name":"wp","href":"https:\/\/api.w.org\/{rel}","templated":true}]}}