{"id":659206,"date":"2025-06-14T15:07:32","date_gmt":"2025-06-14T12:07:32","guid":{"rendered":"https:\/\/nextsnkr.com\/product\/nike-wmns-air-force-1-07-essential-white-gold\/"},"modified":"2026-01-31T17:38:43","modified_gmt":"2026-01-31T14:38:43","slug":"nike-wmns-air-force-1-07-essential-white-gold","status":"publish","type":"product","link":"https:\/\/nextsnkr.com\/fr\/produit\/nike-wmns-air-force-1-07-essential-white-gold\/","title":{"rendered":"Nike air Force 1 07 Essential White Gold-baskets en cuir pour femmes"},"content":{"rendered":"<h2>Nike air Force 1 07 Essential White Gold-baskets en cuir pour femmes<\/h2>\n<p>Les baskets Nike Wmns Air Force 1 07 Essential White Gold sont con\u00e7ues pour ceux qui appr\u00e9cient la qualit\u00e9 sup\u00e9rieure et le design tendance. Le mod\u00e8le est fait de cuir v\u00e9ritable, ce qui assure la durabilit\u00e9 et le confort pendant le port quotidien. Les accents dor\u00e9s contrastants ajoutent de l&rsquo;\u00e9l\u00e9gance, tandis que la semelle classique Air Force garantit un amorti et une foul\u00e9e s\u00fbre. Le choix parfait pour le style urbain et les connaisseurs de la l\u00e9gendaire chaussure Nike.<\/p>\n","protected":false},"excerpt":{"rendered":"<p>Les baskets Nike Wmns Air Force 1 07 Essential White Gold sont con\u00e7ues pour ceux qui appr\u00e9cient la qualit\u00e9 sup\u00e9rieure et le design tendance. Le mod\u00e8le est fait de cuir v\u00e9ritable, ce qui assure la durabilit\u00e9 et le confort pendant le port quotidien. Les accents dor\u00e9s contrastants ajoutent de l&rsquo;\u00e9l\u00e9gance, tandis que la semelle classique Air Force garantit un amorti et une foul\u00e9e s\u00fbre. Le choix parfait pour le style urbain et les connaisseurs de la l\u00e9gendaire chaussure Nike.<\/p>\n","protected":false},"featured_media":659207,"comment_status":"open","ping_status":"open","template":"","meta":[],"product_brand":[],"product_cat":[3212,3319],"product_tag":[],"class_list":{"0":"post-659206","1":"product","2":"type-product","3":"status-publish","4":"has-post-thumbnail","6":"product_cat-all-product","7":"product_cat-kedy","8":"pa_rozmir-910","9":"pa_rozmir-912","10":"pa_rozmir-914","11":"pa_rozmir-915","12":"pa_rozmir-916","13":"pa_rozmir-917","14":"pa_rozmir-918","15":"pa_rozmir-919","16":"pa_rozmir-920","17":"pa_rozmir-921","18":"pa_rozmir-922","20":"first","21":"instock","22":"purchasable","23":"product-type-variable"},"_links":{"self":[{"href":"https:\/\/nextsnkr.com\/fr\/wp-json\/wp\/v2\/product\/659206","targetHints":{"allow":["GET"]}}],"collection":[{"href":"https:\/\/nextsnkr.com\/fr\/wp-json\/wp\/v2\/product"}],"about":[{"href":"https:\/\/nextsnkr.com\/fr\/wp-json\/wp\/v2\/types\/product"}],"replies":[{"embeddable":true,"href":"https:\/\/nextsnkr.com\/fr\/wp-json\/wp\/v2\/comments?post=659206"}],"version-history":[{"count":0,"href":"https:\/\/nextsnkr.com\/fr\/wp-json\/wp\/v2\/product\/659206\/revisions"}],"wp:featuredmedia":[{"embeddable":true,"href":"https:\/\/nextsnkr.com\/fr\/wp-json\/wp\/v2\/media\/659207"}],"wp:attachment":[{"href":"https:\/\/nextsnkr.com\/fr\/wp-json\/wp\/v2\/media?parent=659206"}],"wp:term":[{"taxonomy":"product_brand","embeddable":true,"href":"https:\/\/nextsnkr.com\/fr\/wp-json\/wp\/v2\/product_brand?post=659206"},{"taxonomy":"product_cat","embeddable":true,"href":"https:\/\/nextsnkr.com\/fr\/wp-json\/wp\/v2\/product_cat?post=659206"},{"taxonomy":"product_tag","embeddable":true,"href":"https:\/\/nextsnkr.com\/fr\/wp-json\/wp\/v2\/product_tag?post=659206"}],"curies":[{"name":"wp","href":"https:\/\/api.w.org\/{rel}","templated":true}]}}