{"id":658186,"date":"2025-06-14T21:36:26","date_gmt":"2025-06-14T18:36:26","guid":{"rendered":"https:\/\/nextsnkr.com\/product\/ugg-classic-short-light-gray-rasprodazha\/"},"modified":"2026-01-31T17:38:02","modified_gmt":"2026-01-31T14:38:02","slug":"ugg-classic-short-light-gray-rasprodazha","status":"publish","type":"product","link":"https:\/\/nextsnkr.com\/fr\/produit\/ugg-classic-short-light-gray-rasprodazha\/","title":{"rendered":"Bottes UGG Classic Short Light Gray-daim et fausse fourrure"},"content":{"rendered":"<h2>Bottes UGG Classic Short Light Gray-daim et fausse fourrure<\/h2>\n<p>Les bottes UGG Classic Short Light Grey allient confort, style et chaleur. Fabriqu\u00e9s \u00e0 partir de daim de qualit\u00e9 et de fausse fourrure, ils offrent douceur, durabilit\u00e9 et excellente isolation thermique par temps froid. La couleur gris clair rend le mod\u00e8le polyvalent et facile \u00e0 combiner avec n&rsquo;importe quel v\u00eatement. La fabrication de l&rsquo;Australie garantit une qualit\u00e9 et une fiabilit\u00e9 sup\u00e9rieures. UGG Classic Short Light Gray est le choix id\u00e9al pour ceux qui appr\u00e9cient le confort, la praticit\u00e9 et le style dans un port quotidien.<\/p>\n","protected":false},"excerpt":{"rendered":"<p>Les bottes UGG Classic Short Light Grey allient confort, style et chaleur. Fabriqu\u00e9s \u00e0 partir de daim de qualit\u00e9 et de fausse fourrure, ils offrent douceur, durabilit\u00e9 et excellente isolation thermique par temps froid. La couleur gris clair rend le mod\u00e8le polyvalent et facile \u00e0 combiner avec n&rsquo;importe quel v\u00eatement. La fabrication de l&rsquo;Australie garantit une qualit\u00e9 et une fiabilit\u00e9 sup\u00e9rieures. UGG Classic Short Light Gray est le choix id\u00e9al pour ceux qui appr\u00e9cient le confort, la praticit\u00e9 et le style dans un port quotidien.<\/p>\n","protected":false},"featured_media":658187,"comment_status":"open","ping_status":"open","template":"","meta":[],"product_brand":[],"product_cat":[3408,3212],"product_tag":[],"class_list":{"0":"post-658186","1":"product","2":"type-product","3":"status-publish","4":"has-post-thumbnail","6":"product_cat-ugg","7":"product_cat-all-product","8":"pa_rozmir-923","9":"pa_rozmir-910","10":"pa_rozmir-912","11":"pa_rozmir-914","12":"pa_rozmir-915","13":"pa_rozmir-916","14":"pa_rozmir-917","15":"pa_rozmir-918","16":"pa_rozmir-919","17":"pa_rozmir-920","18":"pa_rozmir-921","20":"first","21":"onbackorder","22":"purchasable","23":"product-type-variable"},"_links":{"self":[{"href":"https:\/\/nextsnkr.com\/fr\/wp-json\/wp\/v2\/product\/658186","targetHints":{"allow":["GET"]}}],"collection":[{"href":"https:\/\/nextsnkr.com\/fr\/wp-json\/wp\/v2\/product"}],"about":[{"href":"https:\/\/nextsnkr.com\/fr\/wp-json\/wp\/v2\/types\/product"}],"replies":[{"embeddable":true,"href":"https:\/\/nextsnkr.com\/fr\/wp-json\/wp\/v2\/comments?post=658186"}],"version-history":[{"count":0,"href":"https:\/\/nextsnkr.com\/fr\/wp-json\/wp\/v2\/product\/658186\/revisions"}],"wp:featuredmedia":[{"embeddable":true,"href":"https:\/\/nextsnkr.com\/fr\/wp-json\/wp\/v2\/media\/658187"}],"wp:attachment":[{"href":"https:\/\/nextsnkr.com\/fr\/wp-json\/wp\/v2\/media?parent=658186"}],"wp:term":[{"taxonomy":"product_brand","embeddable":true,"href":"https:\/\/nextsnkr.com\/fr\/wp-json\/wp\/v2\/product_brand?post=658186"},{"taxonomy":"product_cat","embeddable":true,"href":"https:\/\/nextsnkr.com\/fr\/wp-json\/wp\/v2\/product_cat?post=658186"},{"taxonomy":"product_tag","embeddable":true,"href":"https:\/\/nextsnkr.com\/fr\/wp-json\/wp\/v2\/product_tag?post=658186"}],"curies":[{"name":"wp","href":"https:\/\/api.w.org\/{rel}","templated":true}]}}