{"id":657506,"date":"2025-06-14T21:39:39","date_gmt":"2025-06-14T18:39:39","guid":{"rendered":"https:\/\/nextsnkr.com\/product\/ugg-bailey-button-triplet-ii-high-brown-rasprodazha\/"},"modified":"2026-01-31T17:37:42","modified_gmt":"2026-01-31T14:37:42","slug":"ugg-bailey-button-triplet-ii-high-brown-rasprodazha","status":"publish","type":"product","link":"https:\/\/nextsnkr.com\/fr\/produit\/ugg-bailey-button-triplet-ii-high-brown-rasprodazha\/","title":{"rendered":"Bottes UGG Bailey Button Triplet II High Brown en daim avec fourrure"},"content":{"rendered":"<h2>Bottes UGG Bailey Button Triplet II High Brown en daim avec fourrure<\/h2>\n<p>Les bottes UGG Bailey Button Triplet II High Brown sont fabriqu\u00e9es en daim de haute qualit\u00e9 et en fausse fourrure pour offrir chaleur, confort et durabilit\u00e9. Le mod\u00e8le haut de gamme avec boutons d\u00e9coratifs allie style et praticit\u00e9, parfait pour la saison froide. La semelle l\u00e9g\u00e8re offre amorti et confort lors de la marche. Fabriqu\u00e9s en Australie, ces UGG constitueront un choix fiable et \u00e0 la mode pour une utilisation quotidienne et un style de vie actif.<\/p>\n","protected":false},"excerpt":{"rendered":"<p>Les bottes UGG Bailey Button Triplet II High Brown sont fabriqu\u00e9es en daim de haute qualit\u00e9 et en fausse fourrure pour offrir chaleur, confort et durabilit\u00e9. Le mod\u00e8le haut de gamme avec boutons d\u00e9coratifs allie style et praticit\u00e9, parfait pour la saison froide. La semelle l\u00e9g\u00e8re offre amorti et confort lors de la marche. Fabriqu\u00e9s en Australie, ces UGG constitueront un choix fiable et \u00e0 la mode pour une utilisation quotidienne et un style de vie actif.<\/p>\n","protected":false},"featured_media":657507,"comment_status":"open","ping_status":"open","template":"","meta":[],"product_brand":[],"product_cat":[3408,3212],"product_tag":[],"class_list":{"0":"post-657506","1":"product","2":"type-product","3":"status-publish","4":"has-post-thumbnail","6":"product_cat-ugg","7":"product_cat-all-product","8":"pa_rozmir-923","9":"pa_rozmir-910","10":"pa_rozmir-912","11":"pa_rozmir-914","12":"pa_rozmir-915","13":"pa_rozmir-916","14":"pa_rozmir-917","15":"pa_rozmir-918","16":"pa_rozmir-919","17":"pa_rozmir-920","18":"pa_rozmir-921","20":"first","21":"onbackorder","22":"purchasable","23":"product-type-variable"},"_links":{"self":[{"href":"https:\/\/nextsnkr.com\/fr\/wp-json\/wp\/v2\/product\/657506","targetHints":{"allow":["GET"]}}],"collection":[{"href":"https:\/\/nextsnkr.com\/fr\/wp-json\/wp\/v2\/product"}],"about":[{"href":"https:\/\/nextsnkr.com\/fr\/wp-json\/wp\/v2\/types\/product"}],"replies":[{"embeddable":true,"href":"https:\/\/nextsnkr.com\/fr\/wp-json\/wp\/v2\/comments?post=657506"}],"version-history":[{"count":0,"href":"https:\/\/nextsnkr.com\/fr\/wp-json\/wp\/v2\/product\/657506\/revisions"}],"wp:featuredmedia":[{"embeddable":true,"href":"https:\/\/nextsnkr.com\/fr\/wp-json\/wp\/v2\/media\/657507"}],"wp:attachment":[{"href":"https:\/\/nextsnkr.com\/fr\/wp-json\/wp\/v2\/media?parent=657506"}],"wp:term":[{"taxonomy":"product_brand","embeddable":true,"href":"https:\/\/nextsnkr.com\/fr\/wp-json\/wp\/v2\/product_brand?post=657506"},{"taxonomy":"product_cat","embeddable":true,"href":"https:\/\/nextsnkr.com\/fr\/wp-json\/wp\/v2\/product_cat?post=657506"},{"taxonomy":"product_tag","embeddable":true,"href":"https:\/\/nextsnkr.com\/fr\/wp-json\/wp\/v2\/product_tag?post=657506"}],"curies":[{"name":"wp","href":"https:\/\/api.w.org\/{rel}","templated":true}]}}