{"id":656486,"date":"2025-06-14T21:44:35","date_gmt":"2025-06-14T18:44:35","guid":{"rendered":"https:\/\/nextsnkr.com\/product\/ugg-bailey-bow-gray-rasprodazha\/"},"modified":"2026-01-31T17:37:15","modified_gmt":"2026-01-31T14:37:15","slug":"ugg-bailey-bow-gray-rasprodazha","status":"publish","type":"product","link":"https:\/\/nextsnkr.com\/fr\/produit\/ugg-bailey-bow-gray-rasprodazha\/","title":{"rendered":"UGG Bailey Bow Gray bottes-bottes d&rsquo;hiver en daim et fourrure pour femmes"},"content":{"rendered":"<h2>UGG Bailey Bow Gray bottes-bottes d&rsquo;hiver en daim et fourrure pour femmes<\/h2>\n<p>Les bottes UGG Bailey Bow Gray sont des chaussures \u00e9l\u00e9gantes et chaudes pour la saison froide. Fabriqu\u00e9s \u00e0 partir de daim doux et de fausse fourrure, ils offrent confort, chaleur et durabilit\u00e9. La couleur grise concise est facile \u00e0 combiner avec n&rsquo;importe quel v\u00eatement, et l&rsquo;arc d\u00e9coratif ajoute de la f\u00e9minit\u00e9 et de l&rsquo;\u00e9l\u00e9gance. Fabriqu\u00e9es en Australie, ces chaussures sont de haute qualit\u00e9 et pratiques. Choisissez UGG Bailey Bow Gray-confort, style et chaleur \u00e0 chaque \u00e9tape.<\/p>\n","protected":false},"excerpt":{"rendered":"<p>Les bottes UGG Bailey Bow Gray sont des chaussures \u00e9l\u00e9gantes et chaudes pour la saison froide. Fabriqu\u00e9s \u00e0 partir de daim doux et de fausse fourrure, ils offrent confort, chaleur et durabilit\u00e9. La couleur grise concise est facile \u00e0 combiner avec n&rsquo;importe quel v\u00eatement, et l&rsquo;arc d\u00e9coratif ajoute de la f\u00e9minit\u00e9 et de l&rsquo;\u00e9l\u00e9gance. Fabriqu\u00e9es en Australie, ces chaussures sont de haute qualit\u00e9 et pratiques. Choisissez UGG Bailey Bow Gray-confort, style et chaleur \u00e0 chaque \u00e9tape.<\/p>\n","protected":false},"featured_media":656487,"comment_status":"open","ping_status":"open","template":"","meta":[],"product_brand":[],"product_cat":[3408,3212],"product_tag":[],"class_list":{"0":"post-656486","1":"product","2":"type-product","3":"status-publish","4":"has-post-thumbnail","6":"product_cat-ugg","7":"product_cat-all-product","8":"pa_rozmir-923","9":"pa_rozmir-910","10":"pa_rozmir-912","11":"pa_rozmir-914","12":"pa_rozmir-915","13":"pa_rozmir-916","14":"pa_rozmir-917","15":"pa_rozmir-918","16":"pa_rozmir-919","17":"pa_rozmir-920","18":"pa_rozmir-921","20":"first","21":"onbackorder","22":"purchasable","23":"product-type-variable"},"_links":{"self":[{"href":"https:\/\/nextsnkr.com\/fr\/wp-json\/wp\/v2\/product\/656486","targetHints":{"allow":["GET"]}}],"collection":[{"href":"https:\/\/nextsnkr.com\/fr\/wp-json\/wp\/v2\/product"}],"about":[{"href":"https:\/\/nextsnkr.com\/fr\/wp-json\/wp\/v2\/types\/product"}],"replies":[{"embeddable":true,"href":"https:\/\/nextsnkr.com\/fr\/wp-json\/wp\/v2\/comments?post=656486"}],"version-history":[{"count":0,"href":"https:\/\/nextsnkr.com\/fr\/wp-json\/wp\/v2\/product\/656486\/revisions"}],"wp:featuredmedia":[{"embeddable":true,"href":"https:\/\/nextsnkr.com\/fr\/wp-json\/wp\/v2\/media\/656487"}],"wp:attachment":[{"href":"https:\/\/nextsnkr.com\/fr\/wp-json\/wp\/v2\/media?parent=656486"}],"wp:term":[{"taxonomy":"product_brand","embeddable":true,"href":"https:\/\/nextsnkr.com\/fr\/wp-json\/wp\/v2\/product_brand?post=656486"},{"taxonomy":"product_cat","embeddable":true,"href":"https:\/\/nextsnkr.com\/fr\/wp-json\/wp\/v2\/product_cat?post=656486"},{"taxonomy":"product_tag","embeddable":true,"href":"https:\/\/nextsnkr.com\/fr\/wp-json\/wp\/v2\/product_tag?post=656486"}],"curies":[{"name":"wp","href":"https:\/\/api.w.org\/{rel}","templated":true}]}}