{"id":654399,"date":"2025-06-16T18:43:44","date_gmt":"2025-06-16T15:43:44","guid":{"rendered":"https:\/\/nextsnkr.com\/product\/adidas-niteball-white-beige-fv4847\/"},"modified":"2026-01-31T17:35:59","modified_gmt":"2026-01-31T14:35:59","slug":"adidas-niteball-white-beige-fv4847","status":"publish","type":"product","link":"https:\/\/nextsnkr.com\/fr\/produit\/adidas-niteball-white-beige-fv4847\/","title":{"rendered":"Baskets Adidas Niteball White Beige FV4847-cuir et textile"},"content":{"rendered":"<h2>Baskets Adidas Niteball White Beige FV4847-cuir et textile<\/h2>\n<p>Les baskets Adidas Niteball White Beige FV4847 sont un mod\u00e8le \u00e9l\u00e9gant et confortable pour un port quotidien. Fabriqu\u00e9s \u00e0 partir d&rsquo;une combinaison de cuir v\u00e9ritable et de Textiles, ils offrent durabilit\u00e9, confort et ventilation du pied. La combinaison de couleurs blanc et beige ajoute \u00e0 la chaussure une polyvalence et un look moderne. La semelle garantit un amorti doux et une stabilit\u00e9 lors de la marche. Fabricant-usine Vietnam. Choisissez Adidas Niteball FV4847 pour une combinaison de style, de confort et de haute qualit\u00e9. Code: 79-914698.<\/p>\n","protected":false},"excerpt":{"rendered":"<p>Les baskets Adidas Niteball White Beige FV4847 sont un mod\u00e8le \u00e9l\u00e9gant et confortable pour un port quotidien. Fabriqu\u00e9s \u00e0 partir d&rsquo;une combinaison de cuir v\u00e9ritable et de Textiles, ils offrent durabilit\u00e9, confort et ventilation du pied. La combinaison de couleurs blanc et beige ajoute \u00e0 la chaussure une polyvalence et un look moderne. La semelle garantit un amorti doux et une stabilit\u00e9 lors de la marche. Fabricant-usine Vietnam. Choisissez Adidas Niteball FV4847 pour une combinaison de style, de confort et de haute qualit\u00e9. Code: 79-914698.<\/p>\n","protected":false},"featured_media":654400,"comment_status":"open","ping_status":"open","template":"","meta":[],"product_brand":[],"product_cat":[3212,3213],"product_tag":[],"class_list":{"0":"post-654399","1":"product","2":"type-product","3":"status-publish","4":"has-post-thumbnail","6":"product_cat-all-product","7":"product_cat-krosivky","8":"pa_rozmir-910","9":"pa_rozmir-912","10":"pa_rozmir-914","11":"pa_rozmir-915","12":"pa_rozmir-916","13":"pa_rozmir-917","14":"pa_rozmir-918","15":"pa_rozmir-919","16":"pa_rozmir-920","17":"pa_rozmir-921","18":"pa_rozmir-922","20":"first","21":"instock","22":"purchasable","23":"product-type-variable"},"_links":{"self":[{"href":"https:\/\/nextsnkr.com\/fr\/wp-json\/wp\/v2\/product\/654399","targetHints":{"allow":["GET"]}}],"collection":[{"href":"https:\/\/nextsnkr.com\/fr\/wp-json\/wp\/v2\/product"}],"about":[{"href":"https:\/\/nextsnkr.com\/fr\/wp-json\/wp\/v2\/types\/product"}],"replies":[{"embeddable":true,"href":"https:\/\/nextsnkr.com\/fr\/wp-json\/wp\/v2\/comments?post=654399"}],"version-history":[{"count":0,"href":"https:\/\/nextsnkr.com\/fr\/wp-json\/wp\/v2\/product\/654399\/revisions"}],"wp:featuredmedia":[{"embeddable":true,"href":"https:\/\/nextsnkr.com\/fr\/wp-json\/wp\/v2\/media\/654400"}],"wp:attachment":[{"href":"https:\/\/nextsnkr.com\/fr\/wp-json\/wp\/v2\/media?parent=654399"}],"wp:term":[{"taxonomy":"product_brand","embeddable":true,"href":"https:\/\/nextsnkr.com\/fr\/wp-json\/wp\/v2\/product_brand?post=654399"},{"taxonomy":"product_cat","embeddable":true,"href":"https:\/\/nextsnkr.com\/fr\/wp-json\/wp\/v2\/product_cat?post=654399"},{"taxonomy":"product_tag","embeddable":true,"href":"https:\/\/nextsnkr.com\/fr\/wp-json\/wp\/v2\/product_tag?post=654399"}],"curies":[{"name":"wp","href":"https:\/\/api.w.org\/{rel}","templated":true}]}}