{"id":653212,"date":"2025-06-16T18:47:45","date_gmt":"2025-06-16T15:47:45","guid":{"rendered":"https:\/\/nextsnkr.com\/product\/sale-dr-martens-jadon-beige-khutro-zastibka\/"},"modified":"2026-01-31T17:35:28","modified_gmt":"2026-01-31T14:35:28","slug":"sale-dr-martens-jadon-beige-khutro-zastibka","status":"publish","type":"product","link":"https:\/\/nextsnkr.com\/fr\/produit\/sale-dr-martens-jadon-beige-khutro-zastibka\/","title":{"rendered":"Bottes Dr.Martens Jadon Beige-laqu\u00e9 avec fourrure et fermoir"},"content":{"rendered":"<h2>Bottes Dr.Martens Jadon Beige-laqu\u00e9 avec fourrure et fermoir<\/h2>\n<p>Bottes Dr.Martens Jadon Beige \u00ab\u00a0fourrure + fermoir\u00a0\u00bb en cuir verni doux de haute qualit\u00e9 qui offre une durabilit\u00e9 et un look \u00e9l\u00e9gant. Isol\u00e9s avec de la fourrure, ils offrent chaleur et confort pendant la saison froide, et la fermeture pratique facilite le port. Le mod\u00e8le est livr\u00e9 avec des lacets suppl\u00e9mentaires, un paquet de marque et des accessoires de marque. Le choix id\u00e9al pour ceux qui appr\u00e9cient la qualit\u00e9 sup\u00e9rieure, le confort et le design l\u00e9gendaire de Dr.Martens.<\/p>\n","protected":false},"excerpt":{"rendered":"<p>Bottes Dr.Martens Jadon Beige \u00ab\u00a0fourrure + fermoir\u00a0\u00bb en cuir verni doux de haute qualit\u00e9 qui offre une durabilit\u00e9 et un look \u00e9l\u00e9gant. Isol\u00e9s avec de la fourrure, ils offrent chaleur et confort pendant la saison froide, et la fermeture pratique facilite le port. Le mod\u00e8le est livr\u00e9 avec des lacets suppl\u00e9mentaires, un paquet de marque et des accessoires de marque. Le choix id\u00e9al pour ceux qui appr\u00e9cient la qualit\u00e9 sup\u00e9rieure, le confort et le design l\u00e9gendaire de Dr.Martens.<\/p>\n","protected":false},"featured_media":653213,"comment_status":"open","ping_status":"open","template":"","meta":[],"product_brand":[2398],"product_cat":[3617,3212,3332],"product_tag":[],"class_list":{"0":"post-653212","1":"product","2":"type-product","3":"status-publish","4":"has-post-thumbnail","6":"product_brand-dr-martens","7":"product_cat-dr-martens","8":"product_cat-all-product","9":"product_cat-cherevyky","10":"pa_rozmir-910","11":"pa_rozmir-912","12":"pa_rozmir-914","13":"pa_rozmir-915","14":"pa_rozmir-916","15":"pa_rozmir-917","16":"pa_rozmir-918","17":"pa_rozmir-919","18":"pa_rozmir-920","19":"pa_rozmir-921","20":"pa_rozmir-922","22":"first","23":"instock","24":"purchasable","25":"product-type-variable"},"_links":{"self":[{"href":"https:\/\/nextsnkr.com\/fr\/wp-json\/wp\/v2\/product\/653212","targetHints":{"allow":["GET"]}}],"collection":[{"href":"https:\/\/nextsnkr.com\/fr\/wp-json\/wp\/v2\/product"}],"about":[{"href":"https:\/\/nextsnkr.com\/fr\/wp-json\/wp\/v2\/types\/product"}],"replies":[{"embeddable":true,"href":"https:\/\/nextsnkr.com\/fr\/wp-json\/wp\/v2\/comments?post=653212"}],"version-history":[{"count":0,"href":"https:\/\/nextsnkr.com\/fr\/wp-json\/wp\/v2\/product\/653212\/revisions"}],"wp:featuredmedia":[{"embeddable":true,"href":"https:\/\/nextsnkr.com\/fr\/wp-json\/wp\/v2\/media\/653213"}],"wp:attachment":[{"href":"https:\/\/nextsnkr.com\/fr\/wp-json\/wp\/v2\/media?parent=653212"}],"wp:term":[{"taxonomy":"product_brand","embeddable":true,"href":"https:\/\/nextsnkr.com\/fr\/wp-json\/wp\/v2\/product_brand?post=653212"},{"taxonomy":"product_cat","embeddable":true,"href":"https:\/\/nextsnkr.com\/fr\/wp-json\/wp\/v2\/product_cat?post=653212"},{"taxonomy":"product_tag","embeddable":true,"href":"https:\/\/nextsnkr.com\/fr\/wp-json\/wp\/v2\/product_tag?post=653212"}],"curies":[{"name":"wp","href":"https:\/\/api.w.org\/{rel}","templated":true}]}}