{"id":649466,"date":"2025-06-14T15:14:29","date_gmt":"2025-06-14T12:14:29","guid":{"rendered":"https:\/\/nextsnkr.com\/product\/air-force-1-sage-low\/"},"modified":"2026-01-31T17:33:30","modified_gmt":"2026-01-31T14:33:30","slug":"air-force-1-sage-low","status":"publish","type":"product","link":"https:\/\/nextsnkr.com\/fr\/produit\/air-force-1-sage-low\/","title":{"rendered":"Baskets Air Force 1 Sage Low-baskets en daim pour femmes"},"content":{"rendered":"<h2>Baskets Air Force 1 Sage Low-baskets en daim pour femmes<\/h2>\n<p>Air Force 1 Sage Low est une chaussure \u00e9l\u00e9gante en daim pour femme con\u00e7ue pour un port quotidien confortable. Ils combinent la silhouette embl\u00e9matique de la gamme Air Force 1 avec un design moderne et minimaliste. Le mat\u00e9riau en daim doux procure une sensation tactile agr\u00e9able et une durabilit\u00e9, tandis que la semelle avec absorption des chocs garantit un confort lors de la marche. Choisissez Air Force 1 Sage Low pour ajouter \u00e0 votre look tendance et confortable pour tous les jours.<\/p>\n","protected":false},"excerpt":{"rendered":"<p>Air Force 1 Sage Low est une chaussure \u00e9l\u00e9gante en daim pour femme con\u00e7ue pour un port quotidien confortable. Ils combinent la silhouette embl\u00e9matique de la gamme Air Force 1 avec un design moderne et minimaliste. Le mat\u00e9riau en daim doux procure une sensation tactile agr\u00e9able et une durabilit\u00e9, tandis que la semelle avec absorption des chocs garantit un confort lors de la marche. Choisissez Air Force 1 Sage Low pour ajouter \u00e0 votre look tendance et confortable pour tous les jours.<\/p>\n","protected":false},"featured_media":649467,"comment_status":"open","ping_status":"open","template":"","meta":[],"product_brand":[],"product_cat":[3212,3319],"product_tag":[],"class_list":{"0":"post-649466","1":"product","2":"type-product","3":"status-publish","4":"has-post-thumbnail","6":"product_cat-all-product","7":"product_cat-kedy","8":"pa_rozmir-910","9":"pa_rozmir-912","10":"pa_rozmir-914","11":"pa_rozmir-915","12":"pa_rozmir-916","13":"pa_rozmir-917","14":"pa_rozmir-918","15":"pa_rozmir-919","16":"pa_rozmir-920","17":"pa_rozmir-921","18":"pa_rozmir-922","20":"first","21":"onbackorder","22":"purchasable","23":"product-type-variable"},"_links":{"self":[{"href":"https:\/\/nextsnkr.com\/fr\/wp-json\/wp\/v2\/product\/649466","targetHints":{"allow":["GET"]}}],"collection":[{"href":"https:\/\/nextsnkr.com\/fr\/wp-json\/wp\/v2\/product"}],"about":[{"href":"https:\/\/nextsnkr.com\/fr\/wp-json\/wp\/v2\/types\/product"}],"replies":[{"embeddable":true,"href":"https:\/\/nextsnkr.com\/fr\/wp-json\/wp\/v2\/comments?post=649466"}],"version-history":[{"count":0,"href":"https:\/\/nextsnkr.com\/fr\/wp-json\/wp\/v2\/product\/649466\/revisions"}],"wp:featuredmedia":[{"embeddable":true,"href":"https:\/\/nextsnkr.com\/fr\/wp-json\/wp\/v2\/media\/649467"}],"wp:attachment":[{"href":"https:\/\/nextsnkr.com\/fr\/wp-json\/wp\/v2\/media?parent=649466"}],"wp:term":[{"taxonomy":"product_brand","embeddable":true,"href":"https:\/\/nextsnkr.com\/fr\/wp-json\/wp\/v2\/product_brand?post=649466"},{"taxonomy":"product_cat","embeddable":true,"href":"https:\/\/nextsnkr.com\/fr\/wp-json\/wp\/v2\/product_cat?post=649466"},{"taxonomy":"product_tag","embeddable":true,"href":"https:\/\/nextsnkr.com\/fr\/wp-json\/wp\/v2\/product_tag?post=649466"}],"curies":[{"name":"wp","href":"https:\/\/api.w.org\/{rel}","templated":true}]}}