{"id":648788,"date":"2025-06-14T15:16:57","date_gmt":"2025-06-14T12:16:57","guid":{"rendered":"https:\/\/nextsnkr.com\/product\/air-force-1-swoosh-lime-light\/"},"modified":"2026-01-31T17:32:59","modified_gmt":"2026-01-31T14:32:59","slug":"air-force-1-swoosh-lime-light","status":"publish","type":"product","link":"https:\/\/nextsnkr.com\/fr\/produit\/air-force-1-swoosh-lime-light\/","title":{"rendered":"Baskets Air Force 1 Swoosh Lime Light-baskets en cuir \u00e9l\u00e9gantes"},"content":{"rendered":"<h2>Baskets Air Force 1 Swoosh Lime Light-baskets en cuir \u00e9l\u00e9gantes<\/h2>\n<p>Les baskets Air Force 1 Swoosh Lime Light sont fabriqu\u00e9es en cuir de qualit\u00e9 pour une durabilit\u00e9 et un look haut de gamme. Les accents lumineux de citron vert donnent au mod\u00e8le un style moderne, le rendant visible et tendance. La fabrication au Vietnam garantit une qualit\u00e9 fiable et la semelle confortable procure un confort lors du port quotidien. Un choix parfait pour ceux qui recherchent des baskets \u00e9l\u00e9gantes, durables et polyvalentes.<\/p>\n","protected":false},"excerpt":{"rendered":"<p>Les baskets Air Force 1 Swoosh Lime Light sont fabriqu\u00e9es en cuir de qualit\u00e9 pour une durabilit\u00e9 et un look haut de gamme. Les accents lumineux de citron vert donnent au mod\u00e8le un style moderne, le rendant visible et tendance. La fabrication au Vietnam garantit une qualit\u00e9 fiable et la semelle confortable procure un confort lors du port quotidien. Un choix parfait pour ceux qui recherchent des baskets \u00e9l\u00e9gantes, durables et polyvalentes.<\/p>\n","protected":false},"featured_media":648789,"comment_status":"open","ping_status":"open","template":"","meta":[],"product_brand":[],"product_cat":[3212,3319],"product_tag":[],"class_list":{"0":"post-648788","1":"product","2":"type-product","3":"status-publish","4":"has-post-thumbnail","6":"product_cat-all-product","7":"product_cat-kedy","8":"pa_rozmir-910","9":"pa_rozmir-912","10":"pa_rozmir-914","11":"pa_rozmir-915","12":"pa_rozmir-916","13":"pa_rozmir-917","14":"pa_rozmir-918","15":"pa_rozmir-919","16":"pa_rozmir-920","17":"pa_rozmir-921","18":"pa_rozmir-922","20":"first","21":"instock","22":"purchasable","23":"product-type-variable"},"_links":{"self":[{"href":"https:\/\/nextsnkr.com\/fr\/wp-json\/wp\/v2\/product\/648788","targetHints":{"allow":["GET"]}}],"collection":[{"href":"https:\/\/nextsnkr.com\/fr\/wp-json\/wp\/v2\/product"}],"about":[{"href":"https:\/\/nextsnkr.com\/fr\/wp-json\/wp\/v2\/types\/product"}],"replies":[{"embeddable":true,"href":"https:\/\/nextsnkr.com\/fr\/wp-json\/wp\/v2\/comments?post=648788"}],"version-history":[{"count":0,"href":"https:\/\/nextsnkr.com\/fr\/wp-json\/wp\/v2\/product\/648788\/revisions"}],"wp:featuredmedia":[{"embeddable":true,"href":"https:\/\/nextsnkr.com\/fr\/wp-json\/wp\/v2\/media\/648789"}],"wp:attachment":[{"href":"https:\/\/nextsnkr.com\/fr\/wp-json\/wp\/v2\/media?parent=648788"}],"wp:term":[{"taxonomy":"product_brand","embeddable":true,"href":"https:\/\/nextsnkr.com\/fr\/wp-json\/wp\/v2\/product_brand?post=648788"},{"taxonomy":"product_cat","embeddable":true,"href":"https:\/\/nextsnkr.com\/fr\/wp-json\/wp\/v2\/product_cat?post=648788"},{"taxonomy":"product_tag","embeddable":true,"href":"https:\/\/nextsnkr.com\/fr\/wp-json\/wp\/v2\/product_tag?post=648788"}],"curies":[{"name":"wp","href":"https:\/\/api.w.org\/{rel}","templated":true}]}}