{"id":647940,"date":"2025-06-14T15:19:56","date_gmt":"2025-06-14T12:19:56","guid":{"rendered":"https:\/\/nextsnkr.com\/product\/air-force-1-white-yellow\/"},"modified":"2026-01-31T17:32:34","modified_gmt":"2026-01-31T14:32:34","slug":"air-force-1-white-yellow","status":"publish","type":"product","link":"https:\/\/nextsnkr.com\/fr\/produit\/air-force-1-white-yellow\/","title":{"rendered":"Baskets Air Force 1 White \/ Yellow-baskets \u00e9l\u00e9gantes en cuir"},"content":{"rendered":"<h2>Baskets Air Force 1 White \/ Yellow-baskets \u00e9l\u00e9gantes en cuir<\/h2>\n<p>Les baskets air Force 1 White \/ Yellow sont une interpr\u00e9tation vivante du mod\u00e8le embl\u00e9matique, alliant style et haut niveau de confort. Fabriqu\u00e9s \u00e0 partir de cuir de qualit\u00e9, ils offrent une r\u00e9sistance \u00e0 l&rsquo;usure, un ajustement s\u00fbr et une sensation agr\u00e9able tout en portant. Le contraste entre le blanc et le jaune donne \u00e0 la chaussure une expressivit\u00e9 et la rend id\u00e9ale pour cr\u00e9er des looks urbains tendance. Fabriqu\u00e9s au Vietnam, ces baskets deviendront un choix polyvalent pour un usage quotidien. Choisissez Air Force 1-style, qualit\u00e9 et confort \u00e0 chaque \u00e9tape.<\/p>\n","protected":false},"excerpt":{"rendered":"<p>Les baskets air Force 1 White \/ Yellow sont une interpr\u00e9tation vivante du mod\u00e8le embl\u00e9matique, alliant style et haut niveau de confort. Fabriqu\u00e9s \u00e0 partir de cuir de qualit\u00e9, ils offrent une r\u00e9sistance \u00e0 l&rsquo;usure, un ajustement s\u00fbr et une sensation agr\u00e9able tout en portant. Le contraste entre le blanc et le jaune donne \u00e0 la chaussure une expressivit\u00e9 et la rend id\u00e9ale pour cr\u00e9er des looks urbains tendance. Fabriqu\u00e9s au Vietnam, ces baskets deviendront un choix polyvalent pour un usage quotidien. Choisissez Air Force 1-style, qualit\u00e9 et confort \u00e0 chaque \u00e9tape.<\/p>\n","protected":false},"featured_media":647941,"comment_status":"open","ping_status":"open","template":"","meta":[],"product_brand":[],"product_cat":[3212,3319],"product_tag":[],"class_list":{"0":"post-647940","1":"product","2":"type-product","3":"status-publish","4":"has-post-thumbnail","6":"product_cat-all-product","7":"product_cat-kedy","8":"pa_rozmir-910","9":"pa_rozmir-912","10":"pa_rozmir-914","11":"pa_rozmir-915","12":"pa_rozmir-916","13":"pa_rozmir-917","14":"pa_rozmir-918","15":"pa_rozmir-919","16":"pa_rozmir-920","17":"pa_rozmir-921","18":"pa_rozmir-922","20":"first","21":"onbackorder","22":"purchasable","23":"product-type-variable"},"_links":{"self":[{"href":"https:\/\/nextsnkr.com\/fr\/wp-json\/wp\/v2\/product\/647940","targetHints":{"allow":["GET"]}}],"collection":[{"href":"https:\/\/nextsnkr.com\/fr\/wp-json\/wp\/v2\/product"}],"about":[{"href":"https:\/\/nextsnkr.com\/fr\/wp-json\/wp\/v2\/types\/product"}],"replies":[{"embeddable":true,"href":"https:\/\/nextsnkr.com\/fr\/wp-json\/wp\/v2\/comments?post=647940"}],"version-history":[{"count":0,"href":"https:\/\/nextsnkr.com\/fr\/wp-json\/wp\/v2\/product\/647940\/revisions"}],"wp:featuredmedia":[{"embeddable":true,"href":"https:\/\/nextsnkr.com\/fr\/wp-json\/wp\/v2\/media\/647941"}],"wp:attachment":[{"href":"https:\/\/nextsnkr.com\/fr\/wp-json\/wp\/v2\/media?parent=647940"}],"wp:term":[{"taxonomy":"product_brand","embeddable":true,"href":"https:\/\/nextsnkr.com\/fr\/wp-json\/wp\/v2\/product_brand?post=647940"},{"taxonomy":"product_cat","embeddable":true,"href":"https:\/\/nextsnkr.com\/fr\/wp-json\/wp\/v2\/product_cat?post=647940"},{"taxonomy":"product_tag","embeddable":true,"href":"https:\/\/nextsnkr.com\/fr\/wp-json\/wp\/v2\/product_tag?post=647940"}],"curies":[{"name":"wp","href":"https:\/\/api.w.org\/{rel}","templated":true}]}}